{"id":121900,"date":"2025-01-21T15:44:11","date_gmt":"2025-01-21T14:44:11","guid":{"rendered":"https:\/\/nabytoklaguna.sk\/sk\/?post_type=product&#038;p=121900"},"modified":"2026-02-23T12:24:37","modified_gmt":"2026-02-23T11:24:37","slug":"sara-kozena-rohova-sedacia-suprava","status":"publish","type":"product","link":"https:\/\/nabytoklaguna.sk\/sk\/produkt\/sara-kozena-rohova-sedacia-suprava\/","title":{"rendered":"SARA ko\u017een\u00e1 rohov\u00e1 sedacia s\u00faprava"},"content":{"rendered":"<p><strong>Luxusn\u00e1 ko\u017een\u00e1 sedacia<\/strong>\u00a0s\u00faprava\u00a0<strong>SARA<\/strong>\u00a0sa stane dominantn\u00fdm k\u00faskom n\u00e1bytku vo Va\u0161ej dom\u00e1cnosti. \u010cal\u00fanen\u00e1 je kvalitnou\u00a0<strong>hov\u00e4dzou talianskou ko\u017eou<\/strong>. O pohodln\u00e9 a\u00a0<strong>komfortn\u00e9 sedenie<\/strong> sa postar\u00e1 HR pena v kombin\u00e1cii s pru\u017einou <strong>Faliste<\/strong>. Mo\u017enos\u0165 vyrobi\u0165 nohy z vysokokvalitn\u00e9ho dubu za pr\u00edplatok. Mo\u017enos\u0165 doobjedna\u0165 kreslo.<\/p>\n<p><strong>Rozmery:<\/strong> (\u0160xHxVxV sedu): <strong>280 x 220 x 85 x 46 cm<\/strong><\/p>\n<p>Farebn\u00e9 prevedenie dreva a ko\u017ee sa na z\u00e1klade nastavenia jasu na Va\u0161ej obrazovke m\u00f4\u017ee l\u00ed\u0161i\u0165<\/p>\n","protected":false},"excerpt":{"rendered":"<p>Luxusn\u00e1 ko\u017een\u00e1 sedacia\u00a0s\u00faprava\u00a0SARA\u00a0sa stane dominantn\u00fdm k\u00faskom n\u00e1bytku vo Va\u0161ej dom\u00e1cnosti. \u010cal\u00fanen\u00e1 je kvalitnou\u00a0hov\u00e4dzou talianskou ko\u017eou. O pohodln\u00e9 a\u00a0komfortn\u00e9 sedenie sa postar\u00e1 HR pena v kombin\u00e1cii s pru\u017einou Faliste. Mo\u017enos\u0165 vyrobi\u0165 nohy z vysokokvalitn\u00e9ho dubu za pr\u00edplatok. Mo\u017enos\u0165 doobjedna\u0165 kreslo. Rozmery: (\u0160xHxVxV sedu): 280 x 220 x 85 x 46 cm Farebn\u00e9 prevedenie dreva a ko\u017ee&#8230;<\/p>\n","protected":false},"featured_media":126128,"comment_status":"closed","ping_status":"closed","template":"","meta":{"_seopress_robots_primary_cat":"none","_seopress_titles_title":"","_seopress_titles_desc":"","_seopress_robots_index":""},"product_brand":[],"product_cat":[255,140,214],"product_tag":[],"class_list":{"0":"post-121900","1":"product","2":"type-product","3":"status-publish","4":"has-post-thumbnail","6":"product_cat-rohove-supravy","7":"product_cat-sedacie-supravy","8":"product_cat-kozene-sedacie-supravy","9":"pa_typ-produktu-bez-rozkladu","10":"pa_typ-produktu-s-rozkladom","12":"first","13":"instock","14":"sale","15":"shipping-taxable","16":"purchasable","17":"product-type-variable"},"_links":{"self":[{"href":"https:\/\/nabytoklaguna.sk\/sk\/wp-json\/wp\/v2\/product\/121900","targetHints":{"allow":["GET"]}}],"collection":[{"href":"https:\/\/nabytoklaguna.sk\/sk\/wp-json\/wp\/v2\/product"}],"about":[{"href":"https:\/\/nabytoklaguna.sk\/sk\/wp-json\/wp\/v2\/types\/product"}],"replies":[{"embeddable":true,"href":"https:\/\/nabytoklaguna.sk\/sk\/wp-json\/wp\/v2\/comments?post=121900"}],"wp:featuredmedia":[{"embeddable":true,"href":"https:\/\/nabytoklaguna.sk\/sk\/wp-json\/wp\/v2\/media\/126128"}],"wp:attachment":[{"href":"https:\/\/nabytoklaguna.sk\/sk\/wp-json\/wp\/v2\/media?parent=121900"}],"wp:term":[{"taxonomy":"product_brand","embeddable":true,"href":"https:\/\/nabytoklaguna.sk\/sk\/wp-json\/wp\/v2\/product_brand?post=121900"},{"taxonomy":"product_cat","embeddable":true,"href":"https:\/\/nabytoklaguna.sk\/sk\/wp-json\/wp\/v2\/product_cat?post=121900"},{"taxonomy":"product_tag","embeddable":true,"href":"https:\/\/nabytoklaguna.sk\/sk\/wp-json\/wp\/v2\/product_tag?post=121900"}],"curies":[{"name":"wp","href":"https:\/\/api.w.org\/{rel}","templated":true}]}}