{"id":121936,"date":"2025-01-29T13:43:08","date_gmt":"2025-01-29T12:43:08","guid":{"rendered":"https:\/\/nabytoklaguna.sk\/sk\/?post_type=product&#038;p=121936"},"modified":"2026-04-20T13:13:56","modified_gmt":"2026-04-20T11:13:56","slug":"tk-pony","status":"publish","type":"product","link":"https:\/\/nabytoklaguna.sk\/sk\/produkt\/tk-pony\/","title":{"rendered":"K PONY"},"content":{"rendered":"<p>H\u013ead\u00e1te pohodln\u00e9 sedenie, modern\u00fd dizajn a mno\u017estvo vymo\u017eenost\u00ed a kval\u00edt?\u00a0 Rohov\u00e1 sedacia s\u00faprava <b>PONY ROH<\/b>\u00a0v\u00a0<b>tvare L<\/b> spln\u00ed v\u0161etko dobodky.<strong>C<\/strong><b>elo\u010dal\u00fanen\u00e1<\/b> ja l\u00e1tkou Whisper v sivom\u00a0 a\u00a0 sivohnedom farebnom preveden\u00ed, preto si ju m\u00f4\u017eete pokojne umiestni\u0165 doprostred miestnosti. Je <b>rozkladacia<\/b>\u00a0a dok\u00e1\u017ee poskytn\u00fa\u0165 plnohodnotn\u00fa plochu na\u00a0<b>spanie<\/b>\u00a0s rozmerom\u00a0<b>125&#215;195 cm<\/b>. Za zmienku stoj\u00ed aj\u00a0<b>\u00falo\u017en\u00fd priestor<\/b>\u00a0v otomane, ktor\u00fd rozhodne neostane nevyu\u017eit\u00fd. O stabilitu sa postaraj\u00fa\u00a0<b>\u010dierne kovov\u00e9<\/b>\u00a0no\u017ei\u010dky. Sedacia s\u00faprava\u00a0<b>PONY ROH<\/b>\u00a0je vybaven\u00e1\u00a0<b>polohovac\u00edm z\u00e1hlav\u00edm<\/b>, ktor\u00e9 zabezpe\u010duje pohodln\u00e9 opretie chrbta a hlavy.\u00a0 Po\u0165ahov\u00e1 l\u00e1tka Whisper je ve\u013emi <strong>pr\u00edjemn\u00e1 na dotyk<\/strong>, a jemn\u00fd mramorov\u00fd n\u00e1dych jej dod\u00e1va <strong>luxusn\u00fd vzh\u013ead<\/strong>. Whisper je po\u0165ahov\u00e1 l\u00e1tka, ktor\u00e1 sa vyzna\u010duje extr\u00e9mnou pevnos\u0165ou a <strong>vysokou odolnos\u0165ou<\/strong>. Jej animal friendly prevedenie zaru\u010duje jednoduch\u00fa \u00fadr\u017ebu a v\u0161estrann\u00e9 vyu\u017eitie v dom\u00e1cnosti aj vo verejn\u00fdch priestoroch.<\/p>\n<ul>\n<li><b>Rozmery (\u0160xHxV):<\/b>\u00a0275x205x75\/95 cm<\/li>\n<li><b>Plocha na spanie (\u0160xD):\u00a0<\/b>125&#215;195 cm<\/li>\n<li><b>V\u00fd\u0161ka\u00a0 a h\u013abka sedu: <\/b>43 \/ 58 cm<\/li>\n<li><b>Rozmer sedacej \u010dasti:\u00a0<\/b>140 cm<\/li>\n<li><b>\u0160\u00edrka otomanu:\u00a0<\/b>105 cm<\/li>\n<li><b>Farba no\u017ei\u010diek:\u00a0<\/b>\u010dierna<\/li>\n<\/ul>\n<p>Mo\u017enos\u0165 objednania v 6 farebn\u00fdch prevedeniach l\u00e1tky Whisper v cene: 1389,- Eur.<\/p>\n<p>&nbsp;<\/p>\n","protected":false},"excerpt":{"rendered":"<p>H\u013ead\u00e1te pohodln\u00e9 sedenie, modern\u00fd dizajn a mno\u017estvo vymo\u017eenost\u00ed a kval\u00edt?\u00a0 Rohov\u00e1 sedacia s\u00faprava PONY ROH\u00a0v\u00a0tvare L spln\u00ed v\u0161etko dobodky.Celo\u010dal\u00fanen\u00e1 ja l\u00e1tkou Whisper v sivom\u00a0 a\u00a0 sivohnedom farebnom preveden\u00ed, preto si ju m\u00f4\u017eete pokojne umiestni\u0165 doprostred miestnosti. Je rozkladacia\u00a0a dok\u00e1\u017ee poskytn\u00fa\u0165 plnohodnotn\u00fa plochu na\u00a0spanie\u00a0s rozmerom\u00a0125&#215;195 cm. Za zmienku stoj\u00ed aj\u00a0\u00falo\u017en\u00fd priestor\u00a0v otomane, ktor\u00fd rozhodne neostane nevyu\u017eit\u00fd&#8230;.<\/p>\n","protected":false},"featured_media":121954,"comment_status":"closed","ping_status":"closed","template":"","meta":{"_seopress_robots_primary_cat":"none","_seopress_titles_title":"","_seopress_titles_desc":"","_seopress_robots_index":""},"product_brand":[],"product_cat":[255,140],"product_tag":[],"class_list":{"0":"post-121936","1":"product","2":"type-product","3":"status-publish","4":"has-post-thumbnail","6":"product_cat-rohove-supravy","7":"product_cat-sedacie-supravy","8":"pa_farba-siva","9":"pa_farba-sivohneda","11":"first","12":"instock","13":"shipping-taxable","14":"purchasable","15":"product-type-variable"},"_links":{"self":[{"href":"https:\/\/nabytoklaguna.sk\/sk\/wp-json\/wp\/v2\/product\/121936","targetHints":{"allow":["GET"]}}],"collection":[{"href":"https:\/\/nabytoklaguna.sk\/sk\/wp-json\/wp\/v2\/product"}],"about":[{"href":"https:\/\/nabytoklaguna.sk\/sk\/wp-json\/wp\/v2\/types\/product"}],"replies":[{"embeddable":true,"href":"https:\/\/nabytoklaguna.sk\/sk\/wp-json\/wp\/v2\/comments?post=121936"}],"wp:featuredmedia":[{"embeddable":true,"href":"https:\/\/nabytoklaguna.sk\/sk\/wp-json\/wp\/v2\/media\/121954"}],"wp:attachment":[{"href":"https:\/\/nabytoklaguna.sk\/sk\/wp-json\/wp\/v2\/media?parent=121936"}],"wp:term":[{"taxonomy":"product_brand","embeddable":true,"href":"https:\/\/nabytoklaguna.sk\/sk\/wp-json\/wp\/v2\/product_brand?post=121936"},{"taxonomy":"product_cat","embeddable":true,"href":"https:\/\/nabytoklaguna.sk\/sk\/wp-json\/wp\/v2\/product_cat?post=121936"},{"taxonomy":"product_tag","embeddable":true,"href":"https:\/\/nabytoklaguna.sk\/sk\/wp-json\/wp\/v2\/product_tag?post=121936"}],"curies":[{"name":"wp","href":"https:\/\/api.w.org\/{rel}","templated":true}]}}