{"id":122467,"date":"2025-03-11T15:55:34","date_gmt":"2025-03-11T14:55:34","guid":{"rendered":"https:\/\/nabytoklaguna.sk\/sk\/?post_type=product&#038;p=122467"},"modified":"2025-04-23T12:28:48","modified_gmt":"2025-04-23T10:28:48","slug":"alzur-masiv","status":"publish","type":"product","link":"https:\/\/nabytoklaguna.sk\/sk\/produkt\/alzur-masiv\/","title":{"rendered":"ALZUR MAS\u00cdV"},"content":{"rendered":"<p><strong>Luxusn\u00fd elegantn\u00fd sektorov\u00fd<\/strong>\u00a0 n\u00e1bytok <strong>ALZUR<\/strong>\u00a0je v\u010faka svojmu prec\u00edznemu spracovaniu vhodn\u00fd ako do modern\u00e9ho tak i do tradi\u010dn\u00e9ho interi\u00e9ru. Predn\u00e1 \u010das\u0165 n\u00e1bytku je vyroben\u00e1 z\u00a0<strong>mas\u00edvneho dreva<\/strong>, zadn\u00e1 \u010das\u0165 z dubovej d\u00fdhy, vn\u00fatorn\u00e1 \u010das\u0165 je vyroben\u00e1 z f\u00f3liovan\u00e9ho lamin\u00e1tu, povrch je upraven\u00fd ekologick\u00fdm olejom, \u010do zabezpe\u010duje zdravotn\u00fa nez\u00e1vadnos\u0165 n\u00e1bytku. Sektor sa vyr\u00e1ba v\u00a0<strong>farebnom preveden\u00ed dub karamelov\u00fd.<\/strong>\u00a0 Pou\u017eitie pr\u00edrodn\u00fdch\u00a0 materi\u00e1lov zaru\u010duje kvalitu a odolnos\u0165 n\u00e1bytku. P\u00e1nty a guli\u010dkov\u00e9\u00a0 vedenie v\u00a0 \u0161ufl\u00edkoch\u00a0 je vybaven\u00e9 <strong>syst\u00e9mom pomal\u00e9ho zatv\u00e1rania<\/strong>. Sklo v hr\u00fabke\u00a0 4 a 8 mm je <strong>\u010d\u00edre a tvrden\u00e9<\/strong>.\u00a0 Led osvetlenie je v cene. Sektor je doplnen\u00fd<strong> kovov\u00fdmi \u00fachytkami<\/strong> v \u010diernej farbe. Nohy s\u00fa z mas\u00edveneho dreva v \u010diernej farbe. V\u010faka n\u00e1bytku <b>ALZUR<\/b>\u00a0si jednoducho a r\u00fdchlo zariadite ob\u00fdvaciu izbu \u010di jed\u00e1le\u0148. Pam\u00e4tajte, \u017ee<strong>\u00a0mas\u00edvny a elegantn\u00fd n\u00e1bytok<\/strong>\u00a0je invest\u00edciou na roky.<\/p>\n<p><strong>Rozmery jednotliv\u00fdch komponentov<\/strong><\/p>\n<ul>\n<li>Vitr\u00edna \u013eav\u00e1\u00a0 ALZUR 10 (\u0160xHxV)\u2026.\u2026..60x42x195cm<\/li>\n<li>Vitr\u00edna prav\u00e1\u00a0 ALZUR 11 (\u0160xHxV)\u2026&#8230;.60x42x195cm<\/li>\n<li>Vitr\u00edna\u00a0 ALZUR 12 (\u0160xHxV)\u2026\u2026&#8230;&#8230;.\u2026..95x42x195cm<\/li>\n<li>Vitr\u00edna\u00a0 ALZUR 15 (\u0160xHxV)\u2026\u2026\u2026&#8230;\u2026\u202695x42x125cm<\/li>\n<li>Rtv stol\u00edk ALZUR 25 (\u0160xHxV)\u2026\u2026\u2026 &#8230;180x42x55cm<\/li>\n<li>Komoda ALZUR 45 (\u0160xHxV)\u2026\u2026\u2026.\u2026..136x42x90cm<\/li>\n<li>Komoda ALZUR 47 (\u0160xHxV)\u2026\u2026\u2026.\u2026..180x42x90cm<\/li>\n<li>Konferen. stol\u00edk ALZUR 41 (\u0160xHxV).120x62x49cm<\/li>\n<\/ul>\n<p>&nbsp;<\/p>\n<p>&nbsp;<\/p>\n<p>&nbsp;<\/p>\n<p>&nbsp;<\/p>\n","protected":false},"excerpt":{"rendered":"<p>Luxusn\u00fd elegantn\u00fd sektorov\u00fd\u00a0 n\u00e1bytok ALZUR\u00a0je v\u010faka svojmu prec\u00edznemu spracovaniu vhodn\u00fd ako do modern\u00e9ho tak i do tradi\u010dn\u00e9ho interi\u00e9ru. Predn\u00e1 \u010das\u0165 n\u00e1bytku je vyroben\u00e1 z\u00a0mas\u00edvneho dreva, zadn\u00e1 \u010das\u0165 z dubovej d\u00fdhy, vn\u00fatorn\u00e1 \u010das\u0165 je vyroben\u00e1 z f\u00f3liovan\u00e9ho lamin\u00e1tu, povrch je upraven\u00fd ekologick\u00fdm olejom, \u010do zabezpe\u010duje zdravotn\u00fa nez\u00e1vadnos\u0165 n\u00e1bytku. Sektor sa vyr\u00e1ba v\u00a0farebnom preveden\u00ed dub karamelov\u00fd.\u00a0 Pou\u017eitie&#8230;<\/p>\n","protected":false},"featured_media":122472,"comment_status":"closed","ping_status":"closed","template":"","meta":{"_seopress_robots_primary_cat":"none","_seopress_titles_title":"","_seopress_titles_desc":"","_seopress_robots_index":""},"product_brand":[],"product_cat":[7513,182,183],"product_tag":[],"class_list":{"0":"post-122467","1":"product","2":"type-product","3":"status-publish","4":"has-post-thumbnail","6":"product_cat-obyvacie-steny-masiv","7":"product_cat-obyvacie-steny","8":"product_cat-sektorove-obyvacie-steny","9":"pa_typ-produktu-alzur-10","10":"pa_typ-produktu-alzur-12","11":"pa_typ-produktu-alzur-15","12":"pa_typ-produktu-alzur-25","13":"pa_typ-produktu-alzur-41","14":"pa_typ-produktu-alzur-45","15":"pa_typ-produktu-alzur-47","17":"first","18":"instock","19":"shipping-taxable","20":"purchasable","21":"product-type-variable"},"_links":{"self":[{"href":"https:\/\/nabytoklaguna.sk\/sk\/wp-json\/wp\/v2\/product\/122467","targetHints":{"allow":["GET"]}}],"collection":[{"href":"https:\/\/nabytoklaguna.sk\/sk\/wp-json\/wp\/v2\/product"}],"about":[{"href":"https:\/\/nabytoklaguna.sk\/sk\/wp-json\/wp\/v2\/types\/product"}],"replies":[{"embeddable":true,"href":"https:\/\/nabytoklaguna.sk\/sk\/wp-json\/wp\/v2\/comments?post=122467"}],"wp:featuredmedia":[{"embeddable":true,"href":"https:\/\/nabytoklaguna.sk\/sk\/wp-json\/wp\/v2\/media\/122472"}],"wp:attachment":[{"href":"https:\/\/nabytoklaguna.sk\/sk\/wp-json\/wp\/v2\/media?parent=122467"}],"wp:term":[{"taxonomy":"product_brand","embeddable":true,"href":"https:\/\/nabytoklaguna.sk\/sk\/wp-json\/wp\/v2\/product_brand?post=122467"},{"taxonomy":"product_cat","embeddable":true,"href":"https:\/\/nabytoklaguna.sk\/sk\/wp-json\/wp\/v2\/product_cat?post=122467"},{"taxonomy":"product_tag","embeddable":true,"href":"https:\/\/nabytoklaguna.sk\/sk\/wp-json\/wp\/v2\/product_tag?post=122467"}],"curies":[{"name":"wp","href":"https:\/\/api.w.org\/{rel}","templated":true}]}}