{"id":122624,"date":"2025-03-27T11:11:24","date_gmt":"2025-03-27T10:11:24","guid":{"rendered":"https:\/\/nabytoklaguna.sk\/sk\/?post_type=product&#038;p=122624"},"modified":"2025-03-27T11:24:34","modified_gmt":"2025-03-27T10:24:34","slug":"system-mediolan-2","status":"publish","type":"product","link":"https:\/\/nabytoklaguna.sk\/sk\/produkt\/system-mediolan-2\/","title":{"rendered":"SYST\u00c9M MEDIOLAN"},"content":{"rendered":"<p><strong>Syst\u00e9m MEDIOLAN<\/strong> je elegantn\u00fd a vk\u00fasn\u00fd sekt\u00f3rov\u00fd n\u00e1bytok- je to novinka na trhu. \u013dahko s n\u00edm zariadite ob\u00fdvaciu izbu \u010di sp\u00e1l\u0148u. Je vyroben\u00fd z kvalitn\u00fdch materi\u00e1lov:<strong> mas\u00edv\/DTD laminovan\u00e1<\/strong>.\u010cierne dekorat\u00edvne prvky kr\u00e1sne kontrastuj\u00fa s tepl\u00fdm odtie\u0148om dreva &#8211; natural hikora. <strong>Syst\u00e9m MEDIOLAN<\/strong> m\u00e1<strong> jedine\u010dn\u00fd charakter<\/strong> ktor\u00fd umoc\u0148uje mo\u017enos\u0165<span class=\"Y2IQFc\" lang=\"sk\"> prida\u0165 za pr\u00edplatok<strong> \u010dierne nohy, LED osvetlenie pol\u00edc a kr\u00e1snu vyrez\u00e1van\u00fa dubov\u00fa dosku ako \u010delo z\u00e1suvky.<\/strong> Z\u00e1suvka m\u00f4\u017ee by\u0165 aj osvetlen\u00e1, \u010do vytvor\u00ed zauj\u00edmav\u00fa atmosf\u00e9ru v na\u0161ich interi\u00e9roch. <\/span><strong>Vrchn\u00e9 dosky maj\u00fa hr\u00fabku 32 mm<\/strong>. Ka\u017edy sektor <strong>obsahuje ABS hrany<\/strong>, ktor\u00e9 predl\u017euj\u00fa \u017eivotnos\u0165 tohto n\u00e1bytku. Z\u00e1suvky obsahuj\u00fa syst\u00e9m <strong>PUSH TO CLICK<\/strong>. Syst\u00e9m Mediolan je vyroben\u00fd vo farebnom peveden\u00ed <strong>natural hikora.\u00a0<\/strong><\/p>\n<p><strong>Syst\u00e9m MEDIOLAN ob\u00fdvacia stena obsahuje:<\/strong><\/p>\n<p style=\"text-align: left;\"><strong>Vitr\u00edna M5<\/strong> \u2013 92,2x41x157cm\u00a0 \u00a0 \u00a0 \u00a0 \u00a0 \u00a0 \u00a0 \u00a0 \u00a0 \u00a0 \u00a0 \u00a0 \u00a0 \u00a0 \u00a0 \u00a0 \u00a0 \u00a0 \u00a0 \u00a0 \u00a0 \u00a0 \u00a0 \u00a0 \u00a0 \u00a0 \u00a0 \u00a0 \u00a0 \u00a0 \u00a0 \u00a0 \u00a0 \u00a0 \u00a0 \u00a0 <strong>RTV stol\u00edk M13<\/strong> \u2013 181x41x47,5 cm\u00a0 \u00a0 \u00a0 \u00a0 \u00a0 \u00a0 \u00a0 \u00a0 \u00a0 \u00a0 \u00a0 \u00a0 \u00a0 \u00a0 \u00a0 \u00a0 \u00a0 \u00a0 \u00a0 \u00a0 \u00a0 \u00a0 \u00a0 \u00a0 \u00a0 \u00a0 \u00a0 \u00a0 \u00a0 \u00a0 \u00a0 \u00a0 \u00a0<strong style=\"font-size: 15.008px;\">Polica M11<\/strong><span style=\"font-size: 15.008px;\">\u00a0\u2013 120x18x32 cm<\/span><\/p>\n<p><strong>Mo\u017enos\u0165 dok\u00fapi\u0165 \u010fal\u0161ie komponenty zo syst\u00e9mu MEDIOLAN:<\/strong><\/p>\n<p><strong>Skri\u0148a ve\u0161ikov\u00e1 M19<\/strong>\u00a0\u2013 177,2\u00d758,5x221cm<br \/>\n<strong>Skri\u0148a ve\u0161iakov\u00e1 M1<\/strong>\u00a0\u2013 92,2\u00d758,5\u00d7197 cm<br \/>\n<strong>Skri\u0148a rohov\u00e1 univerz\u00e1lna M14<\/strong>\u00a0\u2013 85\/102,5\u00d758,5\/41\u00d7197 cm<br \/>\n<strong>Vitr\u00edna M3<\/strong>\u00a0\u2013 92,2x41x197 cm<br \/>\n<strong>Vitr\u00edna M4<\/strong>\u00a0\u2013 49,5x41x197 cm<br \/>\n<strong>Skri\u0148a ve\u0161iakov\u00e1 M2<\/strong>\u00a0\u2013 49,5\u00d758,5\u00d7197 cm<br \/>\n<strong>Vitr\u00edna M5<\/strong>\u00a0\u2013 92,2x41x157cm<br \/>\n<strong>Komoda M6<\/strong>\u00a0\u2013 92,2x41x120cm<br \/>\n<strong>Komoda M8<\/strong>\u00a0\u2013 177,2x41x101 cm<br \/>\n<strong>Komoda M7<\/strong>\u00a0\u2013 135x41x101 cm<br \/>\n<strong>Rohov\u00e1 komda M15\u00a0<\/strong>\u2013 127,5\/85x41x101 cm. Mo\u017enos\u0165 objedna\u0165 v opa\u010dnom preveden\u00ed<br \/>\n<strong>RTV stol\u00edk M12<\/strong>\u00a0\u2013 139x41x47,5 cm<br \/>\n<strong>RTV stol\u00edk M13<\/strong>\u00a0\u2013 181x41x47,5 cm<br \/>\n<strong>Konferen\u010dn\u00fd stol\u00edk M18\u00a0<\/strong>-120x65x57cm<br \/>\n<strong>Konferen\u010dn\u00fd stol\u00edk M17<\/strong>\u00a0\u2013 65x65x57 cm<br \/>\n<strong>Polica M11<\/strong>\u00a0\u2013 120x18x32 cm<br \/>\n<strong>Zrkadlo M10<\/strong>\u00a0\u2013 115x70cm<br \/>\n<strong>Poste\u013e 160 M9<\/strong>\u00a0\u2013 167,3x207x40cm. plocha na spanie 160\u00d7200. Poste\u013e je dod\u00e1van\u00e1 s ro\u0161tom bez matraca<br \/>\n<strong>No\u010dn\u00fd stol\u00edk M16<\/strong>\u00a0\u2013 40x41x41cm<\/p>\n","protected":false},"excerpt":{"rendered":"<p>Syst\u00e9m MEDIOLAN je elegantn\u00fd a vk\u00fasn\u00fd sekt\u00f3rov\u00fd n\u00e1bytok- je to novinka na trhu. \u013dahko s n\u00edm zariadite ob\u00fdvaciu izbu \u010di sp\u00e1l\u0148u. Je vyroben\u00fd z kvalitn\u00fdch materi\u00e1lov: mas\u00edv\/DTD laminovan\u00e1.\u010cierne dekorat\u00edvne prvky kr\u00e1sne kontrastuj\u00fa s tepl\u00fdm odtie\u0148om dreva &#8211; natural hikora. Syst\u00e9m MEDIOLAN m\u00e1 jedine\u010dn\u00fd charakter ktor\u00fd umoc\u0148uje mo\u017enos\u0165 prida\u0165 za pr\u00edplatok \u010dierne nohy, LED osvetlenie pol\u00edc&#8230;<\/p>\n","protected":false},"featured_media":118522,"comment_status":"closed","ping_status":"closed","template":"","meta":{"_seopress_robots_primary_cat":"182","_seopress_titles_title":"","_seopress_titles_desc":"","_seopress_robots_index":""},"product_brand":[],"product_cat":[182,251],"product_tag":[],"class_list":{"0":"post-122624","1":"product","2":"type-product","3":"status-publish","4":"has-post-thumbnail","6":"product_cat-obyvacie-steny","7":"product_cat-steny","8":"pa_style-natural-hikora","9":"pa_style-natural-hikoradrevo","11":"first","12":"onbackorder","13":"sale","14":"shipping-taxable","15":"purchasable","16":"product-type-simple"},"_links":{"self":[{"href":"https:\/\/nabytoklaguna.sk\/sk\/wp-json\/wp\/v2\/product\/122624","targetHints":{"allow":["GET"]}}],"collection":[{"href":"https:\/\/nabytoklaguna.sk\/sk\/wp-json\/wp\/v2\/product"}],"about":[{"href":"https:\/\/nabytoklaguna.sk\/sk\/wp-json\/wp\/v2\/types\/product"}],"replies":[{"embeddable":true,"href":"https:\/\/nabytoklaguna.sk\/sk\/wp-json\/wp\/v2\/comments?post=122624"}],"wp:featuredmedia":[{"embeddable":true,"href":"https:\/\/nabytoklaguna.sk\/sk\/wp-json\/wp\/v2\/media\/118522"}],"wp:attachment":[{"href":"https:\/\/nabytoklaguna.sk\/sk\/wp-json\/wp\/v2\/media?parent=122624"}],"wp:term":[{"taxonomy":"product_brand","embeddable":true,"href":"https:\/\/nabytoklaguna.sk\/sk\/wp-json\/wp\/v2\/product_brand?post=122624"},{"taxonomy":"product_cat","embeddable":true,"href":"https:\/\/nabytoklaguna.sk\/sk\/wp-json\/wp\/v2\/product_cat?post=122624"},{"taxonomy":"product_tag","embeddable":true,"href":"https:\/\/nabytoklaguna.sk\/sk\/wp-json\/wp\/v2\/product_tag?post=122624"}],"curies":[{"name":"wp","href":"https:\/\/api.w.org\/{rel}","templated":true}]}}