{"id":122674,"date":"2025-04-01T14:51:06","date_gmt":"2025-04-01T12:51:06","guid":{"rendered":"https:\/\/nabytoklaguna.sk\/sk\/?post_type=product&#038;p=122674"},"modified":"2026-02-23T12:09:37","modified_gmt":"2026-02-23T11:09:37","slug":"reglainer-kozena-sedacia-suprava","status":"publish","type":"product","link":"https:\/\/nabytoklaguna.sk\/sk\/produkt\/reglainer-kozena-sedacia-suprava\/","title":{"rendered":"REGLAINER Ko\u017een\u00e1 sedacia s\u00faprava"},"content":{"rendered":"<p><strong>Luxusn\u00e1 ko\u017een\u00e1<\/strong> sedacia s\u00faprava\u00a0<strong>REGLAINER<\/strong>\u00a0 u\u017e na prv\u00fd poh\u013ead p\u00f4sob\u00ed ve\u013emi <strong>elegantne<\/strong>. Ur\u010dite sa stane ob\u013e\u00fabenou medzi milovn\u00edkmi klasick\u00e9ho \u0161t\u00fdlu. \u010cal\u00fanen\u00e1 je kvalitnou <strong>talianskou hov\u00e4dzou ko\u017eou.<\/strong> Sedenie tvoria pru\u017einy BONELL, ktor\u00e9 zaru\u010duj\u00fa dlhodobo\u00a0<strong>pru\u017en\u00e9 sedenie<\/strong>. Nohy s\u00fa z <strong>vysokokvalitn\u00e9ho dubu.<\/strong> Zobrazen\u00e1 zostava pozost\u00e1va z 3-sedu bez funkcie rozkladu, 2- sedu a kresla. Mo\u017enos\u0165 objednania 3- sedu s rozkladom za pr\u00edplatok. Tieto zostavy maj\u00fa navy\u0161e nesporn\u00fa v\u00fdhodu v tom, \u017ee umiestnenie jednotliv\u00fdch kusov v ob\u00fdva\u010dke mo\u017eno <strong>\u013eubovo\u013ene meni\u0165<\/strong>, a tak razom zmen\u00edte aj\u00a0<strong>charakter miestnosti<\/strong>.<\/p>\n<p><strong>Rozmer trojsedu:<\/strong><\/p>\n<p><strong>\u0160\u00edrka:\u00a0<\/strong>210 cm<\/p>\n<p><strong>V\u00fd\u0161ka:\u00a0<\/strong>100 cm<\/p>\n<p><strong>H\u013abka:<\/strong> 98 cm<\/p>\n<p><strong>Spacia plocha:\u00a0<\/strong>138\u00d7175 cm<\/p>\n<p>&nbsp;<\/p>\n<p><strong>Rozmer dvojsedu:<\/strong><\/p>\n<p><strong>\u0160\u00edrka:\u00a0<\/strong>158 cm<\/p>\n<p><strong>V\u00fd\u0161ka:\u00a0<\/strong>100 cm<\/p>\n<p><strong>H\u013abka: <\/strong>98 cm<\/p>\n<p>&nbsp;<\/p>\n<p><strong>Rozmer kresla:<\/strong><\/p>\n<p><strong>\u0160\u00edrka:\u00a0<\/strong>100 cm<\/p>\n<p><strong>V\u00fd\u0161ka:\u00a0<\/strong>100 cm<\/p>\n<p><strong>H\u013abka: <\/strong>98\u00a0cm<\/p>\n<ul>\n<li>Farebn\u00e9 prevedenie dreva a ko\u017ee sa na z\u00e1klade nastavenia jasu na Va\u0161ej obrazovke m\u00f4\u017ee l\u00ed\u0161i\u0165<\/li>\n<\/ul>\n","protected":false},"excerpt":{"rendered":"<p>Luxusn\u00e1 ko\u017een\u00e1 sedacia s\u00faprava\u00a0REGLAINER\u00a0 u\u017e na prv\u00fd poh\u013ead p\u00f4sob\u00ed ve\u013emi elegantne. Ur\u010dite sa stane ob\u013e\u00fabenou medzi milovn\u00edkmi klasick\u00e9ho \u0161t\u00fdlu. \u010cal\u00fanen\u00e1 je kvalitnou talianskou hov\u00e4dzou ko\u017eou. Sedenie tvoria pru\u017einy BONELL, ktor\u00e9 zaru\u010duj\u00fa dlhodobo\u00a0pru\u017en\u00e9 sedenie. Nohy s\u00fa z vysokokvalitn\u00e9ho dubu. Zobrazen\u00e1 zostava pozost\u00e1va z 3-sedu bez funkcie rozkladu, 2- sedu a kresla. Mo\u017enos\u0165 objednania 3- sedu s&#8230;<\/p>\n","protected":false},"featured_media":126125,"comment_status":"closed","ping_status":"closed","template":"","meta":{"_seopress_robots_primary_cat":"none","_seopress_titles_title":"","_seopress_titles_desc":"","_seopress_robots_index":""},"product_brand":[],"product_cat":[140,214],"product_tag":[],"class_list":{"0":"post-122674","1":"product","2":"type-product","3":"status-publish","4":"has-post-thumbnail","6":"product_cat-sedacie-supravy","7":"product_cat-kozene-sedacie-supravy","8":"pa_typ-produktu-7371","9":"pa_typ-produktu-2-sed","10":"pa_typ-produktu-3-sed-bez-rozkladu","11":"pa_typ-produktu-3-sed-s-rozkladom","12":"pa_typ-produktu-kreslo-bez-funkcie","13":"pa_typ-produktu-kreslo-s-funkciou-relax","15":"first","16":"instock","17":"shipping-taxable","18":"purchasable","19":"product-type-variable"},"_links":{"self":[{"href":"https:\/\/nabytoklaguna.sk\/sk\/wp-json\/wp\/v2\/product\/122674","targetHints":{"allow":["GET"]}}],"collection":[{"href":"https:\/\/nabytoklaguna.sk\/sk\/wp-json\/wp\/v2\/product"}],"about":[{"href":"https:\/\/nabytoklaguna.sk\/sk\/wp-json\/wp\/v2\/types\/product"}],"replies":[{"embeddable":true,"href":"https:\/\/nabytoklaguna.sk\/sk\/wp-json\/wp\/v2\/comments?post=122674"}],"wp:featuredmedia":[{"embeddable":true,"href":"https:\/\/nabytoklaguna.sk\/sk\/wp-json\/wp\/v2\/media\/126125"}],"wp:attachment":[{"href":"https:\/\/nabytoklaguna.sk\/sk\/wp-json\/wp\/v2\/media?parent=122674"}],"wp:term":[{"taxonomy":"product_brand","embeddable":true,"href":"https:\/\/nabytoklaguna.sk\/sk\/wp-json\/wp\/v2\/product_brand?post=122674"},{"taxonomy":"product_cat","embeddable":true,"href":"https:\/\/nabytoklaguna.sk\/sk\/wp-json\/wp\/v2\/product_cat?post=122674"},{"taxonomy":"product_tag","embeddable":true,"href":"https:\/\/nabytoklaguna.sk\/sk\/wp-json\/wp\/v2\/product_tag?post=122674"}],"curies":[{"name":"wp","href":"https:\/\/api.w.org\/{rel}","templated":true}]}}