{"id":122719,"date":"2025-04-04T16:59:37","date_gmt":"2025-04-04T14:59:37","guid":{"rendered":"https:\/\/nabytoklaguna.sk\/sk\/?post_type=product&#038;p=122719"},"modified":"2026-04-01T03:59:02","modified_gmt":"2026-04-01T01:59:02","slug":"dch-y1143","status":"publish","type":"product","link":"https:\/\/nabytoklaguna.sk\/sk\/produkt\/dch-y1143\/","title":{"rendered":"DCH-Y1143"},"content":{"rendered":"<p>Predstavujeme jed\u00e1lensk\u00fa stoli\u010dku, v ktorej sa industri\u00e1lny \u0161t\u00fdl sn\u00fabi s jedine\u010dnou v\u0161estrannos\u0165ou. T\u00e1to stoli\u010dka, majstrovsky vyroben\u00e1 s elegantn\u00fdm sed\u00e1kom z hladkej l\u00e1tky v elegantnom<strong> \u0161edom a lan\u00fd\u017eovom dekore vintage ko\u017ee<\/strong>, \u010falej v <strong>modrom, zelenom<\/strong>\u00a0 steles\u0148uje jedine\u010dn\u00fa kombin\u00e1ciu robustnosti a sofistikovanosti.\u00a0 Sed\u00e1k s pru\u017einov\u00fdmi vlnovcami pre lep\u0161ie sedenie a dvojit\u00e9 operadlo zais\u0165uj\u00fa to\u013eko \u017eiadan\u00e9 pohodlie a komfort. Pevn\u00e9 podr\u00fa\u010dky zase umo\u017e\u0148uj\u00fa pr\u00edjemn\u00fa oporu.\u00a0 \u00a0Jej minimalistick\u00fd dizajn zais\u0165uje kompatibilitu v \u0161irokej \u0161k\u00e1le interi\u00e9rov, tak\u017ee sa skvele hod\u00ed do firemn\u00e9ho prostredia aj dom\u00e1cich jed\u00e1ln\u00ed.<\/p>\n<p>Na rozdiel od ostatn\u00fdch jed\u00e1lensk\u00fdch stoli\u010diek tohto typu m\u00e1 DCH-Y1143 <strong>oto\u010dn\u00fd mechanizmus<\/strong> o P90\u00b0, L90\u00b0 s vratnou funkciou pre viac flexibility. Tieto<strong>\u00a0kovov\u00e9 nohy<\/strong>, ktor\u00e9 dod\u00e1vaj\u00fa industri\u00e1lnemu charakteru stoli\u010dky n\u00e1dych rafinovanosti, nielen esteticky pozdvihn\u00fa V\u00e1\u0161 priestor, ale taktie\u017e zaistia trval\u00fa pevnos\u0165 a stabilitu. Nosnos\u0165 120 kg.<\/p>\n<p><strong>Rozmery:\u00a0\u00a0<\/strong>58 x 60 x\u00a0 97cm x 50 cm<\/p>\n<p>Dod\u00e1van\u00e9 v demonte<\/p>\n","protected":false},"excerpt":{"rendered":"<p>Predstavujeme jed\u00e1lensk\u00fa stoli\u010dku, v ktorej sa industri\u00e1lny \u0161t\u00fdl sn\u00fabi s jedine\u010dnou v\u0161estrannos\u0165ou. T\u00e1to stoli\u010dka, majstrovsky vyroben\u00e1 s elegantn\u00fdm sed\u00e1kom z hladkej l\u00e1tky v elegantnom \u0161edom a lan\u00fd\u017eovom dekore vintage ko\u017ee, \u010falej v modrom, zelenom\u00a0 steles\u0148uje jedine\u010dn\u00fa kombin\u00e1ciu robustnosti a sofistikovanosti.\u00a0 Sed\u00e1k s pru\u017einov\u00fdmi vlnovcami pre lep\u0161ie sedenie a dvojit\u00e9 operadlo zais\u0165uj\u00fa to\u013eko \u017eiadan\u00e9 pohodlie a&#8230;<\/p>\n","protected":false},"featured_media":122726,"comment_status":"closed","ping_status":"closed","template":"","meta":{"_seopress_robots_primary_cat":"none","_seopress_titles_title":"","_seopress_titles_desc":"","_seopress_robots_index":""},"product_brand":[],"product_cat":[4721,239,237],"product_tag":[],"class_list":{"0":"post-122719","1":"product","2":"type-product","3":"status-publish","4":"has-post-thumbnail","6":"product_cat-jedalenske-stolicky","7":"product_cat-kovove-stolicky","8":"product_cat-stolicky","9":"pa_farba-blue","10":"pa_farba-grey2","11":"pa_farba-grn","12":"pa_farba-bg2","14":"first","15":"instock","16":"shipping-taxable","17":"purchasable","18":"product-type-variable"},"_links":{"self":[{"href":"https:\/\/nabytoklaguna.sk\/sk\/wp-json\/wp\/v2\/product\/122719","targetHints":{"allow":["GET"]}}],"collection":[{"href":"https:\/\/nabytoklaguna.sk\/sk\/wp-json\/wp\/v2\/product"}],"about":[{"href":"https:\/\/nabytoklaguna.sk\/sk\/wp-json\/wp\/v2\/types\/product"}],"replies":[{"embeddable":true,"href":"https:\/\/nabytoklaguna.sk\/sk\/wp-json\/wp\/v2\/comments?post=122719"}],"wp:featuredmedia":[{"embeddable":true,"href":"https:\/\/nabytoklaguna.sk\/sk\/wp-json\/wp\/v2\/media\/122726"}],"wp:attachment":[{"href":"https:\/\/nabytoklaguna.sk\/sk\/wp-json\/wp\/v2\/media?parent=122719"}],"wp:term":[{"taxonomy":"product_brand","embeddable":true,"href":"https:\/\/nabytoklaguna.sk\/sk\/wp-json\/wp\/v2\/product_brand?post=122719"},{"taxonomy":"product_cat","embeddable":true,"href":"https:\/\/nabytoklaguna.sk\/sk\/wp-json\/wp\/v2\/product_cat?post=122719"},{"taxonomy":"product_tag","embeddable":true,"href":"https:\/\/nabytoklaguna.sk\/sk\/wp-json\/wp\/v2\/product_tag?post=122719"}],"curies":[{"name":"wp","href":"https:\/\/api.w.org\/{rel}","templated":true}]}}