{"id":122863,"date":"2025-04-17T11:29:51","date_gmt":"2025-04-17T09:29:51","guid":{"rendered":"https:\/\/nabytoklaguna.sk\/sk\/?post_type=product&#038;p=122863"},"modified":"2026-02-05T11:42:11","modified_gmt":"2026-02-05T10:42:11","slug":"roma-3n21-s42-kozena-sedacia-suprava-d3","status":"publish","type":"product","link":"https:\/\/nabytoklaguna.sk\/sk\/produkt\/roma-3n21-s42-kozena-sedacia-suprava-d3\/","title":{"rendered":"ROMA 3N+2+1 S42 ko\u017een\u00e1 sedacia s\u00faprava D3"},"content":{"rendered":"<p>Ak m\u00e1te radi klasiku tak tu ste spr\u00e1vne. <strong>ROMA<\/strong> V\u00e1m prin\u00e1\u0161a klasiku vo forme 3-sedu, dvoch kresiel. \u010cal\u00fanenie je <strong>z kvalitnej talianskej hov\u00e4dzej ko\u017ee<\/strong>. V kon\u0161trukci\u00ed sed\u00e1ku s\u00fa pou\u017eit\u00e9 pru\u017einy Bonellov\u00e9ho typu, ktor\u00e9 zabezpe\u010duj\u00fa <strong>kvalitn\u00e9 a dlhodobo pru\u017en\u00e9 sedenie.<\/strong> Nohy s\u00fa vyroben\u00e9<strong> z mas\u00edvneho dreva<\/strong> a dod\u00e1vaj\u00fa honosnos\u0165. Zobrazen\u00e1 zostava 3N+2+1 obsahuje: 3-sed bez rozkladu, 2-sed a kreslo v preveden\u00ed ko\u017ee S42 a dreva D3.<\/p>\n<p>Mo\u017enos\u0165 objednania 3-sedu s rozkladom.<\/p>\n<p>Rozmery 3-sedu<\/p>\n<p>\u0160\u00edrka: 195 cm<br \/>\nH\u013abka: 93 cm<br \/>\nV\u00fd\u0161ka: 95 cm<\/p>\n<p>Rozmery 2-sedu<\/p>\n<p>\u0160\u00edrka: 140 cm<br \/>\nH\u013abka: 93 cm<br \/>\nV\u00fd\u0161ka: 95 cm<\/p>\n<p>Rozmery kresla<\/p>\n<p>\u0160\u00edrka: 95 cm<br \/>\nH\u013abka: 93 cm<br \/>\nV\u00fd\u0161ka: 95 cm<\/p>\n<ul>\n<li>Farebn\u00e9 prevedenie dreva a ko\u017ee sa na z\u00e1klade nastavenia jasu na Va\u0161ej obrazovke m\u00f4\u017ee l\u00ed\u0161i\u0165<\/li>\n<\/ul>\n","protected":false},"excerpt":{"rendered":"<p>Ak m\u00e1te radi klasiku tak tu ste spr\u00e1vne. ROMA V\u00e1m prin\u00e1\u0161a klasiku vo forme 3-sedu, dvoch kresiel. \u010cal\u00fanenie je z kvalitnej talianskej hov\u00e4dzej ko\u017ee. V kon\u0161trukci\u00ed sed\u00e1ku s\u00fa pou\u017eit\u00e9 pru\u017einy Bonellov\u00e9ho typu, ktor\u00e9 zabezpe\u010duj\u00fa kvalitn\u00e9 a dlhodobo pru\u017en\u00e9 sedenie. Nohy s\u00fa vyroben\u00e9 z mas\u00edvneho dreva a dod\u00e1vaj\u00fa honosnos\u0165. Zobrazen\u00e1 zostava 3N+2+1 obsahuje: 3-sed bez rozkladu,&#8230;<\/p>\n","protected":false},"featured_media":122854,"comment_status":"closed","ping_status":"closed","template":"","meta":{"_seopress_robots_primary_cat":"none","_seopress_titles_title":"","_seopress_titles_desc":"","_seopress_robots_index":""},"product_brand":[],"product_cat":[140,214],"product_tag":[],"class_list":{"0":"post-122863","1":"product","2":"type-product","3":"status-publish","4":"has-post-thumbnail","6":"product_cat-sedacie-supravy","7":"product_cat-kozene-sedacie-supravy","9":"first","10":"instock","11":"sale","12":"shipping-taxable","13":"purchasable","14":"product-type-simple"},"_links":{"self":[{"href":"https:\/\/nabytoklaguna.sk\/sk\/wp-json\/wp\/v2\/product\/122863","targetHints":{"allow":["GET"]}}],"collection":[{"href":"https:\/\/nabytoklaguna.sk\/sk\/wp-json\/wp\/v2\/product"}],"about":[{"href":"https:\/\/nabytoklaguna.sk\/sk\/wp-json\/wp\/v2\/types\/product"}],"replies":[{"embeddable":true,"href":"https:\/\/nabytoklaguna.sk\/sk\/wp-json\/wp\/v2\/comments?post=122863"}],"wp:featuredmedia":[{"embeddable":true,"href":"https:\/\/nabytoklaguna.sk\/sk\/wp-json\/wp\/v2\/media\/122854"}],"wp:attachment":[{"href":"https:\/\/nabytoklaguna.sk\/sk\/wp-json\/wp\/v2\/media?parent=122863"}],"wp:term":[{"taxonomy":"product_brand","embeddable":true,"href":"https:\/\/nabytoklaguna.sk\/sk\/wp-json\/wp\/v2\/product_brand?post=122863"},{"taxonomy":"product_cat","embeddable":true,"href":"https:\/\/nabytoklaguna.sk\/sk\/wp-json\/wp\/v2\/product_cat?post=122863"},{"taxonomy":"product_tag","embeddable":true,"href":"https:\/\/nabytoklaguna.sk\/sk\/wp-json\/wp\/v2\/product_tag?post=122863"}],"curies":[{"name":"wp","href":"https:\/\/api.w.org\/{rel}","templated":true}]}}