{"id":122920,"date":"2025-04-22T12:04:33","date_gmt":"2025-04-22T10:04:33","guid":{"rendered":"https:\/\/nabytoklaguna.sk\/sk\/?post_type=product&#038;p=122920"},"modified":"2025-04-22T12:17:41","modified_gmt":"2025-04-22T10:17:41","slug":"ner-clearing","status":"publish","type":"product","link":"https:\/\/nabytoklaguna.sk\/sk\/produkt\/ner-clearing\/","title":{"rendered":"NER CLEARING"},"content":{"rendered":"<p><strong>Modern\u00fd sektorov\u00fd n\u00e1bytok CLEARING\u00a0<\/strong>\u00a0 pozost\u00e1va z jednotliv\u00fdch dielov n\u00e1bytku tejto modelovej rady, ktor\u00e9 je mo\u017en\u00e9 medzi sebou \u013eubovolne vysklada\u0165 a vytvori\u0165 si zostavu pod\u013ea svojich predst\u00e1v.\u00a0 T\u00e1to\u00a0sektorov\u00e1 ob\u00fdvacia stena<strong>\u00a0CLEARING<\/strong>\u00a0 je v\u00a0<strong>bielom preveden\u00ed.<\/strong>\u00a0 V\u00fdborn\u00fd dizajn, kvalitn\u00e9 prevedenie.<strong>\u00a0\u00a0<\/strong>Materi\u00e1l, korpusy\u00a0<strong>certifikovan\u00e1 laminovan\u00e1 drevotrieska<\/strong>, dvere\u00a0<strong>vysoko kvalitn\u00e1 f\u00f3lia na MDF.\u00a0 \u00a0<\/strong><\/p>\n<p>Mo\u017enos\u0165 v\u00fdberu\u00a0<strong>\u00a0kovov\u00fdch no\u017ei\u010diek\u00a0<\/strong>\u00a0alebo<strong>\u00a0r\u00e1movej z\u00e1kladne :\u00a0 \u00a0V\u00a0<\/strong><strong>\u010diernom\u00a0<\/strong>\u00a0alebo<strong>\u00a0v zlatom preveden\u00ed.<\/strong><\/p>\n<p><strong>Ob\u00fdvacia stena pozost\u00e1va z komponentov r\u00e1movej z\u00e1kladne:<\/strong><\/p>\n<ul>\n<li>01 \u2013 komoda\u00a0 \u00a0 \u00a0 \u00a0 \u00a0 \u2013\u00a0 Rozmery: \u0161xhxv: 100x37x120 cm<\/li>\n<li>04 \u2013 tv stol\u00edk\u00a0 \u00a0 \u00a0 \u00a0 \u00a0 \u00a0\u2013\u00a0 Rozmery: \u0161xhxv: 170x37x50 cm<\/li>\n<\/ul>\n<p><strong>Z jednotliv\u00fdch komponentov si m\u00f4\u017eete vysklada\u0165 ob\u00fdvaciu stenu pod\u013ea Va\u0161ich predst\u00e1v:<\/strong><\/p>\n<ul>\n<li>02 \u2013 komoda\u00a0 \u00a0 \u00a0 \u00a0 \u00a0 \u2013\u00a0 Rozmery: \u0161xhxv: 170x37x77 cm<\/li>\n<li>03 \u2013 komoda\u00a0 \u00a0 \u00a0 \u00a0 \u00a0 \u2013\u00a0 Rozmery: \u0161xhxv: 114x37x77 cm<\/li>\n<li>05 \u2013 no\u010dn\u00fd stol\u00edk\u00a0 \u00a0 \u2013\u00a0 Rozmery: \u0161xhxv:\u00a0 \u00a050x34x53 cm<\/li>\n<li>06 \u2013 toaletn\u00fd stol\u00edk \u2013\u00a0 Rozmery: \u0161xhxv:\u00a0 \u00a092x40x78 cm<\/li>\n<li>07 \u2013 tv stol\u00edk\u00a0 \u00a0 \u00a0 \u00a0 \u00a0 \u00a0\u2013\u00a0 Rozmery: \u0161xhxv: 170x37x32 cm<\/li>\n<\/ul>\n","protected":false},"excerpt":{"rendered":"<p>Modern\u00fd sektorov\u00fd n\u00e1bytok CLEARING\u00a0\u00a0 pozost\u00e1va z jednotliv\u00fdch dielov n\u00e1bytku tejto modelovej rady, ktor\u00e9 je mo\u017en\u00e9 medzi sebou \u013eubovolne vysklada\u0165 a vytvori\u0165 si zostavu pod\u013ea svojich predst\u00e1v.\u00a0 T\u00e1to\u00a0sektorov\u00e1 ob\u00fdvacia stena\u00a0CLEARING\u00a0 je v\u00a0bielom preveden\u00ed.\u00a0 V\u00fdborn\u00fd dizajn, kvalitn\u00e9 prevedenie.\u00a0\u00a0Materi\u00e1l, korpusy\u00a0certifikovan\u00e1 laminovan\u00e1 drevotrieska, dvere\u00a0vysoko kvalitn\u00e1 f\u00f3lia na MDF.\u00a0 \u00a0 Mo\u017enos\u0165 v\u00fdberu\u00a0\u00a0kovov\u00fdch no\u017ei\u010diek\u00a0\u00a0alebo\u00a0r\u00e1movej z\u00e1kladne :\u00a0 \u00a0V\u00a0\u010diernom\u00a0\u00a0alebo\u00a0v zlatom preveden\u00ed. Ob\u00fdvacia stena&#8230;<\/p>\n","protected":false},"featured_media":122127,"comment_status":"closed","ping_status":"closed","template":"","meta":{"_seopress_robots_primary_cat":"none","_seopress_titles_title":"","_seopress_titles_desc":"","_seopress_robots_index":""},"product_brand":[],"product_cat":[182,251],"product_tag":[],"class_list":{"0":"post-122920","1":"product","2":"type-product","3":"status-publish","4":"has-post-thumbnail","6":"product_cat-obyvacie-steny","7":"product_cat-steny","9":"first","10":"instock","11":"shipping-taxable","12":"purchasable","13":"product-type-simple"},"_links":{"self":[{"href":"https:\/\/nabytoklaguna.sk\/sk\/wp-json\/wp\/v2\/product\/122920","targetHints":{"allow":["GET"]}}],"collection":[{"href":"https:\/\/nabytoklaguna.sk\/sk\/wp-json\/wp\/v2\/product"}],"about":[{"href":"https:\/\/nabytoklaguna.sk\/sk\/wp-json\/wp\/v2\/types\/product"}],"replies":[{"embeddable":true,"href":"https:\/\/nabytoklaguna.sk\/sk\/wp-json\/wp\/v2\/comments?post=122920"}],"wp:featuredmedia":[{"embeddable":true,"href":"https:\/\/nabytoklaguna.sk\/sk\/wp-json\/wp\/v2\/media\/122127"}],"wp:attachment":[{"href":"https:\/\/nabytoklaguna.sk\/sk\/wp-json\/wp\/v2\/media?parent=122920"}],"wp:term":[{"taxonomy":"product_brand","embeddable":true,"href":"https:\/\/nabytoklaguna.sk\/sk\/wp-json\/wp\/v2\/product_brand?post=122920"},{"taxonomy":"product_cat","embeddable":true,"href":"https:\/\/nabytoklaguna.sk\/sk\/wp-json\/wp\/v2\/product_cat?post=122920"},{"taxonomy":"product_tag","embeddable":true,"href":"https:\/\/nabytoklaguna.sk\/sk\/wp-json\/wp\/v2\/product_tag?post=122920"}],"curies":[{"name":"wp","href":"https:\/\/api.w.org\/{rel}","templated":true}]}}