{"id":122930,"date":"2025-04-22T13:49:44","date_gmt":"2025-04-22T11:49:44","guid":{"rendered":"https:\/\/nabytoklaguna.sk\/sk\/?post_type=product&#038;p=122930"},"modified":"2025-04-22T13:50:21","modified_gmt":"2025-04-22T11:50:21","slug":"ner-forest","status":"publish","type":"product","link":"https:\/\/nabytoklaguna.sk\/sk\/produkt\/ner-forest\/","title":{"rendered":"NER FOREST"},"content":{"rendered":"<p>Modern\u00e1 zostava\u00a0<strong>FOREST\u00a0<\/strong>v\u00a0<strong>zelenej farbe<\/strong>\u00a0prid\u00e1 do exteri\u00e9ru<strong>\u00a0osvie\u017euj\u00faci a\u00a0 \u0161t\u00fdlov\u00fd vzh\u013ead<\/strong>\u00a0a zlat\u00e9 nohy dod\u00e1vaj\u00fa kolekcii ten spr\u00e1vny \u0161mrnc.\u00a0Jednoduch\u00e9 tvary, kvalitn\u00e9 materi\u00e1ly a<b>\u00a0vy\u0161\u0161ie zlat\u00e9 nohy\u00a0<\/b>zaujm\u00fa u\u017e pri vstupe do ob\u00fdva\u010dky.\u00a0\u00a0Pri ka\u017edodennom pou\u017e\u00edvan\u00ed ocen\u00edte\u00a0<strong>\u00a0ABS hrany.<\/strong>\u00a0 Doprajte si \u00fatuln\u00fd priestor v\u010faka\u00a0<strong>elegantne spracovanej<\/strong>\u00a0<strong>kolekcii FOREST<\/strong>\u00a0aj vy.\u00a0 Ob\u00fdvacia stena je vyroben\u00e1 z\u00a0<strong>kvalitnej DTD\u00a0 laminovanej dosky,<\/strong>\u00a0ktor\u00e1 je odoln\u00e1 vo\u010di po\u0161kodeniu, vlhkosti a vysokej teplote.\u00a0\u00a0<strong>ABS hrana<\/strong>\u00a0sa neodlepuje a nedeformuje.<\/p>\n<p>Mo\u017enos\u0165 dok\u00fapi\u0165<strong>\u00a01 LED<\/strong>\u00a0osvetlenie za pr\u00edplatok 37 eur\u00a0 \u00a0 \u00a0 \u00a0 \u00a0 \u00a0 \u00a0 \u00a0 \u00a0 \u00a0 \u00a0 \u00a0 \u00a0 \u00a0 \u00a0 \u00a0 \u00a0 \u00a0 \u00a0 \u00a0 \u00a0 \u00a0 \u00a0 \u00a0 \u00a0 \u00a0 \u00a0 \u00a0 \u00a0 \u00a0 \u00a0 \u00a0 \u00a0 \u00a0 \u00a0 \u00a0 \u00a0 \u00a0 \u00a0 \u00a0 \u00a0 \u00a0 \u00a0 \u00a0 \u00a0 \u00a0 \u00a0 \u00a0 \u00a0 \u00a0 \u00a0 \u00a0 \u00a0 \u00a0 \u00a0 \u00a0 \u00a0 \u00a0 \u00a0 \u00a0 \u00a0 \u00a0 \u00a0 \u00a0 \u00a0 \u00a0 \u00a0 \u00a0 \u00a0 \u00a0 \u00a0 \u00a0 \u00a0 \u00a0 \u00a0 \u00a0 \u00a0 \u00a0 \u00a0 \u00a0 \u00a0 \u00a0 \u00a0 \u00a0 \u00a0 \u00a0 \u00a0 \u00a0 \u00a0 \u00a0 \u00a0 \u00a0 \u00a0 \u00a0 \u00a0 \u00a0 \u00a0 \u00a0 \u00a0 \u00a0 \u00a0 \u00a0 \u00a0 \u00a0 \u00a0 \u00a0 \u00a0\u00a0<strong>2\u00a0LED<\/strong>\u00a0osvetlenie za pr\u00edplatok 53 eur<\/p>\n<ul>\n<li><strong>farba Labrador\u00a0\u00a0<\/strong><\/li>\n<li>laminovan\u00e1 doska najvy\u0161\u0161ej kvality<\/li>\n<li>tvrden\u00e9 sklo<\/li>\n<li><strong>no\u017ei\u010dky<\/strong>\u00a0kovov\u00e9 zlat\u00e9<\/li>\n<li><strong>\u00fachytky<\/strong>\u00a0kovov\u00e9 zlat\u00e9<\/li>\n<\/ul>\n<p><strong>Ob\u00fdvacia stena pozost\u00e1va z komponentov:\u00a0<\/strong><\/p>\n<ul>\n<li>01 \u2013 vitr\u00edna\u00a0 \u00a0 \u00a0 \u00a0 \u00a0 \u00a0 \u00a0 \u2013\u00a0 Rozmery: \u0161xhxv: 55x40x190 cm<\/li>\n<li>02 \u2013 vitr\u00edna\u00a0 \u00a0 \u00a0 \u00a0 \u00a0 \u00a0 \u00a0 \u2013\u00a0 Rozmery: \u0161xhxv: 92x40x152 cm<\/li>\n<li>05 \u2013 tv stol\u00edk\u00a0 \u00a0 \u00a0 \u00a0 \u00a0 \u00a0 \u2013\u00a0 Rozmery: \u0161xhxv: 160x40x53 cm<\/li>\n<li>08 \u2013 poli\u010dka\u00a0 \u00a0 \u00a0 \u00a0 \u00a0 \u00a0 \u2013\u00a0 Rozmery: \u0161xhxv: 120x22x24 cm<\/li>\n<\/ul>\n<p><strong>Z jednotliv\u00fdch komponentov si m\u00f4\u017eete vysklada\u0165 ob\u00fdvaciu stenu pod\u013ea Va\u0161ich predst\u00e1v:<\/strong><\/p>\n<ul>\n<li>01 \u2013 vitr\u00edna\u00a0 \u00a0 \u00a0 \u00a0 \u00a0 \u00a0 \u00a0 \u2013\u00a0 Rozmery: \u0161xhxv: 55x40x190 cm<\/li>\n<li>02 \u2013 vitr\u00edna\u00a0 \u00a0 \u00a0 \u00a0 \u00a0 \u00a0 \u00a0 \u2013\u00a0 Rozmery: \u0161xhxv: 92x40x152 cm<\/li>\n<li>03 \u2013 komoda\u00a0 \u00a0 \u00a0 \u00a0 \u00a0 \u00a0\u2013\u00a0 Rozmery: \u0161xhxv: 160x40x85 cm<\/li>\n<li>04 \u2013 komoda\u00a0 \u00a0 \u00a0 \u00a0 \u00a0 \u00a0\u2013\u00a0 Rozmery: \u0161xhxv: 120x40x85 cm<\/li>\n<li>05 \u2013 tv stol\u00edk\u00a0 \u00a0 \u00a0 \u00a0 \u00a0 \u00a0 \u2013\u00a0 Rozmery: \u0161xhxv: 160x40x53 cm<\/li>\n<li>06 \u2013 no\u010dn\u00fd stol\u00edk\u00a0 \u00a0 \u00a0\u2013\u00a0 Rozmery: \u0161xhxv:\u00a0 \u00a050x34x53 cm<\/li>\n<li>07 \u2013 konferen\u010dn\u00fd stol\u00edk \u2013\u00a0 Rozmery: \u0161xhxv: 90x60x42 cm<\/li>\n<li>08 \u2013 poli\u010dka\u00a0 \u00a0 \u00a0 \u00a0 \u00a0 \u00a0 \u2013\u00a0 Rozmery: \u0161xhxv: 120x22x24 cm<\/li>\n<li>09 \u2013 toaletn\u00fd stol\u00edk \u2013\u00a0 Rozmery: \u0161xhxv:100x40x79 cm<\/li>\n<li>10 \u2013 no\u010dn\u00fd stol\u00edk\u00a0 \u00a0 \u2013\u00a0 Rozmery: \u0161xhxv:\u00a0 50x34x70 cm<\/li>\n<\/ul>\n","protected":false},"excerpt":{"rendered":"<p>Modern\u00e1 zostava\u00a0FOREST\u00a0v\u00a0zelenej farbe\u00a0prid\u00e1 do exteri\u00e9ru\u00a0osvie\u017euj\u00faci a\u00a0 \u0161t\u00fdlov\u00fd vzh\u013ead\u00a0a zlat\u00e9 nohy dod\u00e1vaj\u00fa kolekcii ten spr\u00e1vny \u0161mrnc.\u00a0Jednoduch\u00e9 tvary, kvalitn\u00e9 materi\u00e1ly a\u00a0vy\u0161\u0161ie zlat\u00e9 nohy\u00a0zaujm\u00fa u\u017e pri vstupe do ob\u00fdva\u010dky.\u00a0\u00a0Pri ka\u017edodennom pou\u017e\u00edvan\u00ed ocen\u00edte\u00a0\u00a0ABS hrany.\u00a0 Doprajte si \u00fatuln\u00fd priestor v\u010faka\u00a0elegantne spracovanej\u00a0kolekcii FOREST\u00a0aj vy.\u00a0 Ob\u00fdvacia stena je vyroben\u00e1 z\u00a0kvalitnej DTD\u00a0 laminovanej dosky,\u00a0ktor\u00e1 je odoln\u00e1 vo\u010di po\u0161kodeniu, vlhkosti a vysokej teplote.\u00a0\u00a0ABS hrana\u00a0sa&#8230;<\/p>\n","protected":false},"featured_media":122285,"comment_status":"closed","ping_status":"closed","template":"","meta":{"_seopress_robots_primary_cat":"none","_seopress_titles_title":"","_seopress_titles_desc":"","_seopress_robots_index":""},"product_brand":[],"product_cat":[182,251],"product_tag":[],"class_list":{"0":"post-122930","1":"product","2":"type-product","3":"status-publish","4":"has-post-thumbnail","6":"product_cat-obyvacie-steny","7":"product_cat-steny","9":"first","10":"instock","11":"shipping-taxable","12":"purchasable","13":"product-type-simple"},"_links":{"self":[{"href":"https:\/\/nabytoklaguna.sk\/sk\/wp-json\/wp\/v2\/product\/122930","targetHints":{"allow":["GET"]}}],"collection":[{"href":"https:\/\/nabytoklaguna.sk\/sk\/wp-json\/wp\/v2\/product"}],"about":[{"href":"https:\/\/nabytoklaguna.sk\/sk\/wp-json\/wp\/v2\/types\/product"}],"replies":[{"embeddable":true,"href":"https:\/\/nabytoklaguna.sk\/sk\/wp-json\/wp\/v2\/comments?post=122930"}],"wp:featuredmedia":[{"embeddable":true,"href":"https:\/\/nabytoklaguna.sk\/sk\/wp-json\/wp\/v2\/media\/122285"}],"wp:attachment":[{"href":"https:\/\/nabytoklaguna.sk\/sk\/wp-json\/wp\/v2\/media?parent=122930"}],"wp:term":[{"taxonomy":"product_brand","embeddable":true,"href":"https:\/\/nabytoklaguna.sk\/sk\/wp-json\/wp\/v2\/product_brand?post=122930"},{"taxonomy":"product_cat","embeddable":true,"href":"https:\/\/nabytoklaguna.sk\/sk\/wp-json\/wp\/v2\/product_cat?post=122930"},{"taxonomy":"product_tag","embeddable":true,"href":"https:\/\/nabytoklaguna.sk\/sk\/wp-json\/wp\/v2\/product_tag?post=122930"}],"curies":[{"name":"wp","href":"https:\/\/api.w.org\/{rel}","templated":true}]}}