{"id":122933,"date":"2025-04-22T14:44:52","date_gmt":"2025-04-22T12:44:52","guid":{"rendered":"https:\/\/nabytoklaguna.sk\/sk\/?post_type=product&#038;p=122933"},"modified":"2025-04-22T14:55:08","modified_gmt":"2025-04-22T12:55:08","slug":"don-masiv-2","status":"publish","type":"product","link":"https:\/\/nabytoklaguna.sk\/sk\/produkt\/don-masiv-2\/","title":{"rendered":"DON MAS\u00cdV"},"content":{"rendered":"<p><strong>Luxusn\u00fd elegantn\u00fd sektorov\u00fd<\/strong>\u00a0 n\u00e1bytok\u00a0\u00a0<strong>DON<\/strong>\u00a0je v\u010faka svojmu prec\u00edznemu spracovaniu vhodn\u00fd ako do modern\u00e9ho tak i do tradi\u010dn\u00e9ho interi\u00e9ru. Predn\u00e1 \u010das\u0165 n\u00e1bytku je vyroben\u00e1 z\u00a0<strong>mas\u00edvneho dreva<\/strong>, zadn\u00e1 \u010das\u0165 z dubovej d\u00fdhy, vn\u00fatorn\u00e1 \u010das\u0165 je vyroben\u00e1 z f\u00f3liovan\u00e9ho lamin\u00e1tu, povrch je upraven\u00fd ekologick\u00fdm olejom, \u010do zabezpe\u010duje zdravotn\u00fa nez\u00e1vadnos\u0165 n\u00e1bytku. Sektor sa vyr\u00e1ba v\u00a0<strong>farebnom preveden\u00ed dub natura.<\/strong>\u00a0Pou\u017eitie pr\u00edrodn\u00fdch materi\u00e1lov zaru\u010duje kvalitu a odolnos\u0165 n\u00e1bytku.\u00a0P\u00e1nty a guli\u010dkov\u00e9 vedenie v \u0161ufl\u00edkoch je vybaven\u00e9\u00a0<strong>syst\u00e9mom pomal\u00e9ho zatv\u00e1rania<\/strong>. Sklo v hr\u00fabke 4 a 8 mm je\u00a0<strong>\u010d\u00edre a tvrden\u00e9<\/strong>. Led osvetlenie je v cene. V\u010faka n\u00e1bytku\u00a0<b>DON<\/b>\u00a0si jednoducho a r\u00fdchlo zariadite ob\u00fdvaciu izbu \u010di jed\u00e1le\u0148. Pam\u00e4tajte, \u017ee<strong>\u00a0mas\u00edvny a elegantn\u00fd n\u00e1bytok<\/strong>\u00a0je invest\u00edciou na roky.<\/p>\n<p><strong>Ob\u00fdvacia stena pozost\u00e1va z komponentov:\u00a0<\/strong><\/p>\n<ul>\n<li>Vitr\u00edna 1-dverov\u00e1 DON 10, rozmery (\u0160xHxV)\u2026\u2026\u202672x43x202cm<\/li>\n<li>Vitr\u00edna 1-dverov\u00e1 n\u00edzka DON 15, rozmery(\u0160xHxV)98x43x161cm<\/li>\n<li>RTV stol\u00edk, DON 25, rozmery (\u0160xHxV)\u2026\u2026\u2026\u2026\u2026\u2026..180x43x52cm<\/li>\n<\/ul>\n<p><strong>Rozmery jednotliv\u00fdch komponentov<\/strong><\/p>\n<ul>\n<li>Vitr\u00edna 1-dverov\u00e1 DON 10, rozmery (\u0160xHxV)\u2026\u2026\u202672x43x202cm<\/li>\n<li>RTV stol\u00edk, DON 25, rozmery (\u0160xHxV)\u2026\u2026\u2026\u2026\u2026\u2026..180x43x52cm<\/li>\n<li>St\u00f4l rozkladac\u00ed DON 40, rozmery (\u0160xHx\u2026\u2026\u2026160-240x90x76cm<\/li>\n<li>Komoda 3-dverov\u00e1 DON 45, rozmery (\u0160xHxV)\u2026\u2026165x43x92cm<\/li>\n<li>Komoda 2-dverov\u00e1 s 4-z\u00e1suvkami DON 46, rozmery (\u0160xHxV) \u2026.180x43x92cm<\/li>\n<li>Vitr\u00edna1-dverov\u00e1 DON 12, rozmery(\u0160xHxV)\u2026\u2026\u2026\u202698x43x202cm<\/li>\n<li>Vitr\u00edna 1-dverov\u00e1 n\u00edzka DON 15, rozmery(\u0160xHxV)98x43x161cm<\/li>\n<li>Zrkadlo DON 80, rozmery (\u0160xHxV)\u2026\u2026\u2026\u2026\u2026\u2026\u2026\u2026..140x30x45cm<\/li>\n<li>Konferen\u010dn\u00fd stol\u00edk DON 41, rozmery (\u0160xHxV)\u2026.110x60x48cm<\/li>\n<\/ul>\n","protected":false},"excerpt":{"rendered":"<p>Luxusn\u00fd elegantn\u00fd sektorov\u00fd\u00a0 n\u00e1bytok\u00a0\u00a0DON\u00a0je v\u010faka svojmu prec\u00edznemu spracovaniu vhodn\u00fd ako do modern\u00e9ho tak i do tradi\u010dn\u00e9ho interi\u00e9ru. Predn\u00e1 \u010das\u0165 n\u00e1bytku je vyroben\u00e1 z\u00a0mas\u00edvneho dreva, zadn\u00e1 \u010das\u0165 z dubovej d\u00fdhy, vn\u00fatorn\u00e1 \u010das\u0165 je vyroben\u00e1 z f\u00f3liovan\u00e9ho lamin\u00e1tu, povrch je upraven\u00fd ekologick\u00fdm olejom, \u010do zabezpe\u010duje zdravotn\u00fa nez\u00e1vadnos\u0165 n\u00e1bytku. Sektor sa vyr\u00e1ba v\u00a0farebnom preveden\u00ed dub natura.\u00a0Pou\u017eitie pr\u00edrodn\u00fdch materi\u00e1lov&#8230;<\/p>\n","protected":false},"featured_media":122406,"comment_status":"closed","ping_status":"closed","template":"","meta":{"_seopress_robots_primary_cat":"none","_seopress_titles_title":"","_seopress_titles_desc":"","_seopress_robots_index":""},"product_brand":[],"product_cat":[7513,182,251],"product_tag":[],"class_list":{"0":"post-122933","1":"product","2":"type-product","3":"status-publish","4":"has-post-thumbnail","6":"product_cat-obyvacie-steny-masiv","7":"product_cat-obyvacie-steny","8":"product_cat-steny","10":"first","11":"instock","12":"shipping-taxable","13":"purchasable","14":"product-type-simple"},"_links":{"self":[{"href":"https:\/\/nabytoklaguna.sk\/sk\/wp-json\/wp\/v2\/product\/122933","targetHints":{"allow":["GET"]}}],"collection":[{"href":"https:\/\/nabytoklaguna.sk\/sk\/wp-json\/wp\/v2\/product"}],"about":[{"href":"https:\/\/nabytoklaguna.sk\/sk\/wp-json\/wp\/v2\/types\/product"}],"replies":[{"embeddable":true,"href":"https:\/\/nabytoklaguna.sk\/sk\/wp-json\/wp\/v2\/comments?post=122933"}],"wp:featuredmedia":[{"embeddable":true,"href":"https:\/\/nabytoklaguna.sk\/sk\/wp-json\/wp\/v2\/media\/122406"}],"wp:attachment":[{"href":"https:\/\/nabytoklaguna.sk\/sk\/wp-json\/wp\/v2\/media?parent=122933"}],"wp:term":[{"taxonomy":"product_brand","embeddable":true,"href":"https:\/\/nabytoklaguna.sk\/sk\/wp-json\/wp\/v2\/product_brand?post=122933"},{"taxonomy":"product_cat","embeddable":true,"href":"https:\/\/nabytoklaguna.sk\/sk\/wp-json\/wp\/v2\/product_cat?post=122933"},{"taxonomy":"product_tag","embeddable":true,"href":"https:\/\/nabytoklaguna.sk\/sk\/wp-json\/wp\/v2\/product_tag?post=122933"}],"curies":[{"name":"wp","href":"https:\/\/api.w.org\/{rel}","templated":true}]}}