{"id":122964,"date":"2025-04-23T15:41:01","date_gmt":"2025-04-23T13:41:01","guid":{"rendered":"https:\/\/nabytoklaguna.sk\/sk\/?post_type=product&#038;p=122964"},"modified":"2025-04-25T16:16:46","modified_gmt":"2025-04-25T14:16:46","slug":"greta-200-skrina","status":"publish","type":"product","link":"https:\/\/nabytoklaguna.sk\/sk\/produkt\/greta-200-skrina\/","title":{"rendered":"Greta 200 skri\u0148a"},"content":{"rendered":"<p>Posuvn\u00e1 skri\u0148a <strong>Greta<\/strong> 200 je modern\u00fdm a funk\u010dn\u00fdm rie\u0161en\u00edm, ktor\u00e9 sa bude skvele hodi\u0165 do ka\u017edej sp\u00e1lne, \u0161atne \u010di chodby. Jeho minimalistick\u00e1 forma, geometrick\u00e9 \u010dlenenie \u010diel a starostliv\u00e1 povrchov\u00e1 \u00faprava dod\u00e1vaj\u00fa interi\u00e9ru elegantn\u00fd a nad\u010dasov\u00fd charakter. N\u00e1bytok je vyroben\u00fd <strong>z kvalitnej laminovanej dosky o hr\u00fabke 16 mm,<\/strong> odolnej vo\u010di po\u0161kriabaniu, vlhkosti a UV \u017eiareniu, \u010do zaru\u010duje odolnos\u0165 a estetiku na dlh\u00e9 roky pou\u017e\u00edvania. \u0160atn\u00edkov\u00e1 skri\u0148a je vybaven\u00e1 syst\u00e9mom <strong>posuvn\u00fdch dver\u00ed<\/strong>, ktor\u00fd umo\u017e\u0148uje pohodln\u00e9 otv\u00e1ranie a zatv\u00e1ranie pri \u00faspore miesta \u2013 ide\u00e1lne rie\u0161enie do men\u0161\u00edch miestnost\u00ed. Interi\u00e9r skrine bol navrhnut\u00fd s oh\u013eadom na maxim\u00e1lnu funk\u010dnos\u0165 \u2013 m\u00e1 <strong>sadu pol\u00edc a ko\u013eajni\u010diek<\/strong>, ktor\u00e9 v\u00e1m umo\u017enia jednoducho usporiada\u0165 oble\u010denie, doplnky a in\u00e9 predmety ka\u017edodennej potreby. Model Greta 200 je dostupn\u00fd v piatich farebn\u00fdch prevedeniach: klasick\u00e1 biela, elegantn\u00e1 \u010dierna, modern\u00e1 kombin\u00e1cia biela + \u010dierna, \u010dierna + biela a m\u00f3dny odtie\u0148 ka\u0161m\u00edr.<\/p>\n<p>Rozmer\/\u0160xHxV\/:200x58x215 cm<\/p>\n<p><strong>Parametre v\u00fdrobku<\/strong><\/p>\n<table border=\"0\" cellspacing=\"5\" cellpadding=\"1\">\n<tbody>\n<tr>\n<td><strong>Typ v\u00fdrobku<\/strong><\/td>\n<td>Skri\u0148a<\/td>\n<\/tr>\n<tr>\n<td><strong>Materi\u00e1l<\/strong><\/td>\n<td>DTD laminovan\u00e1<\/td>\n<\/tr>\n<tr>\n<td><strong>Rozmery \u0161\/h\/v<br \/>\n<\/strong><\/td>\n<td>200x58x215 cm<\/td>\n<\/tr>\n<tr>\n<td><strong>Balenie<\/strong><\/td>\n<td>demont<\/td>\n<\/tr>\n<tr>\n<td><strong>Z\u00e1ruka<\/strong><\/td>\n<td>2 roky<\/td>\n<\/tr>\n<tr>\n<td><\/td>\n<\/tr>\n<\/tbody>\n<\/table>\n","protected":false},"excerpt":{"rendered":"<p>Posuvn\u00e1 skri\u0148a Greta 200 je modern\u00fdm a funk\u010dn\u00fdm rie\u0161en\u00edm, ktor\u00e9 sa bude skvele hodi\u0165 do ka\u017edej sp\u00e1lne, \u0161atne \u010di chodby. Jeho minimalistick\u00e1 forma, geometrick\u00e9 \u010dlenenie \u010diel a starostliv\u00e1 povrchov\u00e1 \u00faprava dod\u00e1vaj\u00fa interi\u00e9ru elegantn\u00fd a nad\u010dasov\u00fd charakter. N\u00e1bytok je vyroben\u00fd z kvalitnej laminovanej dosky o hr\u00fabke 16 mm, odolnej vo\u010di po\u0161kriabaniu, vlhkosti a UV \u017eiareniu, \u010do&#8230;<\/p>\n","protected":false},"featured_media":122970,"comment_status":"closed","ping_status":"closed","template":"","meta":{"_seopress_robots_primary_cat":"none","_seopress_titles_title":"","_seopress_titles_desc":"","_seopress_robots_index":""},"product_brand":[],"product_cat":[1585,225],"product_tag":[],"class_list":{"0":"post-122964","1":"product","2":"type-product","3":"status-publish","4":"has-post-thumbnail","6":"product_cat-s-posuvnymi-dverami","7":"product_cat-skrine","9":"first","10":"instock","11":"shipping-taxable","12":"purchasable","13":"product-type-variable"},"_links":{"self":[{"href":"https:\/\/nabytoklaguna.sk\/sk\/wp-json\/wp\/v2\/product\/122964","targetHints":{"allow":["GET"]}}],"collection":[{"href":"https:\/\/nabytoklaguna.sk\/sk\/wp-json\/wp\/v2\/product"}],"about":[{"href":"https:\/\/nabytoklaguna.sk\/sk\/wp-json\/wp\/v2\/types\/product"}],"replies":[{"embeddable":true,"href":"https:\/\/nabytoklaguna.sk\/sk\/wp-json\/wp\/v2\/comments?post=122964"}],"wp:featuredmedia":[{"embeddable":true,"href":"https:\/\/nabytoklaguna.sk\/sk\/wp-json\/wp\/v2\/media\/122970"}],"wp:attachment":[{"href":"https:\/\/nabytoklaguna.sk\/sk\/wp-json\/wp\/v2\/media?parent=122964"}],"wp:term":[{"taxonomy":"product_brand","embeddable":true,"href":"https:\/\/nabytoklaguna.sk\/sk\/wp-json\/wp\/v2\/product_brand?post=122964"},{"taxonomy":"product_cat","embeddable":true,"href":"https:\/\/nabytoklaguna.sk\/sk\/wp-json\/wp\/v2\/product_cat?post=122964"},{"taxonomy":"product_tag","embeddable":true,"href":"https:\/\/nabytoklaguna.sk\/sk\/wp-json\/wp\/v2\/product_tag?post=122964"}],"curies":[{"name":"wp","href":"https:\/\/api.w.org\/{rel}","templated":true}]}}