{"id":123197,"date":"2025-04-24T16:54:42","date_gmt":"2025-04-24T14:54:42","guid":{"rendered":"https:\/\/nabytoklaguna.sk\/sk\/?post_type=product&#038;p=123197"},"modified":"2025-04-25T16:38:47","modified_gmt":"2025-04-25T14:38:47","slug":"ner-goldin-2","status":"publish","type":"product","link":"https:\/\/nabytoklaguna.sk\/sk\/produkt\/ner-goldin-2\/","title":{"rendered":"NER GOLDIN"},"content":{"rendered":"<p><strong>Elegantn\u00fd sektorov\u00fd syst\u00e9m<\/strong> <strong>GOLDIN<\/strong> je kr\u00e1sny pre milovn\u00edkov \u010distoty a jemnosti. Tento sektor bude ur\u010dite neprehliadnute\u013en\u00fd vo Va\u0161ej dom\u00e1cnosti. Sektorov\u00fd syst\u00e9m Goldin je vhodn\u00fd najm\u00e4 do ob\u00fdvacej izby, ale jednotliv\u00e9 komponenty m\u00f4\u017eete umiestni\u0165 aj do sp\u00e1lne, pr\u00edpadne chodby alebo jed\u00e1lne. Je vyroben\u00fd z kvalitn\u00fdch materi\u00e1lov, v\u010faka \u010domu tie\u017e p\u00f4sob\u00ed ve\u013emi luxusne.\u00a0 <strong>Sektorov\u00fd n\u00e1bytok GOLDIN <\/strong>\u00a0 pozost\u00e1va z jednotliv\u00fdch dielov n\u00e1bytku tejto modelovej rady, ktor\u00e9 je mo\u017en\u00e9 medzi sebou \u013eubovolne vysklada\u0165 a vytvori\u0165 si zostavu pod\u013ea svojich predst\u00e1v.\u00a0 T\u00e1to\u00a0sektorov\u00e1 ob\u00fdvacia stena \u00a0je v <strong>bielom lesklom preveden\u00ed.<\/strong>\u00a0 V\u00fdborn\u00fd dizajn, kvalitn\u00e9 prevedenie.<strong>\u00a0\u00a0<\/strong>Materi\u00e1l, korpusy\u00a0<strong>certifikovan\u00e1 laminovan\u00e1 drevotrieska<\/strong>, dvere\u00a0<strong>vysoko kvalitn\u00e1 f\u00f3lia na MDF.\u00a0 \u00a0 <\/strong><\/p>\n<ul>\n<li>farba korpus biely \/ dvierka biely lesk<\/li>\n<li><strong>no\u017ei\u010dky<\/strong>\u00a0kovov\u00e9 zlat\u00e9<\/li>\n<li><strong>\u00fachytky<\/strong>\u00a0kovov\u00e9 zlat\u00e9<\/li>\n<li><strong>LED<\/strong> osvetlenie v cene<\/li>\n<\/ul>\n<p><strong>Ob\u00fdvacia stena pozost\u00e1va z komponentov:\u00a0<\/strong><\/p>\n<ul>\n<li>03 \u2013 vitr\u00edna\u00a0 \u00a0 \u00a0 \u00a0 \u00a0 \u00a0 \u00a0\u2013\u00a0 Rozmery: \u0161xhxv: 92x40x152 cm<\/li>\n<li>06 \u2013 tv stol\u00edk\u00a0 \u00a0 \u00a0 \u00a0 \u00a0 \u00a0\u2013\u00a0 Rozmery: \u0161xhxv: 160x40x53 cm<\/li>\n<li>04 \u2013 komoda\u00a0 \u00a0 \u00a0 \u00a0 \u00a0 \u2013\u00a0 Rozmery: \u0161xhxv: 160x40x85 cm<\/li>\n<\/ul>\n<p><strong>Z jednotliv\u00fdch komponentov si m\u00f4\u017eete vysklada\u0165 ob\u00fdvaciu stenu pod\u013ea Va\u0161ich predst\u00e1v:<\/strong><\/p>\n<ul>\n<li>01 \u2013 skri\u0148a\u00a0 \u00a0 \u00a0 \u00a0 \u00a0 \u00a0 \u00a0\u2013\u00a0 Rozmery: \u0161xhxv: 92x53x190 cm<\/li>\n<li>02 \u2013 vitr\u00edna\u00a0 \u00a0 \u00a0 \u00a0 \u00a0 \u00a0 \u00a0\u2013\u00a0 Rozmery: \u0161xhxv: 55x40x190 cm<\/li>\n<li>03 \u2013 vitr\u00edna\u00a0 \u00a0 \u00a0 \u00a0 \u00a0 \u00a0 \u00a0\u2013\u00a0 Rozmery: \u0161xhxv: 92x40x152 cm<\/li>\n<li>04 \u2013 komoda\u00a0 \u00a0 \u00a0 \u00a0 \u00a0 \u2013\u00a0 Rozmery: \u0161xhxv: 160x40x85 cm<\/li>\n<li>05 \u2013 komoda\u00a0 \u00a0 \u00a0 \u00a0 \u00a0 \u2013\u00a0 Rozmery: \u0161xhxv: 120x40x85 cm<\/li>\n<li>06 \u2013 tv stol\u00edk\u00a0 \u00a0 \u00a0 \u00a0 \u00a0 \u00a0\u2013\u00a0 Rozmery: \u0161xhxv: 160x40x53 cm<\/li>\n<li>07 \u2013 no\u010dn\u00fd stol\u00edk\u00a0 \u00a0 \u2013\u00a0 Rozmery: \u0161xhxv:\u00a0 \u00a050x34x53 cm<\/li>\n<li>08 \u2013 konf. stol\u00edk\u00a0 \u00a0 \u00a0 \u2013\u00a0 Rozmery: \u0161xhxv:\u00a0 \u00a090x60x42 cm<\/li>\n<li>09 \u2013 polica\u00a0 \u00a0 \u00a0 \u00a0 \u00a0 \u00a0 \u00a0 \u2013\u00a0 Rozmery: \u0161xhxv: 120x22x23 cm<\/li>\n<\/ul>\n","protected":false},"excerpt":{"rendered":"<p>Elegantn\u00fd sektorov\u00fd syst\u00e9m GOLDIN je kr\u00e1sny pre milovn\u00edkov \u010distoty a jemnosti. Tento sektor bude ur\u010dite neprehliadnute\u013en\u00fd vo Va\u0161ej dom\u00e1cnosti. Sektorov\u00fd syst\u00e9m Goldin je vhodn\u00fd najm\u00e4 do ob\u00fdvacej izby, ale jednotliv\u00e9 komponenty m\u00f4\u017eete umiestni\u0165 aj do sp\u00e1lne, pr\u00edpadne chodby alebo jed\u00e1lne. Je vyroben\u00fd z kvalitn\u00fdch materi\u00e1lov, v\u010faka \u010domu tie\u017e p\u00f4sob\u00ed ve\u013emi luxusne.\u00a0 Sektorov\u00fd n\u00e1bytok GOLDIN \u00a0&#8230;<\/p>\n","protected":false},"featured_media":123186,"comment_status":"closed","ping_status":"closed","template":"","meta":{"_seopress_robots_primary_cat":"none","_seopress_titles_title":"","_seopress_titles_desc":"","_seopress_robots_index":""},"product_brand":[],"product_cat":[182,251],"product_tag":[],"class_list":{"0":"post-123197","1":"product","2":"type-product","3":"status-publish","4":"has-post-thumbnail","6":"product_cat-obyvacie-steny","7":"product_cat-steny","8":"pa_typ-produktu-8158","9":"pa_typ-produktu-8168","10":"pa_typ-produktu-8169","11":"pa_typ-produktu-8163","12":"pa_typ-produktu-8170","13":"pa_typ-produktu-8164","14":"pa_typ-produktu-8157","15":"pa_typ-produktu-8165","16":"pa_typ-produktu-8166","18":"first","19":"instock","20":"shipping-taxable","21":"purchasable","22":"product-type-simple"},"_links":{"self":[{"href":"https:\/\/nabytoklaguna.sk\/sk\/wp-json\/wp\/v2\/product\/123197","targetHints":{"allow":["GET"]}}],"collection":[{"href":"https:\/\/nabytoklaguna.sk\/sk\/wp-json\/wp\/v2\/product"}],"about":[{"href":"https:\/\/nabytoklaguna.sk\/sk\/wp-json\/wp\/v2\/types\/product"}],"replies":[{"embeddable":true,"href":"https:\/\/nabytoklaguna.sk\/sk\/wp-json\/wp\/v2\/comments?post=123197"}],"wp:featuredmedia":[{"embeddable":true,"href":"https:\/\/nabytoklaguna.sk\/sk\/wp-json\/wp\/v2\/media\/123186"}],"wp:attachment":[{"href":"https:\/\/nabytoklaguna.sk\/sk\/wp-json\/wp\/v2\/media?parent=123197"}],"wp:term":[{"taxonomy":"product_brand","embeddable":true,"href":"https:\/\/nabytoklaguna.sk\/sk\/wp-json\/wp\/v2\/product_brand?post=123197"},{"taxonomy":"product_cat","embeddable":true,"href":"https:\/\/nabytoklaguna.sk\/sk\/wp-json\/wp\/v2\/product_cat?post=123197"},{"taxonomy":"product_tag","embeddable":true,"href":"https:\/\/nabytoklaguna.sk\/sk\/wp-json\/wp\/v2\/product_tag?post=123197"}],"curies":[{"name":"wp","href":"https:\/\/api.w.org\/{rel}","templated":true}]}}