{"id":123414,"date":"2025-05-27T16:40:26","date_gmt":"2025-05-27T14:40:26","guid":{"rendered":"https:\/\/nabytoklaguna.sk\/sk\/?post_type=product&#038;p=123414"},"modified":"2025-05-27T16:42:44","modified_gmt":"2025-05-27T14:42:44","slug":"leia-detska-postel-adrk","status":"publish","type":"product","link":"https:\/\/nabytoklaguna.sk\/sk\/produkt\/leia-detska-postel-adrk\/","title":{"rendered":"Leia detsk\u00e1 poste\u013e ADRK"},"content":{"rendered":"<p>Detsk\u00e1 poste\u013e<strong> Leia<\/strong> je ide\u00e1lnym funk\u010dn\u00fdm rie\u0161en\u00edm, v\u010faka ktor\u00e9mu sa na podlahov\u00fa plochu jednej postele zmestia a\u017e <strong>tri deti<\/strong>. Jeho kon\u0161trukcia pozost\u00e1va z dvoch poschod\u00ed a pr\u00eddavn\u00e9ho v\u00fdsuvn\u00e9ho spodn\u00e9ho l\u00f4\u017eka. <strong>Pevn\u00fd r\u00e1m<\/strong> poskytuje stabilitu a bezpe\u010dnos\u0165, zatia\u013e \u010do <strong>vstavan\u00fd rebr\u00edk<\/strong> umo\u017e\u0148uje \u013eahk\u00fd pr\u00edstup do hornej \u00farovne. <strong>Bezpe\u010dnostn\u00e9 z\u00e1bradlia<\/strong> na hornom l\u00f4\u017eku zais\u0165uj\u00fa bezpe\u010dnos\u0165 v\u00e1\u0161ho die\u0165a\u0165a po\u010das sp\u00e1nku. Poste\u013e je navy\u0161e vybaven\u00e1 <strong>priestrann\u00fdmi z\u00e1suvkami,<\/strong> ktor\u00e9 poskytuj\u00fa praktick\u00e9 miesto na ulo\u017eenie poste\u013enej bielizne, hra\u010diek alebo in\u00fdch detsk\u00fdch doplnkov. Leia je spojen\u00edm funk\u010dnosti a modern\u00e9ho dizajnu, ide\u00e1lne do detskej izby.<\/p>\n<p>Poste\u013e vyroben\u00e1 z borovicov\u00e9ho dreva, spojen\u00e1 s laminovanou doskou 18 mm, vlo\u017eky z dosky s ABS dyhou<\/p>\n<p>Rozmery: \u0161 x h x v: 192 x 86 x 185 cm , 212 x 96 x 185 cm<\/p>\n<p>Dod\u00e1van\u00e9 v demonte.<\/p>\n","protected":false},"excerpt":{"rendered":"<p>Detsk\u00e1 poste\u013e Leia je ide\u00e1lnym funk\u010dn\u00fdm rie\u0161en\u00edm, v\u010faka ktor\u00e9mu sa na podlahov\u00fa plochu jednej postele zmestia a\u017e tri deti. Jeho kon\u0161trukcia pozost\u00e1va z dvoch poschod\u00ed a pr\u00eddavn\u00e9ho v\u00fdsuvn\u00e9ho spodn\u00e9ho l\u00f4\u017eka. Pevn\u00fd r\u00e1m poskytuje stabilitu a bezpe\u010dnos\u0165, zatia\u013e \u010do vstavan\u00fd rebr\u00edk umo\u017e\u0148uje \u013eahk\u00fd pr\u00edstup do hornej \u00farovne. Bezpe\u010dnostn\u00e9 z\u00e1bradlia na hornom l\u00f4\u017eku zais\u0165uj\u00fa bezpe\u010dnos\u0165 v\u00e1\u0161ho die\u0165a\u0165a&#8230;<\/p>\n","protected":false},"featured_media":123426,"comment_status":"closed","ping_status":"closed","template":"","meta":{"_seopress_robots_primary_cat":"none","_seopress_titles_title":"","_seopress_titles_desc":"","_seopress_robots_index":""},"product_brand":[],"product_cat":[4012,233],"product_tag":[],"class_list":{"0":"post-123414","1":"product","2":"type-product","3":"status-publish","4":"has-post-thumbnail","6":"product_cat-postele","7":"product_cat-poschodove-postele","9":"first","10":"instock","11":"shipping-taxable","12":"product-type-variable"},"_links":{"self":[{"href":"https:\/\/nabytoklaguna.sk\/sk\/wp-json\/wp\/v2\/product\/123414","targetHints":{"allow":["GET"]}}],"collection":[{"href":"https:\/\/nabytoklaguna.sk\/sk\/wp-json\/wp\/v2\/product"}],"about":[{"href":"https:\/\/nabytoklaguna.sk\/sk\/wp-json\/wp\/v2\/types\/product"}],"replies":[{"embeddable":true,"href":"https:\/\/nabytoklaguna.sk\/sk\/wp-json\/wp\/v2\/comments?post=123414"}],"wp:featuredmedia":[{"embeddable":true,"href":"https:\/\/nabytoklaguna.sk\/sk\/wp-json\/wp\/v2\/media\/123426"}],"wp:attachment":[{"href":"https:\/\/nabytoklaguna.sk\/sk\/wp-json\/wp\/v2\/media?parent=123414"}],"wp:term":[{"taxonomy":"product_brand","embeddable":true,"href":"https:\/\/nabytoklaguna.sk\/sk\/wp-json\/wp\/v2\/product_brand?post=123414"},{"taxonomy":"product_cat","embeddable":true,"href":"https:\/\/nabytoklaguna.sk\/sk\/wp-json\/wp\/v2\/product_cat?post=123414"},{"taxonomy":"product_tag","embeddable":true,"href":"https:\/\/nabytoklaguna.sk\/sk\/wp-json\/wp\/v2\/product_tag?post=123414"}],"curies":[{"name":"wp","href":"https:\/\/api.w.org\/{rel}","templated":true}]}}