{"id":123462,"date":"2025-05-28T16:55:24","date_gmt":"2025-05-28T14:55:24","guid":{"rendered":"https:\/\/nabytoklaguna.sk\/sk\/?post_type=product&#038;p=123462"},"modified":"2026-02-18T08:33:13","modified_gmt":"2026-02-18T07:33:13","slug":"matrac-elis","status":"publish","type":"product","link":"https:\/\/nabytoklaguna.sk\/sk\/produkt\/matrac-elis\/","title":{"rendered":"MATRAC ELIS"},"content":{"rendered":"<p>Matrac <strong>ELIS\u00a0<\/strong> strednej tuhosti, ktor\u00fd vyhovuje \u0161irok\u00e9mu spektru u\u017e\u00edvate\u013eov. Jadro matraca je vyroben\u00e9 <strong>z vysokokvalitnej OrthoPUR peny<\/strong>, ktor\u00e1 vynik\u00e1 pr\u00edjemn\u00fdm komfortom a dlhou \u017eivotnos\u0165ou. Hustota peny zabezpe\u010duje, \u017ee matrac sa ani po dlh\u0161om pou\u017e\u00edvan\u00ed neprele\u017e\u00ed. Jednoz\u00f3nov\u00e9 jadro matraca navy\u0161e neobsahuje \u017eiadne v\u00fdrezy a spoje, <strong>matrac je bez lepidiel<\/strong>. Otvoren\u00e1 bunkov\u00e1 \u0161trukt\u00fara jadra zabezpe\u010duje dokonal\u00fa kl\u00edmu pri span\u00ed. Zipsovate\u013en\u00fd po\u0165ah Basic 100% polyester s <strong>protirozto\u010dovou\u00a0 a antialergickou \u00fapravou<\/strong>. Po\u0165ah je prate\u013en\u00fd na 60 \u00baC.\u00a0 Je vhodn\u00fd na lamelov\u00fd ro\u0161t pevn\u00fd aj polohovate\u013en\u00fd.<\/p>\n<p>Dod\u00e1van\u00fd v\u00e1kuovo balen\u00fd v rolke.<\/p>\n<ul>\n<li>Celkov\u00e1 v\u00fd\u0161ka matraca je 20 cm.<\/li>\n<li>Tuhos\u0165 3<\/li>\n<li>Maxim\u00e1lna nosnos\u0165 130 kg<\/li>\n<li>SLOVENSK\u00dd v\u00fdrobca<br \/>\n<table>\n<tbody>\n<tr>\n<td><strong>Tuhos\u0165:<\/strong><\/td>\n<td>3<\/td>\n<\/tr>\n<tr>\n<td><strong>V\u00e1hov\u00e1 kateg\u00f3ria:<\/strong><\/td>\n<td>do 130 kg<\/td>\n<\/tr>\n<tr>\n<td><strong>Po\u010det z\u00f3n:<\/strong><\/td>\n<td>1<\/td>\n<\/tr>\n<tr>\n<td><strong>Materi\u00e1l:<\/strong><\/td>\n<td>OrthoPUR pena<\/td>\n<\/tr>\n<tr>\n<td><strong>Po\u0165ah:<\/strong><\/td>\n<td>z\u00f3novo pre\u0161it\u00fd, sn\u00edmate\u013en\u00fd a prate\u013en\u00fd pri 60 stup\u0148och<\/td>\n<\/tr>\n<tr>\n<td><strong>Typ matraca<\/strong>:<\/td>\n<td>obojstrann\u00fd<\/td>\n<\/tr>\n<tr>\n<td><strong>V\u00fd\u0161ka matraca:<\/strong><\/td>\n<td>20 cm<\/td>\n<\/tr>\n<tr>\n<td><strong>V\u00fdrobca:<\/strong><\/td>\n<td>Slovensko<\/td>\n<\/tr>\n<\/tbody>\n<\/table>\n<\/li>\n<\/ul>\n","protected":false},"excerpt":{"rendered":"<p>Matrac ELIS\u00a0 strednej tuhosti, ktor\u00fd vyhovuje \u0161irok\u00e9mu spektru u\u017e\u00edvate\u013eov. Jadro matraca je vyroben\u00e9 z vysokokvalitnej OrthoPUR peny, ktor\u00e1 vynik\u00e1 pr\u00edjemn\u00fdm komfortom a dlhou \u017eivotnos\u0165ou. Hustota peny zabezpe\u010duje, \u017ee matrac sa ani po dlh\u0161om pou\u017e\u00edvan\u00ed neprele\u017e\u00ed. Jednoz\u00f3nov\u00e9 jadro matraca navy\u0161e neobsahuje \u017eiadne v\u00fdrezy a spoje, matrac je bez lepidiel. Otvoren\u00e1 bunkov\u00e1 \u0161trukt\u00fara jadra zabezpe\u010duje dokonal\u00fa kl\u00edmu&#8230;<\/p>\n","protected":false},"featured_media":123469,"comment_status":"closed","ping_status":"closed","template":"","meta":{"_seopress_robots_primary_cat":"none","_seopress_titles_title":"","_seopress_titles_desc":"","_seopress_robots_index":""},"product_brand":[],"product_cat":[1101,227,229],"product_tag":[],"class_list":{"0":"post-123462","1":"product","2":"type-product","3":"status-publish","4":"has-post-thumbnail","6":"product_cat-luxusne","7":"product_cat-rosty-matrace","8":"product_cat-matrace","10":"first","11":"instock","12":"shipping-taxable","13":"purchasable","14":"product-type-variable"},"_links":{"self":[{"href":"https:\/\/nabytoklaguna.sk\/sk\/wp-json\/wp\/v2\/product\/123462","targetHints":{"allow":["GET"]}}],"collection":[{"href":"https:\/\/nabytoklaguna.sk\/sk\/wp-json\/wp\/v2\/product"}],"about":[{"href":"https:\/\/nabytoklaguna.sk\/sk\/wp-json\/wp\/v2\/types\/product"}],"replies":[{"embeddable":true,"href":"https:\/\/nabytoklaguna.sk\/sk\/wp-json\/wp\/v2\/comments?post=123462"}],"wp:featuredmedia":[{"embeddable":true,"href":"https:\/\/nabytoklaguna.sk\/sk\/wp-json\/wp\/v2\/media\/123469"}],"wp:attachment":[{"href":"https:\/\/nabytoklaguna.sk\/sk\/wp-json\/wp\/v2\/media?parent=123462"}],"wp:term":[{"taxonomy":"product_brand","embeddable":true,"href":"https:\/\/nabytoklaguna.sk\/sk\/wp-json\/wp\/v2\/product_brand?post=123462"},{"taxonomy":"product_cat","embeddable":true,"href":"https:\/\/nabytoklaguna.sk\/sk\/wp-json\/wp\/v2\/product_cat?post=123462"},{"taxonomy":"product_tag","embeddable":true,"href":"https:\/\/nabytoklaguna.sk\/sk\/wp-json\/wp\/v2\/product_tag?post=123462"}],"curies":[{"name":"wp","href":"https:\/\/api.w.org\/{rel}","templated":true}]}}