{"id":123542,"date":"2025-05-29T16:58:24","date_gmt":"2025-05-29T14:58:24","guid":{"rendered":"https:\/\/nabytoklaguna.sk\/sk\/?post_type=product&#038;p=123542"},"modified":"2025-06-02T11:37:47","modified_gmt":"2025-06-02T09:37:47","slug":"nerre-obyvacia-stena","status":"publish","type":"product","link":"https:\/\/nabytoklaguna.sk\/sk\/produkt\/nerre-obyvacia-stena\/","title":{"rendered":"NERRE ob\u00fdvacia stena"},"content":{"rendered":"<p>Ob\u00fdvacia stena <strong>NERRE<\/strong> je modern\u00e1 RTV zostava <strong>s LED podsvieten\u00edm<\/strong>. H\u013ead\u00e1te n\u00e1bytok, ktor\u00fd sp\u00e1ja modern\u00fd \u0161t\u00fdl, funk\u010dnos\u0165 a vysok\u00fa kvalitu spracovania? N\u00e1stenn\u00e1 ob\u00fdvacia stena NERRE je ide\u00e1lnym rie\u0161en\u00edm do modern\u00fdch a minimalistick\u00fdch interi\u00e9rov. Jeho estetick\u00fd vzh\u013ead a <strong>premyslen\u00e9 usporiadanie<\/strong> ho predur\u010duj\u00fa do ob\u00fdva\u010dky, sal\u00f3nika alebo multimedi\u00e1lneho priestoru. Kombin\u00e1cia tepl\u00e9ho dubu Viking s <strong>elegantn\u00fdm ka\u0161m\u00edrom<\/strong> a kontrastn\u00fdm<strong> \u010diernym r\u00e1mom<\/strong> dvierok vitr\u00edny prin\u00e1\u0161a jedine\u010dn\u00fa estetiku do ka\u017ed\u00e9ho interi\u00e9ru. <strong>Vstavan\u00e9 LED osvetlenie<\/strong> vytv\u00e1ra atmosf\u00e9rick\u00fa atmosf\u00e9ru a zv\u00fdraz\u0148uje exponovan\u00e9 prvky. Ide o kus n\u00e1bytku, ktor\u00fd vn\u00e1\u0161a do interi\u00e9ru harm\u00f3niu a \u0161t\u00fdl a z\u00e1rove\u0148 pon\u00faka komfort pre ka\u017edodenn\u00e9 pou\u017e\u00edvanie.<\/p>\n<p>Farba: korpus \u2013 ka\u0161m\u00edr \/ dub viking<\/p>\n<p>Celkov\u00e9 rozmery (\u0160\/V\/H): 240cm \/ 125cm \/ 35cm<\/p>\n<p>Dod\u00e1van\u00e9 v demonte<\/p>\n","protected":false},"excerpt":{"rendered":"<p>Ob\u00fdvacia stena NERRE je modern\u00e1 RTV zostava s LED podsvieten\u00edm. H\u013ead\u00e1te n\u00e1bytok, ktor\u00fd sp\u00e1ja modern\u00fd \u0161t\u00fdl, funk\u010dnos\u0165 a vysok\u00fa kvalitu spracovania? N\u00e1stenn\u00e1 ob\u00fdvacia stena NERRE je ide\u00e1lnym rie\u0161en\u00edm do modern\u00fdch a minimalistick\u00fdch interi\u00e9rov. Jeho estetick\u00fd vzh\u013ead a premyslen\u00e9 usporiadanie ho predur\u010duj\u00fa do ob\u00fdva\u010dky, sal\u00f3nika alebo multimedi\u00e1lneho priestoru. Kombin\u00e1cia tepl\u00e9ho dubu Viking s elegantn\u00fdm ka\u0161m\u00edrom a&#8230;<\/p>\n","protected":false},"featured_media":123557,"comment_status":"closed","ping_status":"closed","template":"","meta":{"_seopress_robots_primary_cat":"none","_seopress_titles_title":"","_seopress_titles_desc":"","_seopress_robots_index":""},"product_brand":[],"product_cat":[182,251],"product_tag":[],"class_list":{"0":"post-123542","1":"product","2":"type-product","3":"status-publish","4":"has-post-thumbnail","6":"product_cat-obyvacie-steny","7":"product_cat-steny","9":"first","10":"instock","11":"shipping-taxable","12":"purchasable","13":"product-type-simple"},"_links":{"self":[{"href":"https:\/\/nabytoklaguna.sk\/sk\/wp-json\/wp\/v2\/product\/123542","targetHints":{"allow":["GET"]}}],"collection":[{"href":"https:\/\/nabytoklaguna.sk\/sk\/wp-json\/wp\/v2\/product"}],"about":[{"href":"https:\/\/nabytoklaguna.sk\/sk\/wp-json\/wp\/v2\/types\/product"}],"replies":[{"embeddable":true,"href":"https:\/\/nabytoklaguna.sk\/sk\/wp-json\/wp\/v2\/comments?post=123542"}],"wp:featuredmedia":[{"embeddable":true,"href":"https:\/\/nabytoklaguna.sk\/sk\/wp-json\/wp\/v2\/media\/123557"}],"wp:attachment":[{"href":"https:\/\/nabytoklaguna.sk\/sk\/wp-json\/wp\/v2\/media?parent=123542"}],"wp:term":[{"taxonomy":"product_brand","embeddable":true,"href":"https:\/\/nabytoklaguna.sk\/sk\/wp-json\/wp\/v2\/product_brand?post=123542"},{"taxonomy":"product_cat","embeddable":true,"href":"https:\/\/nabytoklaguna.sk\/sk\/wp-json\/wp\/v2\/product_cat?post=123542"},{"taxonomy":"product_tag","embeddable":true,"href":"https:\/\/nabytoklaguna.sk\/sk\/wp-json\/wp\/v2\/product_tag?post=123542"}],"curies":[{"name":"wp","href":"https:\/\/api.w.org\/{rel}","templated":true}]}}