{"id":123579,"date":"2025-06-02T14:32:55","date_gmt":"2025-06-02T12:32:55","guid":{"rendered":"https:\/\/nabytoklaguna.sk\/sk\/?post_type=product&#038;p=123579"},"modified":"2026-02-18T08:33:12","modified_gmt":"2026-02-18T07:33:12","slug":"matrac-bara","status":"publish","type":"product","link":"https:\/\/nabytoklaguna.sk\/sk\/produkt\/matrac-bara\/","title":{"rendered":"MATRAC BARA"},"content":{"rendered":"<p>Matrac <strong>BARA\u00a0<\/strong> komfortn\u00fd, vyroben\u00fd pre klientov, ktor\u00ed uprednost\u0148uj\u00fa <strong>m\u00e4kk\u00e9<\/strong> a\u017e stredne tvrd\u00e9 matrace.<strong>\u00a0 Ide\u00e1lny pre deti a dorast.<\/strong> Jadro matraca je vyroben\u00e9<strong> z <\/strong>vysokokvalitnej <strong>OrthoPUR peny\u00a0 profilovanej\u00a0 do 7 z\u00f3n.\u00a0 <\/strong>Z\u00f3novanie matraca zlep\u0161uje komfort pri sp\u00e1nku a zabezpe\u010duje lep\u0161ie odvetr\u00e1vanie jadra. Hustota peny zabezpe\u010duje, \u017ee matrac sa ani po dlh\u0161om pou\u017e\u00edvan\u00ed neprele\u017e\u00ed. Odzipsovate\u013en\u00fd po\u0165ah Basic 100% polyester s <strong>protirozto\u010dovou\u00a0 a antialergickou \u00fapravou<\/strong>. Po\u0165ah je prate\u013en\u00fd na 60 \u00baC.\u00a0 Je vhodn\u00fd na lamelov\u00fd ro\u0161t pevn\u00fd aj polohovate\u013en\u00fd.<\/p>\n<p>Dod\u00e1van\u00fd v\u00e1kuovo balen\u00fd v rolke.<\/p>\n<ul>\n<li>Celkov\u00e1 v\u00fd\u0161ka matraca je 17 cm.<\/li>\n<li>Tuhos\u0165 2<\/li>\n<li>Maxim\u00e1lna nosnos\u0165 100 kg<\/li>\n<li>SLOVENSK\u00dd v\u00fdrobca<br \/>\n<table>\n<tbody>\n<tr>\n<td><strong>Tuhos\u0165:<\/strong><\/td>\n<td>2<\/td>\n<\/tr>\n<tr>\n<td><strong>V\u00e1hov\u00e1 kateg\u00f3ria:<\/strong><\/td>\n<td>do 100 kg<\/td>\n<\/tr>\n<tr>\n<td><strong>Po\u010det z\u00f3n:<\/strong><\/td>\n<td>7<\/td>\n<\/tr>\n<tr>\n<td><strong>Materi\u00e1l:<\/strong><\/td>\n<td>OrthoPUR pena<\/td>\n<\/tr>\n<tr>\n<td><strong>Po\u0165ah:<\/strong><\/td>\n<td>z\u00f3novo pre\u0161it\u00fd, sn\u00edmate\u013en\u00fd a prate\u013en\u00fd pri 60 stup\u0148och<\/td>\n<\/tr>\n<tr>\n<td><strong>Typ matraca<\/strong>:<\/td>\n<td>obojstrann\u00fd<\/td>\n<\/tr>\n<tr>\n<td><strong>V\u00fd\u0161ka matraca:<\/strong><\/td>\n<td>17 cm<\/td>\n<\/tr>\n<tr>\n<td><strong>V\u00fdrobca:<\/strong><\/td>\n<td>Slovensko<\/td>\n<\/tr>\n<\/tbody>\n<\/table>\n<\/li>\n<\/ul>\n","protected":false},"excerpt":{"rendered":"<p>Matrac BARA\u00a0 komfortn\u00fd, vyroben\u00fd pre klientov, ktor\u00ed uprednost\u0148uj\u00fa m\u00e4kk\u00e9 a\u017e stredne tvrd\u00e9 matrace.\u00a0 Ide\u00e1lny pre deti a dorast. Jadro matraca je vyroben\u00e9 z vysokokvalitnej OrthoPUR peny\u00a0 profilovanej\u00a0 do 7 z\u00f3n.\u00a0 Z\u00f3novanie matraca zlep\u0161uje komfort pri sp\u00e1nku a zabezpe\u010duje lep\u0161ie odvetr\u00e1vanie jadra. Hustota peny zabezpe\u010duje, \u017ee matrac sa ani po dlh\u0161om pou\u017e\u00edvan\u00ed neprele\u017e\u00ed. Odzipsovate\u013en\u00fd po\u0165ah Basic&#8230;<\/p>\n","protected":false},"featured_media":123584,"comment_status":"closed","ping_status":"closed","template":"","meta":{"_seopress_robots_primary_cat":"none","_seopress_titles_title":"","_seopress_titles_desc":"","_seopress_robots_index":""},"product_brand":[],"product_cat":[1101,227,229],"product_tag":[],"class_list":{"0":"post-123579","1":"product","2":"type-product","3":"status-publish","4":"has-post-thumbnail","6":"product_cat-luxusne","7":"product_cat-rosty-matrace","8":"product_cat-matrace","10":"first","11":"instock","12":"shipping-taxable","13":"purchasable","14":"product-type-variable"},"_links":{"self":[{"href":"https:\/\/nabytoklaguna.sk\/sk\/wp-json\/wp\/v2\/product\/123579","targetHints":{"allow":["GET"]}}],"collection":[{"href":"https:\/\/nabytoklaguna.sk\/sk\/wp-json\/wp\/v2\/product"}],"about":[{"href":"https:\/\/nabytoklaguna.sk\/sk\/wp-json\/wp\/v2\/types\/product"}],"replies":[{"embeddable":true,"href":"https:\/\/nabytoklaguna.sk\/sk\/wp-json\/wp\/v2\/comments?post=123579"}],"wp:featuredmedia":[{"embeddable":true,"href":"https:\/\/nabytoklaguna.sk\/sk\/wp-json\/wp\/v2\/media\/123584"}],"wp:attachment":[{"href":"https:\/\/nabytoklaguna.sk\/sk\/wp-json\/wp\/v2\/media?parent=123579"}],"wp:term":[{"taxonomy":"product_brand","embeddable":true,"href":"https:\/\/nabytoklaguna.sk\/sk\/wp-json\/wp\/v2\/product_brand?post=123579"},{"taxonomy":"product_cat","embeddable":true,"href":"https:\/\/nabytoklaguna.sk\/sk\/wp-json\/wp\/v2\/product_cat?post=123579"},{"taxonomy":"product_tag","embeddable":true,"href":"https:\/\/nabytoklaguna.sk\/sk\/wp-json\/wp\/v2\/product_tag?post=123579"}],"curies":[{"name":"wp","href":"https:\/\/api.w.org\/{rel}","templated":true}]}}