{"id":123612,"date":"2025-06-03T17:00:53","date_gmt":"2025-06-03T15:00:53","guid":{"rendered":"https:\/\/nabytoklaguna.sk\/sk\/?post_type=product&#038;p=123612"},"modified":"2025-06-04T11:05:27","modified_gmt":"2025-06-04T09:05:27","slug":"nersto-lux-b-obyvacia-stena","status":"publish","type":"product","link":"https:\/\/nabytoklaguna.sk\/sk\/produkt\/nersto-lux-b-obyvacia-stena\/","title":{"rendered":"Nersto Lux B ob\u00fdvacia stena"},"content":{"rendered":"<p>Modern\u00e1 ob\u00fdvacia stena\u00a0<strong>NERSTO<\/strong>\u00a0s LED podsvieten\u00edm\u00a0je stelesnen\u00edm modern\u00e9ho dizajnu. Vytvoren\u00e9 pre t\u00fdch, ktor\u00ed si cenia eleganciu, funk\u010dnos\u0165 a \u0161t\u00fdl. Minimalistick\u00fd tvar,\u00a0<strong>ozdobn\u00e9 dubov\u00e9 lamely<\/strong>\u00a0a\u00a0<strong>kontrastn\u00e9 ka\u0161m\u00edrov\u00e9 \u010del\u00e1<\/strong> dod\u00e1vaj\u00fa interi\u00e9ru jedine\u010dn\u00fd charakter.<\/p>\n<p>N\u00e1stenn\u00e1 ob\u00fdvacia zostava<strong> NERSTO<\/strong>\u00a0sa perfektne hod\u00ed do ob\u00fdva\u010dky \u2013 ako centrum dom\u00e1cej z\u00e1bavy alebo modern\u00e1 relaxa\u010dn\u00e1 z\u00f3na.\u00a0<strong>Dekorat\u00edvne LED osvetlenie<\/strong>\u00a0zabudovan\u00e9 do pol\u00edc vytv\u00e1ra jedine\u010dn\u00fa atmosf\u00e9ru vo ve\u010dern\u00fdch aran\u017em\u00e1noch.<\/p>\n<p>Zostava obsahuje: 1 x presklen\u00e1 z\u00e1vesn\u00e1 vitr\u00edna,1 x TV skrinka na no\u017ei\u010dk\u00e1ch, 1 x n\u00e1stenn\u00fd panel s osvetlen\u00fdmi policami<\/p>\n<p>Farba:\u00a0 ka\u0161m\u00edr, remeseln\u00fd dub, tvrden\u00e9 sklo<\/p>\n<p>Celkov\u00e9 rozmery (\u0160\/V\/H): 280 x 200 x 35 cm<\/p>\n<p>Dod\u00e1van\u00e9 v demonte<\/p>\n","protected":false},"excerpt":{"rendered":"<p>Modern\u00e1 ob\u00fdvacia stena\u00a0NERSTO\u00a0s LED podsvieten\u00edm\u00a0je stelesnen\u00edm modern\u00e9ho dizajnu. Vytvoren\u00e9 pre t\u00fdch, ktor\u00ed si cenia eleganciu, funk\u010dnos\u0165 a \u0161t\u00fdl. Minimalistick\u00fd tvar,\u00a0ozdobn\u00e9 dubov\u00e9 lamely\u00a0a\u00a0kontrastn\u00e9 ka\u0161m\u00edrov\u00e9 \u010del\u00e1 dod\u00e1vaj\u00fa interi\u00e9ru jedine\u010dn\u00fd charakter. N\u00e1stenn\u00e1 ob\u00fdvacia zostava NERSTO\u00a0sa perfektne hod\u00ed do ob\u00fdva\u010dky \u2013 ako centrum dom\u00e1cej z\u00e1bavy alebo modern\u00e1 relaxa\u010dn\u00e1 z\u00f3na.\u00a0Dekorat\u00edvne LED osvetlenie\u00a0zabudovan\u00e9 do pol\u00edc vytv\u00e1ra jedine\u010dn\u00fa atmosf\u00e9ru vo ve\u010dern\u00fdch aran\u017em\u00e1noch&#8230;.<\/p>\n","protected":false},"featured_media":123628,"comment_status":"closed","ping_status":"closed","template":"","meta":{"_seopress_robots_primary_cat":"none","_seopress_titles_title":"","_seopress_titles_desc":"","_seopress_robots_index":""},"product_brand":[],"product_cat":[182,251],"product_tag":[],"class_list":{"0":"post-123612","1":"product","2":"type-product","3":"status-publish","4":"has-post-thumbnail","6":"product_cat-obyvacie-steny","7":"product_cat-steny","9":"first","10":"instock","11":"shipping-taxable","12":"purchasable","13":"product-type-simple"},"_links":{"self":[{"href":"https:\/\/nabytoklaguna.sk\/sk\/wp-json\/wp\/v2\/product\/123612","targetHints":{"allow":["GET"]}}],"collection":[{"href":"https:\/\/nabytoklaguna.sk\/sk\/wp-json\/wp\/v2\/product"}],"about":[{"href":"https:\/\/nabytoklaguna.sk\/sk\/wp-json\/wp\/v2\/types\/product"}],"replies":[{"embeddable":true,"href":"https:\/\/nabytoklaguna.sk\/sk\/wp-json\/wp\/v2\/comments?post=123612"}],"wp:featuredmedia":[{"embeddable":true,"href":"https:\/\/nabytoklaguna.sk\/sk\/wp-json\/wp\/v2\/media\/123628"}],"wp:attachment":[{"href":"https:\/\/nabytoklaguna.sk\/sk\/wp-json\/wp\/v2\/media?parent=123612"}],"wp:term":[{"taxonomy":"product_brand","embeddable":true,"href":"https:\/\/nabytoklaguna.sk\/sk\/wp-json\/wp\/v2\/product_brand?post=123612"},{"taxonomy":"product_cat","embeddable":true,"href":"https:\/\/nabytoklaguna.sk\/sk\/wp-json\/wp\/v2\/product_cat?post=123612"},{"taxonomy":"product_tag","embeddable":true,"href":"https:\/\/nabytoklaguna.sk\/sk\/wp-json\/wp\/v2\/product_tag?post=123612"}],"curies":[{"name":"wp","href":"https:\/\/api.w.org\/{rel}","templated":true}]}}