{"id":123644,"date":"2025-06-04T12:42:51","date_gmt":"2025-06-04T10:42:51","guid":{"rendered":"https:\/\/nabytoklaguna.sk\/sk\/?post_type=product&#038;p=123644"},"modified":"2025-06-10T12:49:45","modified_gmt":"2025-06-10T10:49:45","slug":"try-obyvacia-stena","status":"publish","type":"product","link":"https:\/\/nabytoklaguna.sk\/sk\/produkt\/try-obyvacia-stena\/","title":{"rendered":"NERTRY ob\u00fdvacia stena"},"content":{"rendered":"<p>Ob\u00fdvacia stena <strong>NERTRY<\/strong> je stelesnen\u00edm elegantn\u00e9ho a funk\u010dn\u00e9ho rie\u0161enia, ktor\u00e9 sa dokonale hod\u00ed do modern\u00fdch interi\u00e9rov. V\u010faka jednoduch\u00fdm l\u00edni\u00e1m a <strong>minimalistick\u00e9mu dizajnu<\/strong> je n\u00e1bytkov\u00e1 zostava <strong>NERTRY<\/strong> vynikaj\u00facou vo\u013ebou pre \u013eud\u00ed, ktor\u00ed si cenia <strong>\u0161t\u00fdl a pohodlie<\/strong> v jednom. Jednoduch\u00fd, elegantn\u00fd dizajn rob\u00ed zostavu <strong>NERTRY<\/strong> perfektne sa hodiacou do r\u00f4znych \u0161t\u00fdlov, \u010d\u00edm miestnosti dod\u00e1va \u013eahkos\u0165 a modern\u00fd charakter. <strong>Premyslen\u00e9 usporiadanie<\/strong> pol\u00edc, skriniek a priestoru pre telev\u00edzor poskytuje pohodlie a umo\u017e\u0148uje estetick\u00e9 ulo\u017eenie predmetov a multimedi\u00e1lnych zariaden\u00ed. <strong>Dekorat\u00edvne biele LED osvetlenie<\/strong> zabudovan\u00e9 do police vytv\u00e1ra jedine\u010dn\u00fa atmosf\u00e9ru. Syst\u00e9m otv\u00e1rania je <strong>push-click.<\/strong><\/p>\n<p>Farebn\u00e9 prevedenie: korpus: Antracit, Wotan \/ predn\u00e1 strana: Antracit PVC, Wotan PVC, sklenen\u00e9 prvky s\u00fa vyroben\u00e9 z bezpe\u010dnostn\u00e9ho tvrden\u00e9ho skla<\/p>\n<p>Celkov\u00e9 rozmery (\u0161\/v\/h): 210 x 162 x 30 cm<\/p>\n<p>Dod\u00e1van\u00e9 v demonte.<\/p>\n","protected":false},"excerpt":{"rendered":"<p>Ob\u00fdvacia stena NERTRY je stelesnen\u00edm elegantn\u00e9ho a funk\u010dn\u00e9ho rie\u0161enia, ktor\u00e9 sa dokonale hod\u00ed do modern\u00fdch interi\u00e9rov. V\u010faka jednoduch\u00fdm l\u00edni\u00e1m a minimalistick\u00e9mu dizajnu je n\u00e1bytkov\u00e1 zostava NERTRY vynikaj\u00facou vo\u013ebou pre \u013eud\u00ed, ktor\u00ed si cenia \u0161t\u00fdl a pohodlie v jednom. Jednoduch\u00fd, elegantn\u00fd dizajn rob\u00ed zostavu NERTRY perfektne sa hodiacou do r\u00f4znych \u0161t\u00fdlov, \u010d\u00edm miestnosti dod\u00e1va \u013eahkos\u0165 a&#8230;<\/p>\n","protected":false},"featured_media":123658,"comment_status":"closed","ping_status":"closed","template":"","meta":{"_seopress_robots_primary_cat":"none","_seopress_titles_title":"","_seopress_titles_desc":"","_seopress_robots_index":""},"product_brand":[],"product_cat":[182,251],"product_tag":[],"class_list":{"0":"post-123644","1":"product","2":"type-product","3":"status-publish","4":"has-post-thumbnail","6":"product_cat-obyvacie-steny","7":"product_cat-steny","9":"first","10":"instock","11":"shipping-taxable","12":"purchasable","13":"product-type-simple"},"_links":{"self":[{"href":"https:\/\/nabytoklaguna.sk\/sk\/wp-json\/wp\/v2\/product\/123644","targetHints":{"allow":["GET"]}}],"collection":[{"href":"https:\/\/nabytoklaguna.sk\/sk\/wp-json\/wp\/v2\/product"}],"about":[{"href":"https:\/\/nabytoklaguna.sk\/sk\/wp-json\/wp\/v2\/types\/product"}],"replies":[{"embeddable":true,"href":"https:\/\/nabytoklaguna.sk\/sk\/wp-json\/wp\/v2\/comments?post=123644"}],"wp:featuredmedia":[{"embeddable":true,"href":"https:\/\/nabytoklaguna.sk\/sk\/wp-json\/wp\/v2\/media\/123658"}],"wp:attachment":[{"href":"https:\/\/nabytoklaguna.sk\/sk\/wp-json\/wp\/v2\/media?parent=123644"}],"wp:term":[{"taxonomy":"product_brand","embeddable":true,"href":"https:\/\/nabytoklaguna.sk\/sk\/wp-json\/wp\/v2\/product_brand?post=123644"},{"taxonomy":"product_cat","embeddable":true,"href":"https:\/\/nabytoklaguna.sk\/sk\/wp-json\/wp\/v2\/product_cat?post=123644"},{"taxonomy":"product_tag","embeddable":true,"href":"https:\/\/nabytoklaguna.sk\/sk\/wp-json\/wp\/v2\/product_tag?post=123644"}],"curies":[{"name":"wp","href":"https:\/\/api.w.org\/{rel}","templated":true}]}}