{"id":123779,"date":"2025-06-05T16:35:29","date_gmt":"2025-06-05T14:35:29","guid":{"rendered":"https:\/\/nabytoklaguna.sk\/sk\/?post_type=product&#038;p=123779"},"modified":"2025-06-05T16:45:43","modified_gmt":"2025-06-05T14:45:43","slug":"jardsor-2","status":"publish","type":"product","link":"https:\/\/nabytoklaguna.sk\/sk\/produkt\/jardsor-2\/","title":{"rendered":"JARDSOR"},"content":{"rendered":"<p>Pre milovn\u00edkov klasiky, harm\u00f3nie a elegantnej jednoduchosti. Kolekcia <strong>JARDSOR<\/strong> je kombin\u00e1ciou nad\u010dasov\u00e9ho \u0161t\u00fdlu a funk\u010dnosti, ktor\u00e1 vnesie do v\u00e1\u0161ho interi\u00e9ru harm\u00f3niu a eleganciu. Jemn\u00e9 fr\u00e9zovanie na predn\u00fdch stran\u00e1ch, minimalistick\u00e9 \u00fachytky a dokonal\u00e9 zladen\u00e9 proporcie dod\u00e1vaj\u00fa n\u00e1bytku jedine\u010dn\u00fd charakter. Dizajn, ktor\u00fd sa hod\u00ed do ka\u017ed\u00e9ho interi\u00e9ru.\u00a0 Jemn\u00e9, pr\u00edrodn\u00e9 farby kolekcie<strong> JARDSOR<\/strong> z nej robia perfektn\u00fd doplnok pre klasick\u00e9 aj modern\u00e9 zariadenia. Pr\u00edrodn\u00e9 dreven\u00e9 akcenty zahrej\u00fa priestor a vytvoria \u00fatuln\u00fa, no z\u00e1rove\u0148 \u0161t\u00fdlov\u00fa ob\u00fdva\u010dku.<\/p>\n<p><strong>Ob\u00fdvacia stena pozost\u00e1va z komponentov:\u00a0<\/strong><\/p>\n<ul>\n<li>JARDSOR\u00a0 05\u00a0 \u00a0\u2013 vitr\u00edna\u00a0 \u00a0 \u00a0 \u00a0 \u00a0 \u00a0 \u00a0 \u00a0 \u00a0 \u00a0 \u00a0 \u00a0 \u2013\u00a0 Rozmery: \u0161xhxv: 92&#215;40,5&#215;150 cm<\/li>\n<li>JARDSOR\u00a0 06\u00a0 \u00a0\u2013 vitr\u00edna\u00a0 \u00a0 \u00a0 \u00a0 \u00a0 \u00a0 \u00a0 \u00a0 \u00a0 \u00a0 \u00a0 \u00a0 \u2013\u00a0 Rozmery: \u0161xhxv: 55&#215;40,5&#215;193 cm<\/li>\n<li>JARDSOR\u00a0 09\u00a0 \u00a0\u2013 tv stol\u00edk\u00a0 \u00a0 \u00a0 \u00a0 \u00a0 \u00a0 \u00a0 \u00a0 \u00a0 \u00a0 \u00a0 \u2013\u00a0 Rozmery: \u0161xhxv: 179&#215;40,5&#215;62 cm<\/li>\n<li>JARDSOR\u00a0 12\u00a0 \u00a0\u2013 konferen\u010dn\u00fd stol\u00edk\u00a0 \u00a0 \u00a0 \u2013\u00a0 Rozmery: \u0161xhxv: 90x68x42 cm<\/li>\n<\/ul>\n<p><strong>Z jednotliv\u00fdch komponentov si m\u00f4\u017eete vysklada\u0165 ob\u00fdvaciu stenu pod\u013ea Va\u0161ich predst\u00e1v:<\/strong><\/p>\n<ul>\n<li>JARDSOR\u00a0 01\u00a0 \u00a0\u2013 komoda\u00a0 \u00a0 \u00a0 \u00a0 \u00a0 \u00a0 \u00a0 \u00a0 \u00a0 \u00a0 \u00a0\u2013\u00a0 Rozmery: \u0161xhxv: 135&#215;40,5&#215;100 cm<\/li>\n<li>JARDSOR\u00a0 02\u00a0 \u00a0\u2013 komoda\u00a0 \u00a0 \u00a0 \u00a0 \u00a0 \u00a0 \u00a0 \u00a0 \u00a0 \u00a0 \u00a0\u2013\u00a0 Rozmery: \u0161xhxv: 179&#215;40,5&#215;100 cm<\/li>\n<li>JARDSOR \u00a003\u00a0 \u00a0\u2013 komoda\u00a0 \u00a0 \u00a0 \u00a0 \u00a0 \u00a0 \u00a0 \u00a0 \u00a0 \u00a0 \u00a0\u2013\u00a0 Rozmery: \u0161xhxv: 135&#215;40,5&#215;100 cm<\/li>\n<li>JARDSOR\u00a0 04\u00a0 \u00a0\u2013 komoda\u00a0 \u00a0 \u00a0 \u00a0 \u00a0 \u00a0 \u00a0 \u00a0 \u00a0 \u00a0 \u00a0\u2013\u00a0 Rozmery: \u0161xhxv: 92&#215;40,5&#215;125 cm<\/li>\n<li>JARDSOR\u00a0 05\u00a0 \u00a0\u2013 vitr\u00edna\u00a0 \u00a0 \u00a0 \u00a0 \u00a0 \u00a0 \u00a0 \u00a0 \u00a0 \u00a0 \u00a0 \u00a0 \u2013\u00a0 Rozmery: \u0161xhxv: 92&#215;40,5&#215;150 cm<\/li>\n<li>JARDSOR\u00a0 06\u00a0 \u00a0\u2013 vitr\u00edna\u00a0 \u00a0 \u00a0 \u00a0 \u00a0 \u00a0 \u00a0 \u00a0 \u00a0 \u00a0 \u00a0 \u00a0 \u2013\u00a0 Rozmery: \u0161xhxv: 55&#215;40,5&#215;193 cm<\/li>\n<li>JARDSOR\u00a0 07\u00a0 \u00a0\u2013 vitr\u00edna\u00a0 \u00a0 \u00a0 \u00a0 \u00a0 \u00a0 \u00a0 \u00a0 \u00a0 \u00a0 \u00a0 \u00a0 \u2013\u00a0 Rozmery: \u0161xhxv: 141&#215;40,5&#215;125 cm<\/li>\n<li>JARDSOR\u00a0 08\u00a0 \u00a0\u2013 tv stol\u00edk\u00a0 \u00a0 \u00a0 \u00a0 \u00a0 \u00a0 \u00a0 \u00a0 \u00a0 \u00a0 \u00a0 \u2013\u00a0 Rozmery: \u0161xhxv: 135&#215;40,5&#215;62 cm<\/li>\n<li>JARDSOR\u00a0 09\u00a0 \u00a0\u2013 tv stol\u00edk\u00a0 \u00a0 \u00a0 \u00a0 \u00a0 \u00a0 \u00a0 \u00a0 \u00a0 \u00a0 \u00a0 \u2013\u00a0 Rozmery: \u0161xhxv: 179&#215;40,5&#215;62 cm<\/li>\n<li>JARDSOR\u00a0 10\u00a0 \u00a0\u2013 skri\u0148a\u00a0 \u00a0 \u00a0 \u00a0 \u00a0 \u00a0 \u00a0 \u00a0 \u00a0 \u00a0 \u00a0 \u00a0 \u00a0\u2013\u00a0 Rozmery: \u0161xhxv: 92&#215;54,5&#215;193 cm<\/li>\n<li>JARDSOR\u00a0 11\u00a0 \u00a0\u2013 no\u010dn\u00fd stol\u00edk\u00a0 \u00a0 \u00a0 \u00a0 \u00a0 \u00a0 \u00a0 \u00a0 \u2013\u00a0 Rozmery: \u0161xhxv: 45&#215;40,5&#215;62 cm<\/li>\n<li>JARDSOR\u00a0 12\u00a0 \u00a0\u2013 konferen\u010dn\u00fd stol\u00edk\u00a0 \u00a0 \u00a0 \u2013\u00a0 Rozmery: \u0161xhxv: 90x68x42 cm<\/li>\n<\/ul>\n<div class=\"product-sizes\"><\/div>\n<div class=\"product-sizes\">\n<div class=\"product-sizes\">\n<div class=\"product-sizes\">\n<div class=\"product-sizes\"><\/div>\n<div class=\"product-sizes\">\n<p>&nbsp;<\/p>\n<\/div>\n<\/div>\n<\/div>\n<div class=\"product-sizes\">\n<div class=\"product-sizes\">\n<div class=\"product-sizes\">\n<div class=\"product-sizes\">\n<div class=\"product-sizes\"><\/div>\n<div class=\"product-sizes\">\n<p>&nbsp;<\/p>\n<\/div>\n<\/div>\n<\/div>\n<\/div>\n<div class=\"product-sizes\">\n<div class=\"product-sizes\"><\/div>\n<div class=\"product-sizes\">\n<p>&nbsp;<\/p>\n<\/div>\n<\/div>\n<\/div>\n<\/div>\n<div class=\"product-sizes\"><\/div>\n<div class=\"product-sizes\">\n<p>&nbsp;<\/p>\n<\/div>\n<div class=\"product-sizes\"><\/div>\n<div class=\"product-sizes\">\n<p>&nbsp;<\/p>\n<\/div>\n<div class=\"product-sizes\"><\/div>\n<div class=\"product-sizes\">\n<p>&nbsp;<\/p>\n<\/div>\n","protected":false},"excerpt":{"rendered":"<p>Pre milovn\u00edkov klasiky, harm\u00f3nie a elegantnej jednoduchosti. Kolekcia JARDSOR je kombin\u00e1ciou nad\u010dasov\u00e9ho \u0161t\u00fdlu a funk\u010dnosti, ktor\u00e1 vnesie do v\u00e1\u0161ho interi\u00e9ru harm\u00f3niu a eleganciu. Jemn\u00e9 fr\u00e9zovanie na predn\u00fdch stran\u00e1ch, minimalistick\u00e9 \u00fachytky a dokonal\u00e9 zladen\u00e9 proporcie dod\u00e1vaj\u00fa n\u00e1bytku jedine\u010dn\u00fd charakter. Dizajn, ktor\u00fd sa hod\u00ed do ka\u017ed\u00e9ho interi\u00e9ru.\u00a0 Jemn\u00e9, pr\u00edrodn\u00e9 farby kolekcie JARDSOR z nej robia perfektn\u00fd doplnok&#8230;<\/p>\n","protected":false},"featured_media":123731,"comment_status":"closed","ping_status":"closed","template":"","meta":{"_seopress_robots_primary_cat":"none","_seopress_titles_title":"","_seopress_titles_desc":"","_seopress_robots_index":""},"product_brand":[],"product_cat":[182,251],"product_tag":[],"class_list":{"0":"post-123779","1":"product","2":"type-product","3":"status-publish","4":"has-post-thumbnail","6":"product_cat-obyvacie-steny","7":"product_cat-steny","8":"pa_typ-produktu-w1","9":"pa_typ-produktu-w10","10":"pa_typ-produktu-w11","11":"pa_typ-produktu-w12","12":"pa_typ-produktu-w2","13":"pa_typ-produktu-w3","14":"pa_typ-produktu-w4","15":"pa_typ-produktu-w5","16":"pa_typ-produktu-w6","17":"pa_typ-produktu-w7","18":"pa_typ-produktu-w8","19":"pa_typ-produktu-w9","21":"first","22":"instock","23":"shipping-taxable","24":"purchasable","25":"product-type-simple"},"_links":{"self":[{"href":"https:\/\/nabytoklaguna.sk\/sk\/wp-json\/wp\/v2\/product\/123779","targetHints":{"allow":["GET"]}}],"collection":[{"href":"https:\/\/nabytoklaguna.sk\/sk\/wp-json\/wp\/v2\/product"}],"about":[{"href":"https:\/\/nabytoklaguna.sk\/sk\/wp-json\/wp\/v2\/types\/product"}],"replies":[{"embeddable":true,"href":"https:\/\/nabytoklaguna.sk\/sk\/wp-json\/wp\/v2\/comments?post=123779"}],"wp:featuredmedia":[{"embeddable":true,"href":"https:\/\/nabytoklaguna.sk\/sk\/wp-json\/wp\/v2\/media\/123731"}],"wp:attachment":[{"href":"https:\/\/nabytoklaguna.sk\/sk\/wp-json\/wp\/v2\/media?parent=123779"}],"wp:term":[{"taxonomy":"product_brand","embeddable":true,"href":"https:\/\/nabytoklaguna.sk\/sk\/wp-json\/wp\/v2\/product_brand?post=123779"},{"taxonomy":"product_cat","embeddable":true,"href":"https:\/\/nabytoklaguna.sk\/sk\/wp-json\/wp\/v2\/product_cat?post=123779"},{"taxonomy":"product_tag","embeddable":true,"href":"https:\/\/nabytoklaguna.sk\/sk\/wp-json\/wp\/v2\/product_tag?post=123779"}],"curies":[{"name":"wp","href":"https:\/\/api.w.org\/{rel}","templated":true}]}}