{"id":123849,"date":"2025-06-09T16:55:40","date_gmt":"2025-06-09T14:55:40","guid":{"rendered":"https:\/\/nabytoklaguna.sk\/sk\/?post_type=product&#038;p=123849"},"modified":"2025-06-10T12:24:53","modified_gmt":"2025-06-10T10:24:53","slug":"marino-obyvacia-stena","status":"publish","type":"product","link":"https:\/\/nabytoklaguna.sk\/sk\/produkt\/marino-obyvacia-stena\/","title":{"rendered":"Nerino ob\u00fdvacia stena"},"content":{"rendered":"<p>Ob\u00fdvacia stena <strong>NERINO<\/strong> je zostava ur\u010den\u00e1 \u013eu\u010fom, ktor\u00ed h\u013eadaj\u00fa a oce\u0148uj\u00fa minimalizmus v kombin\u00e1cii s<strong> atrakt\u00edvnymi farbami.<\/strong> T\u00e1to n\u00e1stenn\u00e1 skrinka mal\u00fdch rozmerov bude vyzera\u0165 skvele v modern\u00fdch interi\u00e9roch alebo v elegantn\u00fdch glamour aran\u017em\u00e1noch. Ob\u00fdvacia stena sa sklad\u00e1 z<strong> telev\u00edznej skrinky a vitr\u00edny<\/strong>, ktor\u00e9 tvoria jeden kompaktn\u00fd celok. <strong>RTV skrinka<\/strong> je vybaven\u00e1 dvojicou v\u00fdklopn\u00fdch dvierok, za ktor\u00fdmi sa nach\u00e1dza priestor rozdelen\u00fd na dve \u010dasti, \u010do umo\u017e\u0148uje ulo\u017ei\u0165 r\u00f4zne predmety alebo pr\u00edslu\u0161enstvo k telev\u00edzoru. <strong>Vitr\u00edna<\/strong> je \u010diasto\u010dne<strong> presklen\u00e1,<\/strong> \u010do umo\u017e\u0148uje vystavi\u0165 dekor\u00e1cie alebo fotografie. V\u00fdhodou je <strong>osvetlen\u00e1 polica<\/strong>, ktor\u00e1 ve\u010der vytvor\u00ed v ob\u00fdva\u010dke v\u00fdnimo\u010dn\u00fa atmosf\u00e9ru. <strong>LED osvetlenie je v cene. <\/strong>Druh\u00e1 \u010das\u0165 vitr\u00edny je vybaven\u00e1 \u0161tandardn\u00fdmi policami, na ktor\u00e9 mo\u017eno umiestni\u0165 r\u00f4zne predmety. Modern\u00e1 ob\u00fdvacia zostava<strong> NERINO<\/strong>\u00a0je vybaven\u00e1 syst\u00e9mom otv\u00e1rania skrinky <strong>&#8220;push to open&#8221;<\/strong> bez \u00fachytiek. Na otvorenie skrinky sta\u010d\u00ed stla\u010di\u0165 jej predn\u00fa \u010das\u0165.<\/p>\n<p>Farebn\u00e9 prevedenie:\u00a0korpus: dub Flagstaff, tmavomodr\u00fd \/ predn\u00e1 strana: dub Flagstaff, tmavomodr\u00fd, sklenen\u00e9 prvky s\u00fa vyroben\u00e9 z bezpe\u010dnostn\u00e9ho tvrden\u00e9ho skla<\/p>\n<p>Celkov\u00e9 rozmery (\u0161\/v\/h): 210 x 162 x40 cm<\/p>\n<p>Dod\u00e1van\u00e9 v demonte.<\/p>\n","protected":false},"excerpt":{"rendered":"<p>Ob\u00fdvacia stena NERINO je zostava ur\u010den\u00e1 \u013eu\u010fom, ktor\u00ed h\u013eadaj\u00fa a oce\u0148uj\u00fa minimalizmus v kombin\u00e1cii s atrakt\u00edvnymi farbami. T\u00e1to n\u00e1stenn\u00e1 skrinka mal\u00fdch rozmerov bude vyzera\u0165 skvele v modern\u00fdch interi\u00e9roch alebo v elegantn\u00fdch glamour aran\u017em\u00e1noch. Ob\u00fdvacia stena sa sklad\u00e1 z telev\u00edznej skrinky a vitr\u00edny, ktor\u00e9 tvoria jeden kompaktn\u00fd celok. RTV skrinka je vybaven\u00e1 dvojicou v\u00fdklopn\u00fdch dvierok, za&#8230;<\/p>\n","protected":false},"featured_media":123865,"comment_status":"closed","ping_status":"closed","template":"","meta":{"_seopress_robots_primary_cat":"none","_seopress_titles_title":"","_seopress_titles_desc":"","_seopress_robots_index":""},"product_brand":[],"product_cat":[182,251],"product_tag":[],"class_list":{"0":"post-123849","1":"product","2":"type-product","3":"status-publish","4":"has-post-thumbnail","6":"product_cat-obyvacie-steny","7":"product_cat-steny","9":"first","10":"instock","11":"shipping-taxable","12":"purchasable","13":"product-type-simple"},"_links":{"self":[{"href":"https:\/\/nabytoklaguna.sk\/sk\/wp-json\/wp\/v2\/product\/123849","targetHints":{"allow":["GET"]}}],"collection":[{"href":"https:\/\/nabytoklaguna.sk\/sk\/wp-json\/wp\/v2\/product"}],"about":[{"href":"https:\/\/nabytoklaguna.sk\/sk\/wp-json\/wp\/v2\/types\/product"}],"replies":[{"embeddable":true,"href":"https:\/\/nabytoklaguna.sk\/sk\/wp-json\/wp\/v2\/comments?post=123849"}],"wp:featuredmedia":[{"embeddable":true,"href":"https:\/\/nabytoklaguna.sk\/sk\/wp-json\/wp\/v2\/media\/123865"}],"wp:attachment":[{"href":"https:\/\/nabytoklaguna.sk\/sk\/wp-json\/wp\/v2\/media?parent=123849"}],"wp:term":[{"taxonomy":"product_brand","embeddable":true,"href":"https:\/\/nabytoklaguna.sk\/sk\/wp-json\/wp\/v2\/product_brand?post=123849"},{"taxonomy":"product_cat","embeddable":true,"href":"https:\/\/nabytoklaguna.sk\/sk\/wp-json\/wp\/v2\/product_cat?post=123849"},{"taxonomy":"product_tag","embeddable":true,"href":"https:\/\/nabytoklaguna.sk\/sk\/wp-json\/wp\/v2\/product_tag?post=123849"}],"curies":[{"name":"wp","href":"https:\/\/api.w.org\/{rel}","templated":true}]}}