{"id":123874,"date":"2025-06-10T12:22:44","date_gmt":"2025-06-10T10:22:44","guid":{"rendered":"https:\/\/nabytoklaguna.sk\/sk\/?post_type=product&#038;p=123874"},"modified":"2025-06-10T12:22:44","modified_gmt":"2025-06-10T10:22:44","slug":"neroi-obyvacia-stena","status":"publish","type":"product","link":"https:\/\/nabytoklaguna.sk\/sk\/produkt\/neroi-obyvacia-stena\/","title":{"rendered":"NEROI ob\u00fdvacia stena"},"content":{"rendered":"<p>Ob\u00fdvacia stena<strong> NEROI<\/strong> je ide\u00e1lnym rie\u0161en\u00edm do modern\u00fdch interi\u00e9rov, ktor\u00e9 sp\u00e1ja eleganciu, funk\u010dnos\u0165 a sol\u00eddnos\u0165 spracovania. N\u00e1bytkov\u00e1 zostava sa sklad\u00e1 zo <strong>stojacej TV skrinky, police s otvoren\u00fdmi policami a dvierkami a z\u00e1vesnej police<\/strong>. N\u00e1bytok je vyroben\u00fd z odolnej a pevnej laminovanej dosky, ktor\u00e1 je odoln\u00e1 vo\u010di po\u0161kodeniu, \u010do sa premieta do ich dlhodob\u00e9ho pou\u017e\u00edvania. Kombin\u00e1cia dosiek v sivej farbe s moren\u00edm<strong> dub artisan <\/strong>imituj\u00facim pr\u00edrodn\u00e9 drevo dod\u00e1va n\u00e1bytku modern\u00fd, no z\u00e1rove\u0148 \u00fatuln\u00fd charakter. V\u010faka svojmu modern\u00e9mu a univerz\u00e1lnemu dizajnu t\u00e1to ob\u00fdvacia stena \u013eahko zapadne do r\u00f4znych \u0161t\u00fdlov interi\u00e9ru.<\/p>\n<p>Ob\u00fdvacia zostava je predov\u0161etk\u00fdm funk\u010dn\u00fdm rie\u0161en\u00edm, ktor\u00e9 v\u00fdrazne u\u013eah\u010d\u00ed organiz\u00e1ciu priestoru v ob\u00fdvacej izbe. <strong>TV skrinka<\/strong> poskytuje priestor pre TV alebo elektronick\u00e9 zariadenia ako dekod\u00e9r, konzola alebo reproduktory a pon\u00faka aj \u010fal\u0161\u00ed priestor na ulo\u017eenie pr\u00edslu\u0161enstva, miniaplik\u00e1ci\u00ed, hier a filmov\u00fdch diskov. Pohodln\u00fd pr\u00edstup do vn\u00fatra skrine umo\u017e\u0148uj\u00fa \u010del\u00e1, ktor\u00e9 sa otv\u00e1raj\u00fa smerom nadol, v\u010faka pou\u017eit\u00fdm plynov\u00fdm piestom. <strong>Vysok\u00e1 skrinka<\/strong> pozost\u00e1va aj z polootvorenej police s policami a dvierkami. Je to ide\u00e1lne miesto na ulo\u017eenie dokumentov, kn\u00edh, dekor\u00e1ci\u00ed a suven\u00edrov, ktor\u00e9 personalizuj\u00fa v\u00e1\u0161 priestor. V\u010faka pestr\u00e9mu priestoru m\u00f4\u017eete pohodlne ulo\u017ei\u0165 ako predmety ka\u017edodennej potreby, tak aj tie mimoriadne d\u00f4le\u017eit\u00e9. TV skrinka a polica maj\u00fa <strong>pohodln\u00e9 strieborn\u00e9 \u00fachytky<\/strong>, ktor\u00e9 ladia so siv\u00fdmi prvkami n\u00e1bytku.<strong> Z\u00e1vesn\u00e1 polica<\/strong> je ide\u00e1lnym miestom pre va\u0161e ob\u013e\u00faben\u00e9 drobnosti, ktor\u00e9 obohatia v\u00e1\u0161 TV k\u00fatik. Ob\u00fdvacia zostava je navrhnut\u00e1 tak, aby \u010do najlep\u0161ie vyu\u017eila dostupn\u00fd priestor, \u010do z nej rob\u00ed ide\u00e1lne rie\u0161enie pre mal\u00e9 miestnosti.<\/p>\n<p>V\u010faka ob\u00fdvacej stene <strong>NEROI<\/strong> sa va\u0161a ob\u00fdva\u010dka stane nielen miestom na oddych, ale aj preh\u013eadn\u00fdm priestorom, kde m\u00e1 ka\u017ed\u00fd predmet svoje miesto. Zostava <strong>NEROI<\/strong> je vynikaj\u00facou vo\u013ebou pre \u013eud\u00ed, ktor\u00ed si cenia modern\u00fd \u0161t\u00fdl, funk\u010dnos\u0165 a odolnos\u0165, ktor\u00e9 v\u00e1s bud\u00fa sprev\u00e1dza\u0165 dlh\u00e9 roky.<\/p>\n<p>Farebn\u00e9 prevedenie: korpus: dub artisan \/ perla gray<\/p>\n<p>Celkov\u00e9 rozmery (\u0161\/v\/h): 200 x 161 x 40 cm<\/p>\n<p>Dod\u00e1van\u00e9 v demonte.<\/p>\n","protected":false},"excerpt":{"rendered":"<p>Ob\u00fdvacia stena NEROI je ide\u00e1lnym rie\u0161en\u00edm do modern\u00fdch interi\u00e9rov, ktor\u00e9 sp\u00e1ja eleganciu, funk\u010dnos\u0165 a sol\u00eddnos\u0165 spracovania. N\u00e1bytkov\u00e1 zostava sa sklad\u00e1 zo stojacej TV skrinky, police s otvoren\u00fdmi policami a dvierkami a z\u00e1vesnej police. N\u00e1bytok je vyroben\u00fd z odolnej a pevnej laminovanej dosky, ktor\u00e1 je odoln\u00e1 vo\u010di po\u0161kodeniu, \u010do sa premieta do ich dlhodob\u00e9ho pou\u017e\u00edvania. Kombin\u00e1cia&#8230;<\/p>\n","protected":false},"featured_media":123888,"comment_status":"closed","ping_status":"closed","template":"","meta":{"_seopress_robots_primary_cat":"","_seopress_titles_title":"","_seopress_titles_desc":"","_seopress_robots_index":""},"product_brand":[],"product_cat":[182,251],"product_tag":[],"class_list":{"0":"post-123874","1":"product","2":"type-product","3":"status-publish","4":"has-post-thumbnail","6":"product_cat-obyvacie-steny","7":"product_cat-steny","9":"first","10":"instock","11":"shipping-taxable","12":"purchasable","13":"product-type-simple"},"_links":{"self":[{"href":"https:\/\/nabytoklaguna.sk\/sk\/wp-json\/wp\/v2\/product\/123874","targetHints":{"allow":["GET"]}}],"collection":[{"href":"https:\/\/nabytoklaguna.sk\/sk\/wp-json\/wp\/v2\/product"}],"about":[{"href":"https:\/\/nabytoklaguna.sk\/sk\/wp-json\/wp\/v2\/types\/product"}],"replies":[{"embeddable":true,"href":"https:\/\/nabytoklaguna.sk\/sk\/wp-json\/wp\/v2\/comments?post=123874"}],"wp:featuredmedia":[{"embeddable":true,"href":"https:\/\/nabytoklaguna.sk\/sk\/wp-json\/wp\/v2\/media\/123888"}],"wp:attachment":[{"href":"https:\/\/nabytoklaguna.sk\/sk\/wp-json\/wp\/v2\/media?parent=123874"}],"wp:term":[{"taxonomy":"product_brand","embeddable":true,"href":"https:\/\/nabytoklaguna.sk\/sk\/wp-json\/wp\/v2\/product_brand?post=123874"},{"taxonomy":"product_cat","embeddable":true,"href":"https:\/\/nabytoklaguna.sk\/sk\/wp-json\/wp\/v2\/product_cat?post=123874"},{"taxonomy":"product_tag","embeddable":true,"href":"https:\/\/nabytoklaguna.sk\/sk\/wp-json\/wp\/v2\/product_tag?post=123874"}],"curies":[{"name":"wp","href":"https:\/\/api.w.org\/{rel}","templated":true}]}}