{"id":123918,"date":"2025-06-11T13:04:33","date_gmt":"2025-06-11T11:04:33","guid":{"rendered":"https:\/\/nabytoklaguna.sk\/sk\/?post_type=product&#038;p=123918"},"modified":"2026-02-23T12:00:11","modified_gmt":"2026-02-23T11:00:11","slug":"atlanta-kozena-sedacia-suprava","status":"publish","type":"product","link":"https:\/\/nabytoklaguna.sk\/sk\/produkt\/atlanta-kozena-sedacia-suprava\/","title":{"rendered":"ATLANTA KO\u017dEN\u00c1 SEDACIA S\u00daPRAVA"},"content":{"rendered":"<p>Potrebujete nov\u00fa sedaciu s\u00fapravu, ale neviete sa rozhodn\u00fa\u0165? Pon\u00fakame V\u00e1m\u00a0<strong>luxusn\u00fa ko\u017een\u00fa sedaciu s\u00fapravu ATLANTA<\/strong>\u00a0od renovovan\u00e9ho v\u00fdrobcu, ktor\u00e1 spln\u00ed v\u0161etky Va\u0161e o\u010dak\u00e1vania.\u00a0<strong>Praktick\u00e1, funk\u010dn\u00e1 a dizajnovo<\/strong>\u00a0<strong>zauj\u00edmav\u00e1<\/strong>, t\u00fdmito troma slovami vieme op\u00edsa\u0165 ko\u017een\u00fa sedaciu s\u00fapravu<strong> ATLANTA<\/strong>. Ka\u017ed\u00fd z n\u00e1s si potrebuje po \u0165a\u017ekom dni odd\u00fdchnu\u0165 a tato <strong>sedacia s\u00faprava<\/strong> V\u00e1m to dokonale umo\u017en\u00ed. Sedacia s\u00faprava<strong>\u00a0je \u010dal\u00fanen\u00e1 kvalitnou talianskou hov\u00e4dzou ko\u017eou<\/strong>. Vn\u00fatro sedacej s\u00fapravy tvor\u00ed pru\u017eina <strong>Falista<\/strong> a <strong>HR pena<\/strong>, ktor\u00e1 sa V\u00e1m\u00a0<strong>dokonal\u00e9 prisp\u00f4sob\u00ed<\/strong>. O e\u0161te v\u00e4\u010d\u0161ie pohodlie sa postaraj\u00fa\u00a0 <strong>polohovate\u013en\u00e9 opierky hlavy.<\/strong>\u00a0Ne\u010dakan\u00e1 n\u00e1v\u0161teva pre V\u00e1s nebude \u017eiaden probl\u00e9m. Za p\u00e1r sek\u00fand premen\u00edte sedaciu s\u00fapravu na\u00a0<strong>plochu pre pr\u00edle\u017eitostn\u00e9 spanie<\/strong>. Veci, ktor\u00e9 potrebujete ma\u0165 po ruke uschov\u00e1te v\u00a0<strong>\u00falo\u017enom priestore<\/strong>. Zadn\u00e1 strana sedacej s\u00fapravy je potiahnut\u00e1 univerz\u00e1lnou l\u00e1tkou, za pr\u00edplatok je mo\u017en\u00e9 ju o\u010dal\u00fani\u0165 ko\u017eou v tom istom farebnom preveden\u00ed. Mo\u017enos\u0165 v\u00fdberu <strong>prav\u00e9ho \u010di \u013eav\u00e9ho prevedenia.<\/strong> Ko\u017een\u00e1 sedacia s\u00faprava<strong>\u00a0ATLANTA<\/strong>\u00a0sa stane hlavnou dominantou Va\u0161ej dom\u00e1cnosti. Teraz V\u00e1m ju pon\u00fakame za vynikaj\u00facu cenu.<\/p>\n<h3 class=\"page-product-heading\">VLASTNOSTI<\/h3>\n<table class=\"table-data-sheet\">\n<tbody>\n<tr class=\"odd\">\n<td>H\u013abka<\/td>\n<td>190 cm<\/td>\n<\/tr>\n<tr class=\"even\">\n<td>\u0160\u00edrka<\/td>\n<td>280 cm<\/td>\n<\/tr>\n<tr class=\"odd\">\n<td>V\u00fd\u0161ka<\/td>\n<td>84-100 cm<\/td>\n<\/tr>\n<tr class=\"even\">\n<td>Vhodn\u00e1 miestnos\u0165<\/td>\n<td>ob\u00fdva\u010dka, spolo\u010densk\u00e1 miestnos\u0165, hotely, kaviarne<\/td>\n<\/tr>\n<tr class=\"odd\">\n<td>Typ n\u00e1bytku<\/td>\n<td>rohov\u00e1 seda\u010dka<\/td>\n<\/tr>\n<tr class=\"even\">\n<td>\u0160t\u00fdl n\u00e1bytku<\/td>\n<td>modern\u00fd<\/td>\n<\/tr>\n<tr class=\"odd\">\n<td>Z\u00e1ruka<\/td>\n<td>2 roky<\/td>\n<\/tr>\n<tr class=\"even\">\n<td>Sp\u00f4sob dodania<\/td>\n<td>demont v dvoch bal\u00edkoch<\/td>\n<\/tr>\n<tr class=\"odd\">\n<td>Hmotnos\u0165<\/td>\n<td>148 kg<\/td>\n<\/tr>\n<tr class=\"even\">\n<td>\u00dalo\u017en\u00fd priestor<\/td>\n<td>\u00e1no<\/td>\n<\/tr>\n<tr class=\"odd\">\n<td>Rohov\u00e9 prevedenie<\/td>\n<td>\u00e1no<\/td>\n<\/tr>\n<tr class=\"even\">\n<td>V\u00fd\u0161ka sedu<\/td>\n<td>40cm<\/td>\n<\/tr>\n<tr class=\"odd\">\n<td>V\u00fd\u0161ka zadn\u00e9ho \u010dela<\/td>\n<td>84cm-max. 100 cm<\/td>\n<\/tr>\n<tr class=\"even\">\n<td>Mo\u017enos\u0165 rozkladania<\/td>\n<td>\u00e1no<\/td>\n<\/tr>\n<tr class=\"odd\">\n<td>Plocha po rozlo\u017een\u00ed<\/td>\n<td>126\u00d7215 cm<\/td>\n<\/tr>\n<tr class=\"even\">\n<td>Kon\u0161trukcia<\/td>\n<td>mas\u00edv<\/td>\n<\/tr>\n<tr class=\"odd\">\n<td>N\u00f4\u017eky<\/td>\n<td>chrom<\/td>\n<\/tr>\n<tr class=\"even\">\n<td>Obsahuje vank\u00fa\u0161e<\/td>\n<td>nie<\/td>\n<\/tr>\n<tr class=\"odd\">\n<td>Nastavenie opierok<\/td>\n<td>\u00e1no<\/td>\n<\/tr>\n<tr class=\"even\">\n<td>V\u00fdpl\u0148 seda\u010dky<\/td>\n<td>pena+ pru\u017eina<\/td>\n<\/tr>\n<\/tbody>\n<\/table>\n","protected":false},"excerpt":{"rendered":"<p>Potrebujete nov\u00fa sedaciu s\u00fapravu, ale neviete sa rozhodn\u00fa\u0165? Pon\u00fakame V\u00e1m\u00a0luxusn\u00fa ko\u017een\u00fa sedaciu s\u00fapravu ATLANTA\u00a0od renovovan\u00e9ho v\u00fdrobcu, ktor\u00e1 spln\u00ed v\u0161etky Va\u0161e o\u010dak\u00e1vania.\u00a0Praktick\u00e1, funk\u010dn\u00e1 a dizajnovo\u00a0zauj\u00edmav\u00e1, t\u00fdmito troma slovami vieme op\u00edsa\u0165 ko\u017een\u00fa sedaciu s\u00fapravu ATLANTA. Ka\u017ed\u00fd z n\u00e1s si potrebuje po \u0165a\u017ekom dni odd\u00fdchnu\u0165 a tato sedacia s\u00faprava V\u00e1m to dokonale umo\u017en\u00ed. Sedacia s\u00faprava\u00a0je \u010dal\u00fanen\u00e1 kvalitnou talianskou&#8230;<\/p>\n","protected":false},"featured_media":126124,"comment_status":"closed","ping_status":"closed","template":"","meta":{"_seopress_robots_primary_cat":"none","_seopress_titles_title":"","_seopress_titles_desc":"","_seopress_robots_index":""},"product_brand":[],"product_cat":[255,140,214],"product_tag":[],"class_list":{"0":"post-123918","1":"product","2":"type-product","3":"status-publish","4":"has-post-thumbnail","6":"product_cat-rohove-supravy","7":"product_cat-sedacie-supravy","8":"product_cat-kozene-sedacie-supravy","10":"first","11":"onbackorder","12":"shipping-taxable","13":"purchasable","14":"product-type-variable"},"_links":{"self":[{"href":"https:\/\/nabytoklaguna.sk\/sk\/wp-json\/wp\/v2\/product\/123918","targetHints":{"allow":["GET"]}}],"collection":[{"href":"https:\/\/nabytoklaguna.sk\/sk\/wp-json\/wp\/v2\/product"}],"about":[{"href":"https:\/\/nabytoklaguna.sk\/sk\/wp-json\/wp\/v2\/types\/product"}],"replies":[{"embeddable":true,"href":"https:\/\/nabytoklaguna.sk\/sk\/wp-json\/wp\/v2\/comments?post=123918"}],"wp:featuredmedia":[{"embeddable":true,"href":"https:\/\/nabytoklaguna.sk\/sk\/wp-json\/wp\/v2\/media\/126124"}],"wp:attachment":[{"href":"https:\/\/nabytoklaguna.sk\/sk\/wp-json\/wp\/v2\/media?parent=123918"}],"wp:term":[{"taxonomy":"product_brand","embeddable":true,"href":"https:\/\/nabytoklaguna.sk\/sk\/wp-json\/wp\/v2\/product_brand?post=123918"},{"taxonomy":"product_cat","embeddable":true,"href":"https:\/\/nabytoklaguna.sk\/sk\/wp-json\/wp\/v2\/product_cat?post=123918"},{"taxonomy":"product_tag","embeddable":true,"href":"https:\/\/nabytoklaguna.sk\/sk\/wp-json\/wp\/v2\/product_tag?post=123918"}],"curies":[{"name":"wp","href":"https:\/\/api.w.org\/{rel}","templated":true}]}}