{"id":124010,"date":"2025-06-13T11:09:49","date_gmt":"2025-06-13T09:09:49","guid":{"rendered":"https:\/\/nabytoklaguna.sk\/sk\/?post_type=product&#038;p=124010"},"modified":"2025-06-13T11:09:50","modified_gmt":"2025-06-13T09:09:50","slug":"nerise-obyvacia-stena","status":"publish","type":"product","link":"https:\/\/nabytoklaguna.sk\/sk\/produkt\/nerise-obyvacia-stena\/","title":{"rendered":"NERISE ob\u00fdvacia stena"},"content":{"rendered":"<p>Ob\u00fdvacia stena <strong>NERISE<\/strong>\u00a0 je modern\u00e1 ob\u00fdvacia zostava n\u00e1bytku vo farbe <strong>dubov\u00e9ho dreva Flagstaff,<\/strong> ktor\u00e1 sa fantasticky hod\u00ed do va\u0161ej ob\u00fdva\u010dky. Univerz\u00e1lna farba a rozmery ju prisp\u00f4sobia ka\u017ed\u00e9mu typu interi\u00e9ru. Ob\u00fdvacia zostava je predov\u0161etk\u00fdm funk\u010dn\u00fdm rie\u0161en\u00edm, ktor\u00e9 v\u00fdrazne u\u013eah\u010d\u00ed organiz\u00e1ciu priestoru v ob\u00fdvacej izbe. Ob\u00fdvacia stena <strong>NERISE<\/strong> pozost\u00e1va z <strong>troch samostatn\u00fdch z\u00e1vesn\u00fdch skriniek<\/strong>. Na \u013eavej strane zostavy je nain\u0161talovan\u00e1 jedna <strong>\u010dierna kovov\u00e1 noha<\/strong>, ktor\u00e1 od\u013eah\u010duje stenu, na ktor\u00fa sa m\u00e1 ob\u00fdvacia stena zavesi\u0165 a z\u00e1rove\u0148 dizajnovo pod\u010diarkuje modern\u00fd charakter ob\u00fdvacej steny NERISE . Okrem toho sa v hornej \u010dasti sady nach\u00e1dza vidite\u013en\u00e1 <strong>polica<\/strong> s <strong>ladiacim kovov\u00fdm dekorat\u00edvnym prvkom<\/strong>. Na druhej strane n\u00e1jdete <strong>z\u00e1vesn\u00fa skrinku<\/strong> s \u010diasto\u010dne <strong>presklenou<\/strong> prednou \u010das\u0165ou v<strong> \u010diernom hlin\u00edkovom r\u00e1me<\/strong>, za ktorou sa nach\u00e1dza <strong>biele LED osvetlenie<\/strong>, ktor\u00e9 vytv\u00e1ra vo va\u0161ej ob\u00fdva\u010dke jedine\u010dn\u00fa atmosf\u00e9ru. V spodnej \u010dasti sa nach\u00e1dza skrinka RTV s v\u00fdklopn\u00fdmi dvierkami. Cel\u00e1 ob\u00fdvacia stena m\u00e1 bez\u00fachytkov\u00fd otv\u00e1rac\u00ed syst\u00e9m<strong> push-click<\/strong>.<\/p>\n<p>Farebn\u00e9 prevedenie: Dub Flagstaff<\/p>\n<p>Celkov\u00e9 rozmery (\u0161\/v\/h): 240 x 170 x 40 cm<\/p>\n<p>Dod\u00e1van\u00e9 v demonte.<\/p>\n","protected":false},"excerpt":{"rendered":"<p>Ob\u00fdvacia stena NERISE\u00a0 je modern\u00e1 ob\u00fdvacia zostava n\u00e1bytku vo farbe dubov\u00e9ho dreva Flagstaff, ktor\u00e1 sa fantasticky hod\u00ed do va\u0161ej ob\u00fdva\u010dky. Univerz\u00e1lna farba a rozmery ju prisp\u00f4sobia ka\u017ed\u00e9mu typu interi\u00e9ru. Ob\u00fdvacia zostava je predov\u0161etk\u00fdm funk\u010dn\u00fdm rie\u0161en\u00edm, ktor\u00e9 v\u00fdrazne u\u013eah\u010d\u00ed organiz\u00e1ciu priestoru v ob\u00fdvacej izbe. Ob\u00fdvacia stena NERISE pozost\u00e1va z troch samostatn\u00fdch z\u00e1vesn\u00fdch skriniek. Na \u013eavej strane&#8230;<\/p>\n","protected":false},"featured_media":124013,"comment_status":"closed","ping_status":"closed","template":"","meta":{"_seopress_robots_primary_cat":"","_seopress_titles_title":"","_seopress_titles_desc":"","_seopress_robots_index":""},"product_brand":[],"product_cat":[182,251],"product_tag":[],"class_list":{"0":"post-124010","1":"product","2":"type-product","3":"status-publish","4":"has-post-thumbnail","6":"product_cat-obyvacie-steny","7":"product_cat-steny","9":"first","10":"instock","11":"shipping-taxable","12":"purchasable","13":"product-type-simple"},"_links":{"self":[{"href":"https:\/\/nabytoklaguna.sk\/sk\/wp-json\/wp\/v2\/product\/124010","targetHints":{"allow":["GET"]}}],"collection":[{"href":"https:\/\/nabytoklaguna.sk\/sk\/wp-json\/wp\/v2\/product"}],"about":[{"href":"https:\/\/nabytoklaguna.sk\/sk\/wp-json\/wp\/v2\/types\/product"}],"replies":[{"embeddable":true,"href":"https:\/\/nabytoklaguna.sk\/sk\/wp-json\/wp\/v2\/comments?post=124010"}],"wp:featuredmedia":[{"embeddable":true,"href":"https:\/\/nabytoklaguna.sk\/sk\/wp-json\/wp\/v2\/media\/124013"}],"wp:attachment":[{"href":"https:\/\/nabytoklaguna.sk\/sk\/wp-json\/wp\/v2\/media?parent=124010"}],"wp:term":[{"taxonomy":"product_brand","embeddable":true,"href":"https:\/\/nabytoklaguna.sk\/sk\/wp-json\/wp\/v2\/product_brand?post=124010"},{"taxonomy":"product_cat","embeddable":true,"href":"https:\/\/nabytoklaguna.sk\/sk\/wp-json\/wp\/v2\/product_cat?post=124010"},{"taxonomy":"product_tag","embeddable":true,"href":"https:\/\/nabytoklaguna.sk\/sk\/wp-json\/wp\/v2\/product_tag?post=124010"}],"curies":[{"name":"wp","href":"https:\/\/api.w.org\/{rel}","templated":true}]}}