{"id":124026,"date":"2025-06-13T15:30:34","date_gmt":"2025-06-13T13:30:34","guid":{"rendered":"https:\/\/nabytoklaguna.sk\/sk\/?post_type=product&#038;p=124026"},"modified":"2026-02-23T11:52:43","modified_gmt":"2026-02-23T10:52:43","slug":"smart-kozena-sedacia-suprava","status":"publish","type":"product","link":"https:\/\/nabytoklaguna.sk\/sk\/produkt\/smart-kozena-sedacia-suprava\/","title":{"rendered":"SMART ko\u017een\u00e1 sedacia s\u00faprava"},"content":{"rendered":"<p><strong>Modern\u00e1, luxusn\u00e1 a nev\u0161edn\u00e1.<\/strong> T\u00fdmito troma slovami vieme op\u00edsa\u0165 sedaciu s\u00fapravu <strong>SMART.<\/strong>\u00a0 Rohov\u00e1 sedacia s\u00faprava\u00a0 SMART je <strong>najvy\u0161\u0161\u00edm rozmerom elegancie<\/strong> skrytej v minimalistickom dizajne a modern\u00fdch rie\u0161eniach. Z\u00e1kazn\u00edci ju miluj\u00fa pre jej jedine\u010dn\u00fd vzh\u013ead. Je vyroben\u00e1 <strong>z mas\u00edvneho dreva,<\/strong> \u010do je garanciou trv\u00e1cnosti a odolnosti. \u010cal\u00fanen\u00e1 je<strong>\u00a0kvalitnou talianskou hov\u00e4dzou ko\u017eou.<\/strong> <strong>Silik\u00f3nov\u00e1 gu\u013e\u00f4\u010dka<\/strong> v bedrov\u00fdch vank\u00fa\u0161och, <strong>pevn\u00e9 operadl\u00e1 <\/strong>a o maxim\u00e1lne pohodlie sa tie\u017e postar\u00e1 <strong>lak\u0165ov\u00e1 opierka.<\/strong>\u00a0 Sedacia \u010das\u0165 seda\u010dky je <strong>pre\u0161\u00edvan\u00e1<\/strong> \u010d\u00edm p\u00f4sob\u00ed seda\u010dka ve\u013emi <strong>luxusne<\/strong>. Sedacia s\u00faprava nem\u00e1 funkciu rozkladu a taktie\u017e ani \u00falo\u017en\u00fd priestor.\u00a0 Sedenie tvoria pru\u017einy Falista\u00a0 a vysoko elastick\u00e1 HR pena, ktor\u00e9 zaru\u010duj\u00fa dlhodobo <strong>pru\u017en\u00e9 sedenie<\/strong>. Modern\u00e9 kovov\u00e9 \u010dierne nohy dod\u00e1vaj\u00fa celej s\u00faprave luxus.\u00a0 <strong>Mo\u017enos\u0165 v\u00fdberu<\/strong> prav\u00e9ho \u010di \u013eav\u00e9ho prevedenia.<\/p>\n<h3 class=\"page-product-heading\">VLASTNOSTI<\/h3>\n<table class=\"table-data-sheet\" style=\"width: 99.4716%; height: 997px;\">\n<tbody>\n<tr class=\"odd\" style=\"height: 52px;\">\n<td style=\"height: 52px; width: 34.5344%;\">H\u013abka<\/td>\n<td style=\"height: 52px; width: 83.8654%;\">245 cm<\/td>\n<\/tr>\n<tr class=\"even\" style=\"height: 52px;\">\n<td style=\"height: 52px; width: 34.5344%;\">\u0160\u00edrka<\/td>\n<td style=\"height: 52px; width: 83.8654%;\">277 cm<\/td>\n<\/tr>\n<tr class=\"odd\" style=\"height: 52px;\">\n<td style=\"height: 52px; width: 34.5344%;\">V\u00fd\u0161ka<\/td>\n<td style=\"height: 52px; width: 83.8654%;\">92 cm<\/td>\n<\/tr>\n<tr class=\"even\" style=\"height: 52px;\">\n<td style=\"height: 52px; width: 34.5344%;\">Vhodn\u00e1 miestnos\u0165<\/td>\n<td style=\"height: 52px; width: 83.8654%;\">ob\u00fdva\u010dka, spolo\u010densk\u00e1 miestnos\u0165, hotely, kaviarne<\/td>\n<\/tr>\n<tr class=\"odd\" style=\"height: 52px;\">\n<td style=\"height: 52px; width: 34.5344%;\">Typ n\u00e1bytku<\/td>\n<td style=\"height: 52px; width: 83.8654%;\">rohov\u00e1 sedacia s\u00faprava<\/td>\n<\/tr>\n<tr class=\"even\" style=\"height: 52px;\">\n<td style=\"height: 52px; width: 34.5344%;\">\u0160t\u00fdl n\u00e1bytku<\/td>\n<td style=\"height: 52px; width: 83.8654%;\">modern\u00fd<\/td>\n<\/tr>\n<tr class=\"odd\" style=\"height: 52px;\">\n<td style=\"height: 52px; width: 34.5344%;\">Z\u00e1ruka<\/td>\n<td style=\"height: 52px; width: 83.8654%;\">2 roky<\/td>\n<\/tr>\n<tr class=\"even\" style=\"height: 52px;\">\n<td style=\"height: 52px; width: 34.5344%;\">Sp\u00f4sob dodania<\/td>\n<td style=\"height: 52px; width: 83.8654%;\">demont v\u00a0 bal\u00edkoch<\/td>\n<\/tr>\n<tr class=\"odd\" style=\"height: 52px;\">\n<td style=\"height: 52px; width: 34.5344%;\">Hmotnos\u0165<\/td>\n<td style=\"height: 52px; width: 83.8654%;\">180 kg<\/td>\n<\/tr>\n<tr class=\"odd\" style=\"height: 52px;\">\n<td style=\"height: 52px; width: 34.5344%;\">Rohov\u00e9 prevedenie<\/td>\n<td style=\"height: 52px; width: 83.8654%;\">\u00e1no<\/td>\n<\/tr>\n<tr class=\"even\" style=\"height: 52px;\">\n<td style=\"height: 52px; width: 34.5344%;\">Kon\u0161trukcia<\/td>\n<td style=\"height: 52px; width: 83.8654%;\">mas\u00edv<\/td>\n<\/tr>\n<tr class=\"odd\" style=\"height: 52px;\">\n<td style=\"height: 52px; width: 34.5344%;\">V\u00fd\u0161ka zadn\u00e9ho \u010dela<\/td>\n<td style=\"height: 52px; width: 83.8654%;\">92 cm<\/td>\n<\/tr>\n<tr class=\"odd\" style=\"height: 52px;\">\n<td style=\"height: 52px; width: 34.5344%;\">Mo\u017enos\u0165 rozkladania<\/td>\n<td style=\"height: 52px; width: 83.8654%;\">nie<\/td>\n<\/tr>\n<tr class=\"even\" style=\"height: 52px;\">\n<td style=\"height: 52px; width: 34.5344%;\">\u00dalo\u017en\u00fd priestor<\/td>\n<td style=\"height: 52px; width: 83.8654%;\">nie<\/td>\n<\/tr>\n<tr class=\"odd\" style=\"height: 52px;\">\n<td style=\"height: 52px; width: 34.5344%;\">Nohy<\/td>\n<td style=\"height: 52px; width: 83.8654%;\">kovov\u00e9 \u010dierne<\/td>\n<\/tr>\n<tr class=\"even\" style=\"height: 52px;\">\n<td style=\"height: 52px; width: 34.5344%;\">Obsahuje vank\u00fa\u0161e<\/td>\n<td style=\"height: 52px; width: 83.8654%;\">nie<\/td>\n<\/tr>\n<tr class=\"odd\" style=\"height: 52px;\">\n<td style=\"height: 52px; width: 34.5344%;\">Nastavenie opierok<\/td>\n<td style=\"height: 52px; width: 83.8654%;\">nie<\/td>\n<\/tr>\n<tr class=\"even\" style=\"height: 51px;\">\n<td style=\"height: 51px; width: 34.5344%;\">V\u00fdpl\u0148 seda\u010dky<\/td>\n<td style=\"height: 51px; width: 83.8654%;\">pena+ pru\u017eina<\/td>\n<\/tr>\n<tr class=\"odd\" style=\"height: 52px;\">\n<td style=\"height: 52px; width: 34.5344%;\"><\/td>\n<td style=\"height: 52px; width: 83.8654%;\"><\/td>\n<\/tr>\n<tr class=\"even\" style=\"height: 51px;\">\n<td style=\"height: 10px; width: 34.5344%;\"><\/td>\n<td style=\"height: 10px; width: 83.8654%;\"><\/td>\n<\/tr>\n<\/tbody>\n<\/table>\n","protected":false},"excerpt":{"rendered":"<p>Modern\u00e1, luxusn\u00e1 a nev\u0161edn\u00e1. T\u00fdmito troma slovami vieme op\u00edsa\u0165 sedaciu s\u00fapravu SMART.\u00a0 Rohov\u00e1 sedacia s\u00faprava\u00a0 SMART je najvy\u0161\u0161\u00edm rozmerom elegancie skrytej v minimalistickom dizajne a modern\u00fdch rie\u0161eniach. Z\u00e1kazn\u00edci ju miluj\u00fa pre jej jedine\u010dn\u00fd vzh\u013ead. Je vyroben\u00e1 z mas\u00edvneho dreva, \u010do je garanciou trv\u00e1cnosti a odolnosti. \u010cal\u00fanen\u00e1 je\u00a0kvalitnou talianskou hov\u00e4dzou ko\u017eou. Silik\u00f3nov\u00e1 gu\u013e\u00f4\u010dka v bedrov\u00fdch vank\u00fa\u0161och,&#8230;<\/p>\n","protected":false},"featured_media":126122,"comment_status":"closed","ping_status":"closed","template":"","meta":{"_seopress_robots_primary_cat":"140","_seopress_titles_title":"","_seopress_titles_desc":"","_seopress_robots_index":""},"product_brand":[],"product_cat":[255,140,214],"product_tag":[],"class_list":{"0":"post-124026","1":"product","2":"type-product","3":"status-publish","4":"has-post-thumbnail","6":"product_cat-rohove-supravy","7":"product_cat-sedacie-supravy","8":"product_cat-kozene-sedacie-supravy","10":"first","11":"onbackorder","12":"shipping-taxable","13":"purchasable","14":"product-type-variable"},"_links":{"self":[{"href":"https:\/\/nabytoklaguna.sk\/sk\/wp-json\/wp\/v2\/product\/124026","targetHints":{"allow":["GET"]}}],"collection":[{"href":"https:\/\/nabytoklaguna.sk\/sk\/wp-json\/wp\/v2\/product"}],"about":[{"href":"https:\/\/nabytoklaguna.sk\/sk\/wp-json\/wp\/v2\/types\/product"}],"replies":[{"embeddable":true,"href":"https:\/\/nabytoklaguna.sk\/sk\/wp-json\/wp\/v2\/comments?post=124026"}],"wp:featuredmedia":[{"embeddable":true,"href":"https:\/\/nabytoklaguna.sk\/sk\/wp-json\/wp\/v2\/media\/126122"}],"wp:attachment":[{"href":"https:\/\/nabytoklaguna.sk\/sk\/wp-json\/wp\/v2\/media?parent=124026"}],"wp:term":[{"taxonomy":"product_brand","embeddable":true,"href":"https:\/\/nabytoklaguna.sk\/sk\/wp-json\/wp\/v2\/product_brand?post=124026"},{"taxonomy":"product_cat","embeddable":true,"href":"https:\/\/nabytoklaguna.sk\/sk\/wp-json\/wp\/v2\/product_cat?post=124026"},{"taxonomy":"product_tag","embeddable":true,"href":"https:\/\/nabytoklaguna.sk\/sk\/wp-json\/wp\/v2\/product_tag?post=124026"}],"curies":[{"name":"wp","href":"https:\/\/api.w.org\/{rel}","templated":true}]}}