{"id":124037,"date":"2025-06-16T13:37:24","date_gmt":"2025-06-16T11:37:24","guid":{"rendered":"https:\/\/nabytoklaguna.sk\/sk\/?post_type=product&#038;p=124037"},"modified":"2026-02-23T11:39:48","modified_gmt":"2026-02-23T10:39:48","slug":"como-kozena-sedacia-suprava","status":"publish","type":"product","link":"https:\/\/nabytoklaguna.sk\/sk\/produkt\/como-kozena-sedacia-suprava\/","title":{"rendered":"COMO ko\u017een\u00e1 sedacia s\u00faprava"},"content":{"rendered":"<p>Rohov\u00e1 sedacia s\u00faprava <strong>COMO<\/strong> je kus n\u00e1bytku pre t\u00fdch, ktor\u00ed h\u013eadaj\u00fa modern\u00fd a elegantn\u00fd relax. Sedacia s\u00faprava\u00a0 je najvy\u0161\u0161\u00edm rozmerom elegancie skrytej v minimalistickom dizajne a modern\u00fdch rie\u0161eniach. Z\u00e1kazn\u00edci ju miluj\u00fa pre jej jedine\u010dn\u00fd vzh\u013ead. Je vyroben\u00e1 <strong>z mas\u00edvneho dreva,<\/strong> \u010do je garanciou trv\u00e1cnosti a odolnosti. \u010cal\u00fanen\u00e1 je<strong>\u00a0kvalitnou talianskou hov\u00e4dzou ko\u017eou.<\/strong> <strong>Nastavite\u013en\u00e9 operadl\u00e1<\/strong> poskytuj\u00fa vynikaj\u00face pohodlie pri pou\u017e\u00edvan\u00ed a <strong>vysok\u00e9 nohy v \u010diernej farbe<\/strong> dod\u00e1vaj\u00fa \u013eahkos\u0165 a jedine\u010dn\u00fd vzh\u013ead. Le\u017eiaca \u010das\u0165 sa postar\u00e1 o maxim\u00e1lne pohodlie.\u00a0Sedacia \u010das\u0165 seda\u010dky je <strong>pre\u0161\u00edvan\u00e1<\/strong> \u010d\u00edm p\u00f4sob\u00ed seda\u010dka ve\u013emi <strong>luxusne<\/strong>. Sedacia s\u00faprava nem\u00e1 funkciu rozkladu a taktie\u017e ani \u00falo\u017en\u00fd priestor.\u00a0 Sedenie tvoria pru\u017einy Falista\u00a0 a vysoko elastick\u00e1 HR pena, ktor\u00e9 zaru\u010duj\u00fa dlhodobo <strong>pru\u017en\u00e9 sedenie<\/strong>. Modern\u00e9 kovov\u00e9 \u010dierne nohy dod\u00e1vaj\u00fa celej s\u00faprave luxus.\u00a0 <strong>Mo\u017enos\u0165 v\u00fdberu<\/strong> prav\u00e9ho \u010di \u013eav\u00e9ho prevedenia, s\u00fa\u010das\u0165ou sedacej s\u00fapravy nie je taburet.<\/p>\n<p>Mo\u017enos\u0165 dok\u00fapi\u0165 <strong>TABURET\u00a0<\/strong>\u00a0 v rozmere (\u0161xhxv) 105 x 70 x 40cm\u00a0<strong>\u00a0 \u00a0v cene 475,- Eur<\/strong><\/p>\n<h3 class=\"page-product-heading\">VLASTNOSTI<\/h3>\n<table class=\"table-data-sheet\" style=\"width: 100%; height: 1039px;\">\n<tbody>\n<tr class=\"odd\" style=\"height: 52px;\">\n<td style=\"height: 52px; width: 31.8062%;\">H\u013abka<\/td>\n<td style=\"height: 52px; width: 68.0176%;\">190 cm<\/td>\n<\/tr>\n<tr class=\"even\" style=\"height: 52px;\">\n<td style=\"height: 52px; width: 31.8062%;\">\u0160\u00edrka<\/td>\n<td style=\"height: 52px; width: 68.0176%;\">295 cm<\/td>\n<\/tr>\n<tr class=\"odd\" style=\"height: 52px;\">\n<td style=\"height: 52px; width: 31.8062%;\">V\u00fd\u0161ka<\/td>\n<td style=\"height: 52px; width: 68.0176%;\">86 &#8211; 103 cm<\/td>\n<\/tr>\n<tr class=\"even\" style=\"height: 52px;\">\n<td style=\"height: 52px; width: 31.8062%;\">Vhodn\u00e1 miestnos\u0165<\/td>\n<td style=\"height: 52px; width: 68.0176%;\">ob\u00fdva\u010dka, spolo\u010densk\u00e1 miestnos\u0165, hotely, kaviarne<\/td>\n<\/tr>\n<tr class=\"odd\" style=\"height: 52px;\">\n<td style=\"height: 52px; width: 31.8062%;\">Typ n\u00e1bytku<\/td>\n<td style=\"height: 52px; width: 68.0176%;\">rohov\u00e1 sedacia s\u00faprava<\/td>\n<\/tr>\n<tr class=\"even\" style=\"height: 52px;\">\n<td style=\"height: 52px; width: 31.8062%;\">\u0160t\u00fdl n\u00e1bytku<\/td>\n<td style=\"height: 52px; width: 68.0176%;\">modern\u00fd<\/td>\n<\/tr>\n<tr class=\"odd\" style=\"height: 52px;\">\n<td style=\"height: 52px; width: 31.8062%;\">Z\u00e1ruka<\/td>\n<td style=\"height: 52px; width: 68.0176%;\">2 roky<\/td>\n<\/tr>\n<tr class=\"even\" style=\"height: 52px;\">\n<td style=\"height: 52px; width: 31.8062%;\">Sp\u00f4sob dodania<\/td>\n<td style=\"height: 52px; width: 68.0176%;\">demont v\u00a0 bal\u00edkoch<\/td>\n<\/tr>\n<tr class=\"odd\" style=\"height: 52px;\">\n<td style=\"height: 52px; width: 31.8062%;\">Hmotnos\u0165<\/td>\n<td style=\"height: 52px; width: 68.0176%;\">180 kg<\/td>\n<\/tr>\n<tr class=\"odd\" style=\"height: 52px;\">\n<td style=\"height: 52px; width: 31.8062%;\">Rohov\u00e9 prevedenie<\/td>\n<td style=\"height: 52px; width: 68.0176%;\">\u00e1no<\/td>\n<\/tr>\n<tr class=\"odd\" style=\"height: 52px;\">\n<td style=\"height: 52px; width: 31.8062%;\">V\u00fd\u0161ka zadn\u00e9ho \u010dela<\/td>\n<td style=\"height: 52px; width: 68.0176%;\">86 &#8211; 103 cm<\/td>\n<\/tr>\n<tr class=\"even\" style=\"height: 52px;\">\n<td style=\"height: 52px; width: 31.8062%;\">Kon\u0161trukcia<\/td>\n<td style=\"height: 52px; width: 68.0176%;\">mas\u00edv<\/td>\n<\/tr>\n<tr class=\"odd\" style=\"height: 52px;\">\n<td style=\"height: 52px; width: 31.8062%;\">Mo\u017enos\u0165 rozkladania<\/td>\n<td style=\"height: 52px; width: 68.0176%;\">nie<\/td>\n<\/tr>\n<tr class=\"even\" style=\"height: 52px;\">\n<td style=\"height: 52px; width: 31.8062%;\">\u00dalo\u017en\u00fd priestor<\/td>\n<td style=\"height: 52px; width: 68.0176%;\">nie<\/td>\n<\/tr>\n<tr class=\"odd\" style=\"height: 52px;\">\n<td style=\"height: 52px; width: 31.8062%;\">Nohy<\/td>\n<td style=\"height: 52px; width: 68.0176%;\">kovov\u00e9 \u010dierne<\/td>\n<\/tr>\n<tr class=\"even\" style=\"height: 52px;\">\n<td style=\"height: 52px; width: 31.8062%;\">Obsahuje vank\u00fa\u0161e<\/td>\n<td style=\"height: 52px; width: 68.0176%;\">nie<\/td>\n<\/tr>\n<tr class=\"odd\" style=\"height: 52px;\">\n<td style=\"height: 52px; width: 31.8062%;\">Nastavenie opierok<\/td>\n<td style=\"height: 52px; width: 68.0176%;\">\u00e1no<\/td>\n<\/tr>\n<tr class=\"even\" style=\"height: 51px;\">\n<td style=\"height: 51px; width: 31.8062%;\">V\u00fdpl\u0148 seda\u010dky<\/td>\n<td style=\"height: 51px; width: 68.0176%;\">pena+ pru\u017eina<\/td>\n<\/tr>\n<tr class=\"odd\" style=\"height: 52px;\">\n<td style=\"height: 52px; width: 31.8062%;\"><\/td>\n<td style=\"height: 52px; width: 68.0176%;\"><\/td>\n<\/tr>\n<tr class=\"even\" style=\"height: 51px;\">\n<td style=\"height: 51px; width: 31.8062%;\"><\/td>\n<td style=\"height: 51px; width: 68.0176%;\"><\/td>\n<\/tr>\n<\/tbody>\n<\/table>\n","protected":false},"excerpt":{"rendered":"<p>Rohov\u00e1 sedacia s\u00faprava COMO je kus n\u00e1bytku pre t\u00fdch, ktor\u00ed h\u013eadaj\u00fa modern\u00fd a elegantn\u00fd relax. Sedacia s\u00faprava\u00a0 je najvy\u0161\u0161\u00edm rozmerom elegancie skrytej v minimalistickom dizajne a modern\u00fdch rie\u0161eniach. Z\u00e1kazn\u00edci ju miluj\u00fa pre jej jedine\u010dn\u00fd vzh\u013ead. Je vyroben\u00e1 z mas\u00edvneho dreva, \u010do je garanciou trv\u00e1cnosti a odolnosti. \u010cal\u00fanen\u00e1 je\u00a0kvalitnou talianskou hov\u00e4dzou ko\u017eou. Nastavite\u013en\u00e9 operadl\u00e1 poskytuj\u00fa vynikaj\u00face&#8230;<\/p>\n","protected":false},"featured_media":126118,"comment_status":"closed","ping_status":"closed","template":"","meta":{"_seopress_robots_primary_cat":"140","_seopress_titles_title":"","_seopress_titles_desc":"","_seopress_robots_index":""},"product_brand":[],"product_cat":[255,140,214],"product_tag":[],"class_list":{"0":"post-124037","1":"product","2":"type-product","3":"status-publish","4":"has-post-thumbnail","6":"product_cat-rohove-supravy","7":"product_cat-sedacie-supravy","8":"product_cat-kozene-sedacie-supravy","10":"first","11":"instock","12":"shipping-taxable","13":"purchasable","14":"product-type-variable"},"_links":{"self":[{"href":"https:\/\/nabytoklaguna.sk\/sk\/wp-json\/wp\/v2\/product\/124037","targetHints":{"allow":["GET"]}}],"collection":[{"href":"https:\/\/nabytoklaguna.sk\/sk\/wp-json\/wp\/v2\/product"}],"about":[{"href":"https:\/\/nabytoklaguna.sk\/sk\/wp-json\/wp\/v2\/types\/product"}],"replies":[{"embeddable":true,"href":"https:\/\/nabytoklaguna.sk\/sk\/wp-json\/wp\/v2\/comments?post=124037"}],"wp:featuredmedia":[{"embeddable":true,"href":"https:\/\/nabytoklaguna.sk\/sk\/wp-json\/wp\/v2\/media\/126118"}],"wp:attachment":[{"href":"https:\/\/nabytoklaguna.sk\/sk\/wp-json\/wp\/v2\/media?parent=124037"}],"wp:term":[{"taxonomy":"product_brand","embeddable":true,"href":"https:\/\/nabytoklaguna.sk\/sk\/wp-json\/wp\/v2\/product_brand?post=124037"},{"taxonomy":"product_cat","embeddable":true,"href":"https:\/\/nabytoklaguna.sk\/sk\/wp-json\/wp\/v2\/product_cat?post=124037"},{"taxonomy":"product_tag","embeddable":true,"href":"https:\/\/nabytoklaguna.sk\/sk\/wp-json\/wp\/v2\/product_tag?post=124037"}],"curies":[{"name":"wp","href":"https:\/\/api.w.org\/{rel}","templated":true}]}}