{"id":124068,"date":"2025-06-17T12:35:58","date_gmt":"2025-06-17T10:35:58","guid":{"rendered":"https:\/\/nabytoklaguna.sk\/sk\/?post_type=product&#038;p=124068"},"modified":"2026-02-23T12:29:42","modified_gmt":"2026-02-23T11:29:42","slug":"como-taburet","status":"publish","type":"product","link":"https:\/\/nabytoklaguna.sk\/sk\/produkt\/como-taburet\/","title":{"rendered":"COMO TABURET"},"content":{"rendered":"<p>Taburetka <strong>COMO\u00a0<\/strong> je kus n\u00e1bytku pre t\u00fdch, ktor\u00ed h\u013eadaj\u00fa modern\u00fd a elegantn\u00fd doplnok do svojho interi\u00e9ru.<strong> Vysok\u00e9 \u010dierne nohy<\/strong> dod\u00e1vaj\u00fa \u013eahkos\u0165 a jedine\u010dn\u00fd vzh\u013ead. Je vyroben\u00e1 <strong>z mas\u00edvneho dreva,<\/strong> \u010do je garanciou trv\u00e1cnosti a odolnosti. \u010cal\u00fanen\u00e1 je<strong> kvalitnou talianskou hov\u00e4dzou ko\u017eou.<\/strong>\u00a0Sedacia \u010das\u0165 taburetu je <strong>pre\u0161\u00edvan\u00e1<\/strong> \u010d\u00edm p\u00f4sob\u00ed ve\u013emi <strong>luxusne<\/strong>. Sedenie tvoria pru\u017einy Falista\u00a0 a vysoko elastick\u00e1 HR pena, ktor\u00e9 zaru\u010duj\u00fa dlhodobo <strong>pru\u017en\u00e9 sedenie <\/strong>a postar\u00e1 sa o maxim\u00e1lne pohodlie.<\/p>\n<p>Rozmer (\u0161xhxv): 105 x 70 x 40cm <strong>\u00a0<\/strong><\/p>\n<p>&nbsp;<\/p>\n<p><strong>\u00a0<\/strong><\/p>\n","protected":false},"excerpt":{"rendered":"<p>Taburetka COMO\u00a0 je kus n\u00e1bytku pre t\u00fdch, ktor\u00ed h\u013eadaj\u00fa modern\u00fd a elegantn\u00fd doplnok do svojho interi\u00e9ru. Vysok\u00e9 \u010dierne nohy dod\u00e1vaj\u00fa \u013eahkos\u0165 a jedine\u010dn\u00fd vzh\u013ead. Je vyroben\u00e1 z mas\u00edvneho dreva, \u010do je garanciou trv\u00e1cnosti a odolnosti. \u010cal\u00fanen\u00e1 je kvalitnou talianskou hov\u00e4dzou ko\u017eou.\u00a0Sedacia \u010das\u0165 taburetu je pre\u0161\u00edvan\u00e1 \u010d\u00edm p\u00f4sob\u00ed ve\u013emi luxusne. Sedenie tvoria pru\u017einy Falista\u00a0 a vysoko&#8230;<\/p>\n","protected":false},"featured_media":126129,"comment_status":"closed","ping_status":"closed","template":"","meta":{"_seopress_robots_primary_cat":"140","_seopress_titles_title":"","_seopress_titles_desc":"","_seopress_robots_index":""},"product_brand":[],"product_cat":[140,214,231,232],"product_tag":[],"class_list":{"0":"post-124068","1":"product","2":"type-product","3":"status-publish","4":"has-post-thumbnail","6":"product_cat-sedacie-supravy","7":"product_cat-kozene-sedacie-supravy","8":"product_cat-kresla","9":"product_cat-taburetky","11":"first","12":"onbackorder","13":"shipping-taxable","14":"purchasable","15":"product-type-simple"},"_links":{"self":[{"href":"https:\/\/nabytoklaguna.sk\/sk\/wp-json\/wp\/v2\/product\/124068","targetHints":{"allow":["GET"]}}],"collection":[{"href":"https:\/\/nabytoklaguna.sk\/sk\/wp-json\/wp\/v2\/product"}],"about":[{"href":"https:\/\/nabytoklaguna.sk\/sk\/wp-json\/wp\/v2\/types\/product"}],"replies":[{"embeddable":true,"href":"https:\/\/nabytoklaguna.sk\/sk\/wp-json\/wp\/v2\/comments?post=124068"}],"wp:featuredmedia":[{"embeddable":true,"href":"https:\/\/nabytoklaguna.sk\/sk\/wp-json\/wp\/v2\/media\/126129"}],"wp:attachment":[{"href":"https:\/\/nabytoklaguna.sk\/sk\/wp-json\/wp\/v2\/media?parent=124068"}],"wp:term":[{"taxonomy":"product_brand","embeddable":true,"href":"https:\/\/nabytoklaguna.sk\/sk\/wp-json\/wp\/v2\/product_brand?post=124068"},{"taxonomy":"product_cat","embeddable":true,"href":"https:\/\/nabytoklaguna.sk\/sk\/wp-json\/wp\/v2\/product_cat?post=124068"},{"taxonomy":"product_tag","embeddable":true,"href":"https:\/\/nabytoklaguna.sk\/sk\/wp-json\/wp\/v2\/product_tag?post=124068"}],"curies":[{"name":"wp","href":"https:\/\/api.w.org\/{rel}","templated":true}]}}