{"id":124083,"date":"2025-06-17T16:15:39","date_gmt":"2025-06-17T14:15:39","guid":{"rendered":"https:\/\/nabytoklaguna.sk\/sk\/?post_type=product&#038;p=124083"},"modified":"2025-06-19T14:26:32","modified_gmt":"2025-06-19T12:26:32","slug":"adrk-set-rodos-80","status":"publish","type":"product","link":"https:\/\/nabytoklaguna.sk\/sk\/produkt\/adrk-set-rodos-80\/","title":{"rendered":"ADRK set RODOS 80"},"content":{"rendered":"<p><strong>Set<\/strong>\u00a0<strong>RODOS 80\u00a0<\/strong> je ide\u00e1lny do va\u0161ej jed\u00e1lne. \u0160t\u00fdlov\u00fd <strong>jed\u00e1lensk\u00fd set<\/strong>\u00a0 <strong>RODOS 80<\/strong> obsahuje st\u00f4l s obd\u013a\u017enikovou doskou a \u0161es\u0165 \u010dal\u00fanen\u00fdch stoli\u010diek. Kvalitn\u00fd <strong>rozkladac\u00ed jed\u00e1lensk\u00fd st\u00f4l<\/strong> stoj\u00ed na pevnej bukovej podno\u017ei, stolov\u00fd pl\u00e1t z<strong> MDF dosky<\/strong>.\u00a0 St\u00f4l m\u00f4\u017eete <strong>rozlo\u017ei\u0165<\/strong> pomocou vlo\u017eky, ktor\u00e1 pred\u013a\u017ei dosku na 180 cm. \u0160t\u00fdlov\u00e9 stoli\u010dky maj\u00fa stabiln\u00e9 nohy <strong>z bukov\u00e9ho dreva<\/strong> a \u010dal\u00fanen\u00e9 sedadlo a operadlo s \u013eubovo\u013enou po\u0165ahovou l\u00e1tkou na v\u00fdber z t\u00fdch, ktor\u00e9 s\u00fa zobrazen\u00e9 v gal\u00e9rii.\u00a0 V\u010faka \u0161irokej \u0161k\u00e1le farieb sa sada hod\u00ed do ka\u017ed\u00e9ho interi\u00e9ru a dopln\u00ed va\u0161u <strong>ob\u00fdva\u010dku, kuchy\u0148u alebo jed\u00e1le\u0148.<\/strong><\/p>\n<p><strong>Rozmery stolov\u00e9ho pl\u00e1tu<\/strong>: 140 cm x 80 cm\u00a0 (140 + vkladka 40\u00a0 cm x 80 cm). St\u00f4l dod\u00e1van\u00fd v demonte.<\/p>\n<p><strong>\u0160t\u00fdlov\u00fd jed\u00e1lensk\u00fd set stola\u00a0 a 6 stoli\u010diek<\/strong>\u00a0 v \u0161tyroch farebn\u00fdch prevedeniach: craft zlat\u00fd, dub lefkas, orech, sonoma, sonoma\/ \u010dierna<\/p>\n<p><strong>Jed\u00e1lensk\u00e1 stoli\u010dka\u00a0<\/strong> vyroben\u00e1 z bukov\u00e9ho mas\u00edvu v preveden\u00ed<\/p>\n<ul>\n<li>craft zlat\u00fd\/<\/li>\n<li>dub lefkas<\/li>\n<li>orech<\/li>\n<li>sonoma<\/li>\n<li>\u010dierna \/ modr\u00e1<\/li>\n<\/ul>\n<p><strong>Rozmery:<\/strong> celkov\u00e1 v\u00fd\u0161ka 80 cm,\u00a0 \u0161\u00edrka sed\u00e1ku 43 cm,\u00a0 h\u013abka sedu 39cm, v\u00fd\u0161ka sedu 40 cm. Stoli\u010dky dod\u00e1van\u00e9 zmontovan\u00e9.<\/p>\n<p>&nbsp;<\/p>\n<p>&nbsp;<\/p>\n<p>&nbsp;<\/p>\n","protected":false},"excerpt":{"rendered":"<p>Set\u00a0RODOS 80\u00a0 je ide\u00e1lny do va\u0161ej jed\u00e1lne. \u0160t\u00fdlov\u00fd jed\u00e1lensk\u00fd set\u00a0 RODOS 80 obsahuje st\u00f4l s obd\u013a\u017enikovou doskou a \u0161es\u0165 \u010dal\u00fanen\u00fdch stoli\u010diek. Kvalitn\u00fd rozkladac\u00ed jed\u00e1lensk\u00fd st\u00f4l stoj\u00ed na pevnej bukovej podno\u017ei, stolov\u00fd pl\u00e1t z MDF dosky.\u00a0 St\u00f4l m\u00f4\u017eete rozlo\u017ei\u0165 pomocou vlo\u017eky, ktor\u00e1 pred\u013a\u017ei dosku na 180 cm. \u0160t\u00fdlov\u00e9 stoli\u010dky maj\u00fa stabiln\u00e9 nohy z bukov\u00e9ho dreva a&#8230;<\/p>\n","protected":false},"featured_media":124174,"comment_status":"closed","ping_status":"closed","template":"","meta":{"_seopress_robots_primary_cat":"none","_seopress_titles_title":"","_seopress_titles_desc":"","_seopress_robots_index":""},"product_brand":[],"product_cat":[246],"product_tag":[],"class_list":{"0":"post-124083","1":"product","2":"type-product","3":"status-publish","4":"has-post-thumbnail","6":"product_cat-jedalenske-sety","8":"first","9":"onbackorder","10":"shipping-taxable","11":"purchasable","12":"product-type-variable"},"_links":{"self":[{"href":"https:\/\/nabytoklaguna.sk\/sk\/wp-json\/wp\/v2\/product\/124083","targetHints":{"allow":["GET"]}}],"collection":[{"href":"https:\/\/nabytoklaguna.sk\/sk\/wp-json\/wp\/v2\/product"}],"about":[{"href":"https:\/\/nabytoklaguna.sk\/sk\/wp-json\/wp\/v2\/types\/product"}],"replies":[{"embeddable":true,"href":"https:\/\/nabytoklaguna.sk\/sk\/wp-json\/wp\/v2\/comments?post=124083"}],"wp:featuredmedia":[{"embeddable":true,"href":"https:\/\/nabytoklaguna.sk\/sk\/wp-json\/wp\/v2\/media\/124174"}],"wp:attachment":[{"href":"https:\/\/nabytoklaguna.sk\/sk\/wp-json\/wp\/v2\/media?parent=124083"}],"wp:term":[{"taxonomy":"product_brand","embeddable":true,"href":"https:\/\/nabytoklaguna.sk\/sk\/wp-json\/wp\/v2\/product_brand?post=124083"},{"taxonomy":"product_cat","embeddable":true,"href":"https:\/\/nabytoklaguna.sk\/sk\/wp-json\/wp\/v2\/product_cat?post=124083"},{"taxonomy":"product_tag","embeddable":true,"href":"https:\/\/nabytoklaguna.sk\/sk\/wp-json\/wp\/v2\/product_tag?post=124083"}],"curies":[{"name":"wp","href":"https:\/\/api.w.org\/{rel}","templated":true}]}}