{"id":124088,"date":"2025-06-17T16:36:37","date_gmt":"2025-06-17T14:36:37","guid":{"rendered":"https:\/\/nabytoklaguna.sk\/sk\/?post_type=product&#038;p=124088"},"modified":"2025-06-19T13:22:04","modified_gmt":"2025-06-19T11:22:04","slug":"haidar-180-skrina","status":"publish","type":"product","link":"https:\/\/nabytoklaguna.sk\/sk\/produkt\/haidar-180-skrina\/","title":{"rendered":"HAIDAR 180 skri\u0148a"},"content":{"rendered":"<p>Skri\u0148a s posuvn\u00fdmi dverami <strong>HAIDAR<\/strong> je ide\u00e1lnym rie\u0161en\u00edm usporiadania priestoru. Nielen \u017eeny ocenia d\u00f4myseln\u00e9 umiestnenie <strong>zrkadla<\/strong>. Skri\u0148a <strong>HAIDAR<\/strong> je <strong>l<\/strong><b>uxusn\u00e1, multifunk\u010dn\u00e1 a praktick\u00e1<\/b>. \u00a0Vn\u00fatorn\u00fd dizajn skrine predstavuj\u00fa<b> dve ve\u0161iakov\u00e9 ty\u010de, \u0161es\u0165 \u0161upl\u00edkov a police <\/b>v strednej \u010dasti skrine<b>, <\/b>ktor\u00e9 pom\u00f4\u017eu dokonalo preh\u013eadne usporiada\u0165 \u0161aty, obleky, vrchn\u00e9 odevy, ko\u0161ele, ako aj bielize\u0148 \u010di pono\u017eky. V\u010faka tomu, \u017ee skri\u0148a je <strong>posuvn\u00e1<\/strong>, nemus\u00edte vy\u010dle\u0148ova\u0165 \u010fal\u0161ie miesto na otvorenie dver\u00ed, \u010do z nej rob\u00ed ide\u00e1lne rie\u0161enie pre <strong>mal\u00fa izbu<\/strong> alebo \u00fazku predsie\u0148. Svojou kvalitou, dizajnom a praktick\u00fdm usporiadan\u00edm vn\u00fatorn\u00e9ho priestoru bude t\u00e1to skri\u0148a dokonal\u00fdm doplnkom V\u00e1\u0161ho interi\u00e9ru.<\/p>\n<div>\n<table style=\"width: 100%; height: 259px;\" border=\"0\" cellspacing=\"5\" cellpadding=\"1\">\n<tbody>\n<tr style=\"height: 52px;\">\n<td style=\"height: 52px;\">Typ v\u00fdrobku<\/td>\n<td style=\"height: 52px;\">Skri\u0148a<\/td>\n<\/tr>\n<tr style=\"height: 52px;\">\n<td style=\"height: 52px;\">Materi\u00e1l<\/td>\n<td style=\"height: 52px;\">laminovan\u00e1 DTD 16 mm<\/td>\n<\/tr>\n<tr style=\"height: 52px;\">\n<td style=\"height: 52px;\">Rozmery \u0161\/h\/v<\/td>\n<td style=\"height: 52px;\">180 x 65 x 216 cm<\/td>\n<\/tr>\n<tr style=\"height: 52px;\">\n<td style=\"height: 52px;\">Balenie<\/td>\n<td style=\"height: 52px;\">demont<\/td>\n<\/tr>\n<tr style=\"height: 51px;\">\n<td style=\"height: 51px;\">Z\u00e1ruka<\/td>\n<td style=\"height: 51px;\">2 roky<\/td>\n<\/tr>\n<\/tbody>\n<\/table>\n<\/div>\n","protected":false},"excerpt":{"rendered":"<p>Skri\u0148a s posuvn\u00fdmi dverami HAIDAR je ide\u00e1lnym rie\u0161en\u00edm usporiadania priestoru. Nielen \u017eeny ocenia d\u00f4myseln\u00e9 umiestnenie zrkadla. Skri\u0148a HAIDAR je luxusn\u00e1, multifunk\u010dn\u00e1 a praktick\u00e1. \u00a0Vn\u00fatorn\u00fd dizajn skrine predstavuj\u00fa dve ve\u0161iakov\u00e9 ty\u010de, \u0161es\u0165 \u0161upl\u00edkov a police v strednej \u010dasti skrine, ktor\u00e9 pom\u00f4\u017eu dokonalo preh\u013eadne usporiada\u0165 \u0161aty, obleky, vrchn\u00e9 odevy, ko\u0161ele, ako aj bielize\u0148 \u010di pono\u017eky. V\u010faka tomu,&#8230;<\/p>\n","protected":false},"featured_media":124091,"comment_status":"closed","ping_status":"closed","template":"","meta":{"_seopress_robots_primary_cat":"none","_seopress_titles_title":"","_seopress_titles_desc":"","_seopress_robots_index":""},"product_brand":[],"product_cat":[1585,225],"product_tag":[],"class_list":{"0":"post-124088","1":"product","2":"type-product","3":"status-publish","4":"has-post-thumbnail","6":"product_cat-s-posuvnymi-dverami","7":"product_cat-skrine","9":"first","10":"instock","11":"shipping-taxable","12":"purchasable","13":"product-type-variable"},"_links":{"self":[{"href":"https:\/\/nabytoklaguna.sk\/sk\/wp-json\/wp\/v2\/product\/124088","targetHints":{"allow":["GET"]}}],"collection":[{"href":"https:\/\/nabytoklaguna.sk\/sk\/wp-json\/wp\/v2\/product"}],"about":[{"href":"https:\/\/nabytoklaguna.sk\/sk\/wp-json\/wp\/v2\/types\/product"}],"replies":[{"embeddable":true,"href":"https:\/\/nabytoklaguna.sk\/sk\/wp-json\/wp\/v2\/comments?post=124088"}],"wp:featuredmedia":[{"embeddable":true,"href":"https:\/\/nabytoklaguna.sk\/sk\/wp-json\/wp\/v2\/media\/124091"}],"wp:attachment":[{"href":"https:\/\/nabytoklaguna.sk\/sk\/wp-json\/wp\/v2\/media?parent=124088"}],"wp:term":[{"taxonomy":"product_brand","embeddable":true,"href":"https:\/\/nabytoklaguna.sk\/sk\/wp-json\/wp\/v2\/product_brand?post=124088"},{"taxonomy":"product_cat","embeddable":true,"href":"https:\/\/nabytoklaguna.sk\/sk\/wp-json\/wp\/v2\/product_cat?post=124088"},{"taxonomy":"product_tag","embeddable":true,"href":"https:\/\/nabytoklaguna.sk\/sk\/wp-json\/wp\/v2\/product_tag?post=124088"}],"curies":[{"name":"wp","href":"https:\/\/api.w.org\/{rel}","templated":true}]}}