{"id":124156,"date":"2025-06-19T10:59:53","date_gmt":"2025-06-19T08:59:53","guid":{"rendered":"https:\/\/nabytoklaguna.sk\/sk\/?post_type=product&#038;p=124156"},"modified":"2025-06-19T12:53:05","modified_gmt":"2025-06-19T10:53:05","slug":"modi-m-160-skrina","status":"publish","type":"product","link":"https:\/\/nabytoklaguna.sk\/sk\/produkt\/modi-m-160-skrina\/","title":{"rendered":"MODI-M 160 skri\u0148a"},"content":{"rendered":"<p>\u0160atn\u00edkov\u00e1 skri\u0148a s posuvn\u00fdmi dverami <strong>MODI-M<\/strong> je modern\u00e1, praktick\u00e1 a Va\u0161ej izbe dod\u00e1 pocit <b>\u010distoty<\/b>\u00a0a\u00a0<b>poriadku. <\/b>Vyroben\u00e1 je z\u00a0<b>DTD laminovanej<\/b>, \u00a0poskytuje\u00a0<b>dostatok \u00falo\u017en\u00e9ho priestoru.<\/b>\u00a0Na\u00a0<b>pravej strane<\/b> skrine sa nach\u00e1dzaj\u00fa<strong> police<\/strong>, ktor\u00e9 priestor rozde\u013euj\u00fa na<strong> 5 rovnak\u00fdch \u010dast\u00ed<\/strong>, v<strong> \u013eavej \u010dasti<\/strong> skrine je umiestnen\u00e1 <b>ve\u0161iakov\u00e1 ty\u010d a jedna polica<\/b>. D\u00f4myseln\u00e9 usporiadanie vn\u00fatorn\u00e9ho priestoru skrine <strong>MODI-M<\/strong> pom\u00f4\u017ee preh\u013eadne usporiada\u0165 \u0161aty, obleky, ko\u0161ele ako aj nohavice \u010di svetre. <strong>Posuvn\u00e9 dvere<\/strong> skrine <strong>MODI-M<\/strong> zabezpe\u010dia, \u017ee sa t\u00e1to \u0161atn\u00edkov\u00e1 skri\u0148a zmest\u00ed aj do \u00fazkych priestorov. Pri manipul\u00e1cii ocen\u00edte praktick\u00e9 a elegantn\u00e9<strong> \u010dierne \u00fachytky. <\/strong>Skvel\u00fdm prvkom na nezaplatenie je<strong> zrkadlo<\/strong> umiestnen\u00e9 na prav\u00fdch dver\u00e1ch \u0161atn\u00edkovej skrine.<\/p>\n<div>\n<table style=\"width: 100%; height: 259px;\" border=\"0\" cellspacing=\"5\" cellpadding=\"1\">\n<tbody>\n<tr style=\"height: 52px;\">\n<td style=\"height: 52px;\">Typ v\u00fdrobku<\/td>\n<td style=\"height: 52px;\">Skri\u0148a<\/td>\n<\/tr>\n<tr style=\"height: 52px;\">\n<td style=\"height: 52px;\">Materi\u00e1l<\/td>\n<td style=\"height: 52px;\">laminovan\u00e1 DTD 16 mm<\/td>\n<\/tr>\n<tr style=\"height: 52px;\">\n<td style=\"height: 52px;\">Rozmery \u0161\/h\/v<\/td>\n<td style=\"height: 52px;\">160 x 64 x 200 cm<\/td>\n<\/tr>\n<tr style=\"height: 52px;\">\n<td style=\"height: 52px;\">Balenie<\/td>\n<td style=\"height: 52px;\">demont<\/td>\n<\/tr>\n<tr style=\"height: 51px;\">\n<td style=\"height: 51px;\">Z\u00e1ruka<\/td>\n<td style=\"height: 51px;\">2 roky<\/td>\n<\/tr>\n<\/tbody>\n<\/table>\n<\/div>\n","protected":false},"excerpt":{"rendered":"<p>\u0160atn\u00edkov\u00e1 skri\u0148a s posuvn\u00fdmi dverami MODI-M je modern\u00e1, praktick\u00e1 a Va\u0161ej izbe dod\u00e1 pocit \u010distoty\u00a0a\u00a0poriadku. Vyroben\u00e1 je z\u00a0DTD laminovanej, \u00a0poskytuje\u00a0dostatok \u00falo\u017en\u00e9ho priestoru.\u00a0Na\u00a0pravej strane skrine sa nach\u00e1dzaj\u00fa police, ktor\u00e9 priestor rozde\u013euj\u00fa na 5 rovnak\u00fdch \u010dast\u00ed, v \u013eavej \u010dasti skrine je umiestnen\u00e1 ve\u0161iakov\u00e1 ty\u010d a jedna polica. D\u00f4myseln\u00e9 usporiadanie vn\u00fatorn\u00e9ho priestoru skrine MODI-M pom\u00f4\u017ee preh\u013eadne usporiada\u0165 \u0161aty,&#8230;<\/p>\n","protected":false},"featured_media":124159,"comment_status":"closed","ping_status":"closed","template":"","meta":{"_seopress_robots_primary_cat":"none","_seopress_titles_title":"","_seopress_titles_desc":"","_seopress_robots_index":""},"product_brand":[],"product_cat":[1585,225],"product_tag":[],"class_list":{"0":"post-124156","1":"product","2":"type-product","3":"status-publish","4":"has-post-thumbnail","6":"product_cat-s-posuvnymi-dverami","7":"product_cat-skrine","9":"first","10":"instock","11":"shipping-taxable","12":"purchasable","13":"product-type-variable"},"_links":{"self":[{"href":"https:\/\/nabytoklaguna.sk\/sk\/wp-json\/wp\/v2\/product\/124156","targetHints":{"allow":["GET"]}}],"collection":[{"href":"https:\/\/nabytoklaguna.sk\/sk\/wp-json\/wp\/v2\/product"}],"about":[{"href":"https:\/\/nabytoklaguna.sk\/sk\/wp-json\/wp\/v2\/types\/product"}],"replies":[{"embeddable":true,"href":"https:\/\/nabytoklaguna.sk\/sk\/wp-json\/wp\/v2\/comments?post=124156"}],"wp:featuredmedia":[{"embeddable":true,"href":"https:\/\/nabytoklaguna.sk\/sk\/wp-json\/wp\/v2\/media\/124159"}],"wp:attachment":[{"href":"https:\/\/nabytoklaguna.sk\/sk\/wp-json\/wp\/v2\/media?parent=124156"}],"wp:term":[{"taxonomy":"product_brand","embeddable":true,"href":"https:\/\/nabytoklaguna.sk\/sk\/wp-json\/wp\/v2\/product_brand?post=124156"},{"taxonomy":"product_cat","embeddable":true,"href":"https:\/\/nabytoklaguna.sk\/sk\/wp-json\/wp\/v2\/product_cat?post=124156"},{"taxonomy":"product_tag","embeddable":true,"href":"https:\/\/nabytoklaguna.sk\/sk\/wp-json\/wp\/v2\/product_tag?post=124156"}],"curies":[{"name":"wp","href":"https:\/\/api.w.org\/{rel}","templated":true}]}}