{"id":124177,"date":"2025-06-20T15:51:35","date_gmt":"2025-06-20T13:51:35","guid":{"rendered":"https:\/\/nabytoklaguna.sk\/sk\/?post_type=product&#038;p=124177"},"modified":"2026-02-23T11:50:36","modified_gmt":"2026-02-23T10:50:36","slug":"nepal-kozena-sedacia-suprava","status":"publish","type":"product","link":"https:\/\/nabytoklaguna.sk\/sk\/produkt\/nepal-kozena-sedacia-suprava\/","title":{"rendered":"NEP\u00c1L ko\u017een\u00e1 sedacia s\u00faprava"},"content":{"rendered":"<p>Do na\u0161ej pohovky <strong>NEP\u00c1L<\/strong> sa zamilujete na prv\u00fd poh\u013ead u\u017e hne\u010f po seden\u00ed. Jej jedine\u010dn\u00fd vzh\u013ead a tvar zaru\u010duj\u00fa, \u017ee len tak r\u00fdchlo nevyjde z m\u00f3dy a tak sa m\u00f4\u017ee sta\u0165 ozdobou va\u0161ej ob\u00fdva\u010dky na mnoho rokov. Pohovka je kus n\u00e1bytku pre t\u00fdch, ktor\u00ed h\u013eadaj\u00fa modern\u00fd a elegantn\u00fd relax.\u00a0 Je vyroben\u00e1 <strong>z mas\u00edvneho dreva,<\/strong> \u010do je garanciou trv\u00e1cnosti a odolnosti. \u010cal\u00fanen\u00e1 je<strong>\u00a0kvalitnou talianskou hov\u00e4dzou ko\u017eou.<\/strong> \u00a0Sedacia \u010das\u0165 pohovky je <strong>pre\u0161\u00edvan\u00e1<\/strong> \u010d\u00edm p\u00f4sob\u00ed ve\u013emi <strong>luxusne<\/strong>. Pohovka Nep\u00e1l <strong>nem\u00e1 funkciu rozkladu<\/strong> a taktie\u017e ani \u00falo\u017en\u00fd priestor.\u00a0 Sedenie tvoria pru\u017einy Falista\u00a0 a vysoko elastick\u00e1 HR pena, ktor\u00e9 zaru\u010duj\u00fa dlhodobo <strong>pru\u017en\u00e9 sedenie<\/strong>. Modern\u00e9 \u010dierne nohy dod\u00e1vaj\u00fa celej s\u00faprave luxus.<\/p>\n<p><strong>\u0160pecifik\u00e1cia:<\/strong><\/p>\n<ul>\n<li>Silik\u00f3nov\u00e1 gu\u013e\u00f4\u010dka,<\/li>\n<li>Vlnit\u00e1 pru\u017eina,<\/li>\n<li>Dve spojen\u00e9 taburetky<\/li>\n<\/ul>\n<p>Sedaciu <strong>NEP\u00c1L<\/strong> je mo\u017en\u00e9 k\u00fapi\u0165 s 2 spojen\u00fdmi <strong>taburetkami\u00a0<\/strong> alebo bez.<\/p>\n<h3 class=\"page-product-heading\">VLASTNOSTI<\/h3>\n<table class=\"table-data-sheet\" style=\"width: 100%; height: 1039px;\">\n<tbody>\n<tr class=\"odd\" style=\"height: 52px;\">\n<td style=\"height: 52px; width: 31.8062%;\">H\u013abka<\/td>\n<td style=\"height: 52px; width: 68.0176%;\">103 cm<\/td>\n<\/tr>\n<tr class=\"even\" style=\"height: 52px;\">\n<td style=\"height: 52px; width: 31.8062%;\">\u0160\u00edrka<\/td>\n<td style=\"height: 52px; width: 68.0176%;\">340 cm<\/td>\n<\/tr>\n<tr class=\"odd\" style=\"height: 52px;\">\n<td style=\"height: 52px; width: 31.8062%;\">V\u00fd\u0161ka<\/td>\n<td style=\"height: 52px; width: 68.0176%;\">76 &#8211; 91 cm<\/td>\n<\/tr>\n<tr class=\"even\" style=\"height: 52px;\">\n<td style=\"height: 52px; width: 31.8062%;\">Vhodn\u00e1 miestnos\u0165<\/td>\n<td style=\"height: 52px; width: 68.0176%;\">ob\u00fdva\u010dka, spolo\u010densk\u00e1 miestnos\u0165, hotely, kaviarne<\/td>\n<\/tr>\n<tr class=\"odd\" style=\"height: 52px;\">\n<td style=\"height: 52px; width: 31.8062%;\">Typ n\u00e1bytku<\/td>\n<td style=\"height: 52px; width: 68.0176%;\">pohovka<\/td>\n<\/tr>\n<tr class=\"even\" style=\"height: 52px;\">\n<td style=\"height: 52px; width: 31.8062%;\">\u0160t\u00fdl n\u00e1bytku<\/td>\n<td style=\"height: 52px; width: 68.0176%;\">modern\u00fd<\/td>\n<\/tr>\n<tr class=\"odd\" style=\"height: 52px;\">\n<td style=\"height: 52px; width: 31.8062%;\">Z\u00e1ruka<\/td>\n<td style=\"height: 52px; width: 68.0176%;\">2 roky<\/td>\n<\/tr>\n<tr class=\"even\" style=\"height: 52px;\">\n<td style=\"height: 52px; width: 31.8062%;\">Sp\u00f4sob dodania<\/td>\n<td style=\"height: 52px; width: 68.0176%;\">demont v\u00a0 bal\u00edkoch<\/td>\n<\/tr>\n<tr class=\"odd\" style=\"height: 52px;\">\n<td style=\"height: 52px; width: 31.8062%;\">Hmotnos\u0165<\/td>\n<td style=\"height: 52px; width: 68.0176%;\">150 kg<\/td>\n<\/tr>\n<tr class=\"odd\" style=\"height: 52px;\">\n<td style=\"height: 52px; width: 31.8062%;\">Rohov\u00e9 prevedenie<\/td>\n<td style=\"height: 52px; width: 68.0176%;\">\u00e1no<\/td>\n<\/tr>\n<tr class=\"odd\" style=\"height: 52px;\">\n<td style=\"height: 52px; width: 31.8062%;\">V\u00fd\u0161ka zadn\u00e9ho \u010dela<\/td>\n<td style=\"height: 52px; width: 68.0176%;\">76 &#8211; 91 cm<\/td>\n<\/tr>\n<tr class=\"even\" style=\"height: 52px;\">\n<td style=\"height: 52px; width: 31.8062%;\">Kon\u0161trukcia<\/td>\n<td style=\"height: 52px; width: 68.0176%;\">mas\u00edv<\/td>\n<\/tr>\n<tr class=\"odd\" style=\"height: 52px;\">\n<td style=\"height: 52px; width: 31.8062%;\">Mo\u017enos\u0165 rozkladania<\/td>\n<td style=\"height: 52px; width: 68.0176%;\">nie<\/td>\n<\/tr>\n<tr class=\"even\" style=\"height: 52px;\">\n<td style=\"height: 52px; width: 31.8062%;\">\u00dalo\u017en\u00fd priestor<\/td>\n<td style=\"height: 52px; width: 68.0176%;\">nie<\/td>\n<\/tr>\n<tr class=\"odd\" style=\"height: 52px;\">\n<td style=\"height: 52px; width: 31.8062%;\">Nohy<\/td>\n<td style=\"height: 52px; width: 68.0176%;\">\u010dierne<\/td>\n<\/tr>\n<tr class=\"even\" style=\"height: 52px;\">\n<td style=\"height: 52px; width: 31.8062%;\">Obsahuje vank\u00fa\u0161e<\/td>\n<td style=\"height: 52px; width: 68.0176%;\">nie<\/td>\n<\/tr>\n<tr class=\"odd\" style=\"height: 52px;\">\n<td style=\"height: 52px; width: 31.8062%;\">Nastavenie opierok<\/td>\n<td style=\"height: 52px; width: 68.0176%;\">nie<\/td>\n<\/tr>\n<tr class=\"even\" style=\"height: 51px;\">\n<td style=\"height: 51px; width: 31.8062%;\">V\u00fdpl\u0148 seda\u010dky<\/td>\n<td style=\"height: 51px; width: 68.0176%;\">pena+ pru\u017eina<\/td>\n<\/tr>\n<tr class=\"odd\" style=\"height: 52px;\">\n<td style=\"height: 52px; width: 31.8062%;\"><\/td>\n<td style=\"height: 52px; width: 68.0176%;\"><\/td>\n<\/tr>\n<tr class=\"even\" style=\"height: 51px;\">\n<td style=\"height: 51px; width: 31.8062%;\"><\/td>\n<td style=\"height: 51px; width: 68.0176%;\"><\/td>\n<\/tr>\n<\/tbody>\n<\/table>\n","protected":false},"excerpt":{"rendered":"<p>Do na\u0161ej pohovky NEP\u00c1L sa zamilujete na prv\u00fd poh\u013ead u\u017e hne\u010f po seden\u00ed. Jej jedine\u010dn\u00fd vzh\u013ead a tvar zaru\u010duj\u00fa, \u017ee len tak r\u00fdchlo nevyjde z m\u00f3dy a tak sa m\u00f4\u017ee sta\u0165 ozdobou va\u0161ej ob\u00fdva\u010dky na mnoho rokov. Pohovka je kus n\u00e1bytku pre t\u00fdch, ktor\u00ed h\u013eadaj\u00fa modern\u00fd a elegantn\u00fd relax.\u00a0 Je vyroben\u00e1 z mas\u00edvneho dreva, \u010do&#8230;<\/p>\n","protected":false},"featured_media":126121,"comment_status":"closed","ping_status":"closed","template":"","meta":{"_seopress_robots_primary_cat":"140","_seopress_titles_title":"","_seopress_titles_desc":"","_seopress_robots_index":""},"product_brand":[],"product_cat":[140,214],"product_tag":[],"class_list":{"0":"post-124177","1":"product","2":"type-product","3":"status-publish","4":"has-post-thumbnail","6":"product_cat-sedacie-supravy","7":"product_cat-kozene-sedacie-supravy","9":"first","10":"instock","11":"shipping-taxable","12":"purchasable","13":"product-type-variable"},"_links":{"self":[{"href":"https:\/\/nabytoklaguna.sk\/sk\/wp-json\/wp\/v2\/product\/124177","targetHints":{"allow":["GET"]}}],"collection":[{"href":"https:\/\/nabytoklaguna.sk\/sk\/wp-json\/wp\/v2\/product"}],"about":[{"href":"https:\/\/nabytoklaguna.sk\/sk\/wp-json\/wp\/v2\/types\/product"}],"replies":[{"embeddable":true,"href":"https:\/\/nabytoklaguna.sk\/sk\/wp-json\/wp\/v2\/comments?post=124177"}],"wp:featuredmedia":[{"embeddable":true,"href":"https:\/\/nabytoklaguna.sk\/sk\/wp-json\/wp\/v2\/media\/126121"}],"wp:attachment":[{"href":"https:\/\/nabytoklaguna.sk\/sk\/wp-json\/wp\/v2\/media?parent=124177"}],"wp:term":[{"taxonomy":"product_brand","embeddable":true,"href":"https:\/\/nabytoklaguna.sk\/sk\/wp-json\/wp\/v2\/product_brand?post=124177"},{"taxonomy":"product_cat","embeddable":true,"href":"https:\/\/nabytoklaguna.sk\/sk\/wp-json\/wp\/v2\/product_cat?post=124177"},{"taxonomy":"product_tag","embeddable":true,"href":"https:\/\/nabytoklaguna.sk\/sk\/wp-json\/wp\/v2\/product_tag?post=124177"}],"curies":[{"name":"wp","href":"https:\/\/api.w.org\/{rel}","templated":true}]}}