{"id":124206,"date":"2025-06-24T15:39:07","date_gmt":"2025-06-24T13:39:07","guid":{"rendered":"https:\/\/nabytoklaguna.sk\/sk\/?post_type=product&#038;p=124206"},"modified":"2026-02-24T10:45:11","modified_gmt":"2026-02-24T09:45:11","slug":"k-iso-new","status":"publish","type":"product","link":"https:\/\/nabytoklaguna.sk\/sk\/produkt\/k-iso-new\/","title":{"rendered":"K ISO NEW"},"content":{"rendered":"<p><b>Stoli\u010dka ISO NEW<\/b>\u00a0je nielen\u00a0<b>praktick\u00e1 a univerz\u00e1lna<\/b>, dokonca jej to pristane. Maxim\u00e1lne pohodln\u00e9 sedenie zaru\u010duje\u00a0<b>stabiln\u00e1<\/b>\u00a0a\u00a0<b>pevn\u00e1 kovov\u00e1 kon\u0161trukcia<\/b>\u00a0v\u00a0<b>\u010diernej farbe<\/b>. Sedadlo a opierka s\u00fa \u010dal\u00fanen\u00e9 <b>l\u00e1tkou<\/b>. Stoli\u010dka je\u00a0<b>stohovacia<\/b>, \u013eahko stoli\u010dky pouklad\u00e1te na seba. Jednak t\u00fdm \u0161etr\u00edte miesto, na druhej strane viete stoli\u010dky\u00a0<b>jednoducho pres\u00fava\u0165<\/b>\u00a0medzi miestnos\u0165ami. Stoli\u010dka je ide\u00e1lna aj pre\u00a0<b>mest\u00e1 a obce do kult\u00farnych s\u00e1l, sal\u00f3nikov a konferen\u010dn\u00fdch miestnosti<\/b>. Jednoducho tak vyrie\u0161ite ot\u00e1zku miest na sedenie pre mno\u017estvo \u013eud\u00ed. Tento k\u00fasok posl\u00fa\u017ei naozaj kdeko\u013evek a komuko\u013evek,\u00a0<b>nosnos\u0165<\/b>\u00a0stoli\u010dky je a\u017e\u00a0<b>110 kg<\/b>.<\/p>\n<div class=\"text\">\n<ul>\n<li><b>Materi\u00e1l:<\/b>\u00a0l\u00e1tka\/kov<\/li>\n<li>Oderuodolnos\u0165 text\u00edlie pod\u013ea testu Martindale: 80 000 oderov<\/li>\n<li><b>Rozmery (\u0160xHxV):<\/b>\u00a053x58x83 cm<\/li>\n<li><b>V\u00fd\u0161ka sedu :<\/b>\u00a047 cm<\/li>\n<li><b>H\u013abka sedu :<\/b>\u00a041 cm<\/li>\n<li><b>Nosnos\u0165:<\/b>\u00a0110 kg<\/li>\n<li><b>Hr\u00fabka materi\u00e1lu:\u00a0<\/b>1,2 mm<\/li>\n<li>Stohovacia<\/li>\n<li>Dod\u00e1van\u00e1 v monte<\/li>\n<\/ul>\n<\/div>\n","protected":false},"excerpt":{"rendered":"<p>Stoli\u010dka ISO NEW\u00a0je nielen\u00a0praktick\u00e1 a univerz\u00e1lna, dokonca jej to pristane. Maxim\u00e1lne pohodln\u00e9 sedenie zaru\u010duje\u00a0stabiln\u00e1\u00a0a\u00a0pevn\u00e1 kovov\u00e1 kon\u0161trukcia\u00a0v\u00a0\u010diernej farbe. Sedadlo a opierka s\u00fa \u010dal\u00fanen\u00e9 l\u00e1tkou. Stoli\u010dka je\u00a0stohovacia, \u013eahko stoli\u010dky pouklad\u00e1te na seba. Jednak t\u00fdm \u0161etr\u00edte miesto, na druhej strane viete stoli\u010dky\u00a0jednoducho pres\u00fava\u0165\u00a0medzi miestnos\u0165ami. Stoli\u010dka je ide\u00e1lna aj pre\u00a0mest\u00e1 a obce do kult\u00farnych s\u00e1l, sal\u00f3nikov a konferen\u010dn\u00fdch miestnosti&#8230;.<\/p>\n","protected":false},"featured_media":124214,"comment_status":"closed","ping_status":"closed","template":"","meta":{"_seopress_robots_primary_cat":"none","_seopress_titles_title":"","_seopress_titles_desc":"","_seopress_robots_index":""},"product_brand":[],"product_cat":[240,237],"product_tag":[],"class_list":{"0":"post-124206","1":"product","2":"type-product","3":"status-publish","4":"has-post-thumbnail","6":"product_cat-konferencne-stolicky","7":"product_cat-stolicky","8":"pa_farba-siva-3","9":"pa_farba-cervena","10":"pa_farba-cierna","11":"pa_farba-hneda","12":"pa_farba-modra","14":"first","15":"instock","16":"shipping-taxable","17":"purchasable","18":"product-type-variable"},"_links":{"self":[{"href":"https:\/\/nabytoklaguna.sk\/sk\/wp-json\/wp\/v2\/product\/124206","targetHints":{"allow":["GET"]}}],"collection":[{"href":"https:\/\/nabytoklaguna.sk\/sk\/wp-json\/wp\/v2\/product"}],"about":[{"href":"https:\/\/nabytoklaguna.sk\/sk\/wp-json\/wp\/v2\/types\/product"}],"replies":[{"embeddable":true,"href":"https:\/\/nabytoklaguna.sk\/sk\/wp-json\/wp\/v2\/comments?post=124206"}],"wp:featuredmedia":[{"embeddable":true,"href":"https:\/\/nabytoklaguna.sk\/sk\/wp-json\/wp\/v2\/media\/124214"}],"wp:attachment":[{"href":"https:\/\/nabytoklaguna.sk\/sk\/wp-json\/wp\/v2\/media?parent=124206"}],"wp:term":[{"taxonomy":"product_brand","embeddable":true,"href":"https:\/\/nabytoklaguna.sk\/sk\/wp-json\/wp\/v2\/product_brand?post=124206"},{"taxonomy":"product_cat","embeddable":true,"href":"https:\/\/nabytoklaguna.sk\/sk\/wp-json\/wp\/v2\/product_cat?post=124206"},{"taxonomy":"product_tag","embeddable":true,"href":"https:\/\/nabytoklaguna.sk\/sk\/wp-json\/wp\/v2\/product_tag?post=124206"}],"curies":[{"name":"wp","href":"https:\/\/api.w.org\/{rel}","templated":true}]}}