{"id":124227,"date":"2025-06-25T15:37:48","date_gmt":"2025-06-25T13:37:48","guid":{"rendered":"https:\/\/nabytoklaguna.sk\/sk\/?post_type=product&#038;p=124227"},"modified":"2026-02-23T11:48:12","modified_gmt":"2026-02-23T10:48:12","slug":"alex-kozena-sedacia-suprava","status":"publish","type":"product","link":"https:\/\/nabytoklaguna.sk\/sk\/produkt\/alex-kozena-sedacia-suprava\/","title":{"rendered":"ALEX Ko\u017een\u00e1 sedacia s\u00faprava"},"content":{"rendered":"<p><strong>Luxusn\u00e1 ko\u017een\u00e1<\/strong> sedacia s\u00faprava <strong>ALEX, <\/strong>ktor\u00e1 je vyroben\u00e1 pre relax,\u00a0 u\u017e na prv\u00fd poh\u013ead p\u00f4sob\u00ed ve\u013emi <strong>elegantne<\/strong>. Ur\u010dite sa stane ob\u013e\u00fabenou medzi milovn\u00edkmi dokonal\u00e9ho relaxu a klasick\u00e9ho \u0161t\u00fdlu. \u010cal\u00fanen\u00e1 je kvalitnou <strong>talianskou hov\u00e4dzou ko\u017eou.<\/strong> Sedenie tvoria pru\u017einy BONELL, ktor\u00e9 zaru\u010duj\u00fa <strong>dlhodobo<\/strong>\u00a0<strong>pru\u017en\u00e9 sedenie<\/strong>. Nohy s\u00fa z <strong>vysokokvalitn\u00e9ho dubu.<\/strong>\u00a0 Zobrazen\u00e1 zostava pozost\u00e1va z <strong>3-sedu bez rozkladu s funkciou relax <\/strong>a <strong>kresla s funkciou relax<\/strong>. Mo\u017enos\u0165 objednania<strong> 2-sedu s funkciou relax.<\/strong> Tieto zostavy maj\u00fa navy\u0161e nesporn\u00fa v\u00fdhodu v tom, \u017ee umiestnenie jednotliv\u00fdch kusov v ob\u00fdva\u010dke mo\u017eno <strong>\u013eubovo\u013ene meni\u0165<\/strong>, a tak razom zmen\u00edte aj\u00a0<strong>charakter miestnosti<\/strong>.<\/p>\n<p><strong>Rozmer trojsedu s funkciou relax, bez rozkladu:<\/strong><\/p>\n<p><strong>\u0160\u00edrka:\u00a0<\/strong>203 cm<\/p>\n<p><strong>V\u00fd\u0161ka:\u00a0<\/strong>101 cm<\/p>\n<p><strong>H\u013abka:<\/strong> 95 cm<\/p>\n<p>&nbsp;<\/p>\n<p><strong>Rozmer dvojsedu s funkciou relax:<\/strong><\/p>\n<p><strong>\u0160\u00edrka: <\/strong>146\u00a0cm<\/p>\n<p><strong>V\u00fd\u0161ka:\u00a0<\/strong>101 cm<\/p>\n<p><strong>H\u013abka:<\/strong> 95 cm<\/p>\n<p>&nbsp;<\/p>\n<p><strong>Rozmer kresla s funkciou relax:<\/strong><\/p>\n<p><strong>\u0160\u00edrka: <\/strong>94\u00a0cm<\/p>\n<p><strong>V\u00fd\u0161ka:\u00a0<\/strong>101 cm<\/p>\n<p><strong>H\u013abka: <\/strong>95 cm<\/p>\n<ul>\n<li>Farebn\u00e9 prevedenie dreva a ko\u017ee sa na z\u00e1klade nastavenia jasu na Va\u0161ej obrazovke m\u00f4\u017ee l\u00ed\u0161i\u0165<\/li>\n<\/ul>\n","protected":false},"excerpt":{"rendered":"<p>Luxusn\u00e1 ko\u017een\u00e1 sedacia s\u00faprava ALEX, ktor\u00e1 je vyroben\u00e1 pre relax,\u00a0 u\u017e na prv\u00fd poh\u013ead p\u00f4sob\u00ed ve\u013emi elegantne. Ur\u010dite sa stane ob\u013e\u00fabenou medzi milovn\u00edkmi dokonal\u00e9ho relaxu a klasick\u00e9ho \u0161t\u00fdlu. \u010cal\u00fanen\u00e1 je kvalitnou talianskou hov\u00e4dzou ko\u017eou. Sedenie tvoria pru\u017einy BONELL, ktor\u00e9 zaru\u010duj\u00fa dlhodobo\u00a0pru\u017en\u00e9 sedenie. Nohy s\u00fa z vysokokvalitn\u00e9ho dubu.\u00a0 Zobrazen\u00e1 zostava pozost\u00e1va z 3-sedu bez rozkladu s&#8230;<\/p>\n","protected":false},"featured_media":126120,"comment_status":"closed","ping_status":"closed","template":"","meta":{"_seopress_robots_primary_cat":"none","_seopress_titles_title":"","_seopress_titles_desc":"","_seopress_robots_index":""},"product_brand":[],"product_cat":[140,214],"product_tag":[],"class_list":{"0":"post-124227","1":"product","2":"type-product","3":"status-publish","4":"has-post-thumbnail","6":"product_cat-sedacie-supravy","7":"product_cat-kozene-sedacie-supravy","8":"pa_typ-produktu-2-sed-s-funk-relax","9":"pa_typ-produktu-3-sed-s-funk-relax","10":"pa_typ-produktu-31-s-funk-relax","11":"pa_typ-produktu-kreslo-s-funk-relax","13":"first","14":"instock","15":"shipping-taxable","16":"purchasable","17":"product-type-variable"},"_links":{"self":[{"href":"https:\/\/nabytoklaguna.sk\/sk\/wp-json\/wp\/v2\/product\/124227","targetHints":{"allow":["GET"]}}],"collection":[{"href":"https:\/\/nabytoklaguna.sk\/sk\/wp-json\/wp\/v2\/product"}],"about":[{"href":"https:\/\/nabytoklaguna.sk\/sk\/wp-json\/wp\/v2\/types\/product"}],"replies":[{"embeddable":true,"href":"https:\/\/nabytoklaguna.sk\/sk\/wp-json\/wp\/v2\/comments?post=124227"}],"wp:featuredmedia":[{"embeddable":true,"href":"https:\/\/nabytoklaguna.sk\/sk\/wp-json\/wp\/v2\/media\/126120"}],"wp:attachment":[{"href":"https:\/\/nabytoklaguna.sk\/sk\/wp-json\/wp\/v2\/media?parent=124227"}],"wp:term":[{"taxonomy":"product_brand","embeddable":true,"href":"https:\/\/nabytoklaguna.sk\/sk\/wp-json\/wp\/v2\/product_brand?post=124227"},{"taxonomy":"product_cat","embeddable":true,"href":"https:\/\/nabytoklaguna.sk\/sk\/wp-json\/wp\/v2\/product_cat?post=124227"},{"taxonomy":"product_tag","embeddable":true,"href":"https:\/\/nabytoklaguna.sk\/sk\/wp-json\/wp\/v2\/product_tag?post=124227"}],"curies":[{"name":"wp","href":"https:\/\/api.w.org\/{rel}","templated":true}]}}