{"id":124249,"date":"2025-06-27T16:00:17","date_gmt":"2025-06-27T14:00:17","guid":{"rendered":"https:\/\/nabytoklaguna.sk\/sk\/?post_type=product&#038;p=124249"},"modified":"2026-02-23T11:45:24","modified_gmt":"2026-02-23T10:45:24","slug":"venecia-kozena-sedacia-suprava","status":"publish","type":"product","link":"https:\/\/nabytoklaguna.sk\/sk\/produkt\/venecia-kozena-sedacia-suprava\/","title":{"rendered":"VENECIA KO\u017dEN\u00c1 SEDACIA S\u00daPRAVA"},"content":{"rendered":"<p>Rohov\u00e1 pohovka<strong> VENECIA<\/strong>\u00a0 je jedine\u010dn\u00fd kus n\u00e1bytku, ktor\u00fd nepochybne spln\u00ed o\u010dak\u00e1vania a zaru\u010d\u00ed maxim\u00e1lne pohodlie. Pon\u00fakame V\u00e1m <strong>luxusn\u00fa\u00a0 ko\u017een\u00fa sedaciu <\/strong>s\u00fapravu VENECIA \u00a0od renovovan\u00e9ho v\u00fdrobcu, ktor\u00e1 spln\u00ed v\u0161etky Va\u0161e o\u010dak\u00e1vania. <strong>Praktick\u00e1, funk\u010dn\u00e1 a dizajnovo<\/strong> <strong>zauj\u00edmav\u00e1<\/strong>, t\u00fdmito troma slovami vieme op\u00edsa\u0165 sedaciu s\u00fapravu VENECIA . Ka\u017ed\u00fd z n\u00e1s si potrebuje po \u0165a\u017ekom dni odd\u00fdchnu\u0165 a tato <strong>sedacia s\u00faprava<\/strong> V\u00e1m to dokonale umo\u017en\u00ed. Vn\u00fatro sedacej s\u00fapravy tvor\u00ed. pru\u017eina Falista a vysoko elastick\u00e1 <strong>HR pena<\/strong>, ktor\u00e1 sa V\u00e1m <strong>dokonal\u00e9 prisp\u00f4sob\u00ed<\/strong>. Ne\u010dakan\u00e1 n\u00e1v\u0161teva pre V\u00e1s nebude \u017eiaden probl\u00e9m. Za p\u00e1r sek\u00fand premen\u00edte sedaciu s\u00fapravu na <strong>plochu pre pr\u00edle\u017eitostn\u00e9 spanie<\/strong>. Ve\u013ekou v\u00fdhodou rohovej pohovky je <strong>elektricky rozkladacia funkcia spania.\u00a0 <\/strong>Mo\u017enos\u0165 v\u00fdberu <strong>prav\u00e9ho \u010di \u013eav\u00e9ho prevedenia.<\/strong><\/p>\n<ul>\n<li>Elektrick\u00e1 funkcia spania<\/li>\n<li>Bez \u00falo\u017en\u00e9ho priestoru<\/li>\n<li>\u0160itie<\/li>\n<li>Vo\u013en\u00e9 operadlov\u00e9 vank\u00fa\u0161e<\/li>\n<li>Kovov\u00e9 nohy<\/li>\n<\/ul>\n<h3 class=\"page-product-heading\">VLASTNOSTI<\/h3>\n<table class=\"table-data-sheet\">\n<tbody>\n<tr class=\"odd\">\n<td>H\u013abka<\/td>\n<td>220 cm<\/td>\n<\/tr>\n<tr class=\"even\">\n<td>\u0160\u00edrka<\/td>\n<td>308 cm<\/td>\n<\/tr>\n<tr class=\"odd\">\n<td>V\u00fd\u0161ka<\/td>\n<td>65-88 cm<\/td>\n<\/tr>\n<tr class=\"even\">\n<td>Vhodn\u00e1 miestnos\u0165<\/td>\n<td>ob\u00fdva\u010dka, spolo\u010densk\u00e1 miestnos\u0165, hotely, kaviarne<\/td>\n<\/tr>\n<tr class=\"odd\">\n<td>Typ n\u00e1bytku<\/td>\n<td>rohov\u00e1 seda\u010dka<\/td>\n<\/tr>\n<tr class=\"even\">\n<td>\u0160t\u00fdl n\u00e1bytku<\/td>\n<td>modern\u00fd<\/td>\n<\/tr>\n<tr class=\"odd\">\n<td>Z\u00e1ruka<\/td>\n<td>2 roky<\/td>\n<\/tr>\n<tr class=\"even\">\n<td>Sp\u00f4sob dodania<\/td>\n<td>demont v dvoch bal\u00edkoch<\/td>\n<\/tr>\n<tr class=\"odd\">\n<td>Hmotnos\u0165<\/td>\n<td>148 kg<\/td>\n<\/tr>\n<tr class=\"even\">\n<td>\u00dalo\u017en\u00fd priestor<\/td>\n<td>nie<\/td>\n<\/tr>\n<tr class=\"odd\">\n<td>Rohov\u00e9 prevedenie<\/td>\n<td>\u00e1no<\/td>\n<\/tr>\n<tr class=\"even\">\n<td>V\u00fd\u0161ka sedu<\/td>\n<td>43cm<\/td>\n<\/tr>\n<tr class=\"odd\">\n<td>V\u00fd\u0161ka zadn\u00e9ho \u010dela<\/td>\n<td>65cm-max. 88 cm<\/td>\n<\/tr>\n<tr class=\"even\">\n<td>Mo\u017enos\u0165 rozkladania<\/td>\n<td>\u00e1no<\/td>\n<\/tr>\n<tr class=\"odd\">\n<td>Plocha po rozlo\u017een\u00ed<\/td>\n<td>124\u00d7247 cm<\/td>\n<\/tr>\n<tr class=\"even\">\n<td>Kon\u0161trukcia<\/td>\n<td>mas\u00edv<\/td>\n<\/tr>\n<tr class=\"odd\">\n<td>N\u00f4\u017eky<\/td>\n<td>chrom<\/td>\n<\/tr>\n<tr class=\"even\">\n<td>Obsahuje vank\u00fa\u0161e<\/td>\n<td>\u00e1no<\/td>\n<\/tr>\n<tr class=\"odd\">\n<td>Nastavenie opierok<\/td>\n<td>nie<\/td>\n<\/tr>\n<tr class=\"even\">\n<td>V\u00fdpl\u0148 seda\u010dky<\/td>\n<td>pena+ pru\u017eina<\/td>\n<\/tr>\n<\/tbody>\n<\/table>\n<p>&nbsp;<\/p>\n<p>&nbsp;<\/p>\n","protected":false},"excerpt":{"rendered":"<p><strong>ZV\u00ddHODNEN\u00c1 CENA<\/strong><\/p>\n","protected":false},"featured_media":126119,"comment_status":"closed","ping_status":"closed","template":"","meta":{"_seopress_robots_primary_cat":"none","_seopress_titles_title":"","_seopress_titles_desc":"","_seopress_robots_index":""},"product_brand":[],"product_cat":[255,140,214],"product_tag":[],"class_list":{"0":"post-124249","1":"product","2":"type-product","3":"status-publish","4":"has-post-thumbnail","6":"product_cat-rohove-supravy","7":"product_cat-sedacie-supravy","8":"product_cat-kozene-sedacie-supravy","10":"first","11":"onbackorder","12":"shipping-taxable","13":"purchasable","14":"product-type-variable"},"_links":{"self":[{"href":"https:\/\/nabytoklaguna.sk\/sk\/wp-json\/wp\/v2\/product\/124249","targetHints":{"allow":["GET"]}}],"collection":[{"href":"https:\/\/nabytoklaguna.sk\/sk\/wp-json\/wp\/v2\/product"}],"about":[{"href":"https:\/\/nabytoklaguna.sk\/sk\/wp-json\/wp\/v2\/types\/product"}],"replies":[{"embeddable":true,"href":"https:\/\/nabytoklaguna.sk\/sk\/wp-json\/wp\/v2\/comments?post=124249"}],"wp:featuredmedia":[{"embeddable":true,"href":"https:\/\/nabytoklaguna.sk\/sk\/wp-json\/wp\/v2\/media\/126119"}],"wp:attachment":[{"href":"https:\/\/nabytoklaguna.sk\/sk\/wp-json\/wp\/v2\/media?parent=124249"}],"wp:term":[{"taxonomy":"product_brand","embeddable":true,"href":"https:\/\/nabytoklaguna.sk\/sk\/wp-json\/wp\/v2\/product_brand?post=124249"},{"taxonomy":"product_cat","embeddable":true,"href":"https:\/\/nabytoklaguna.sk\/sk\/wp-json\/wp\/v2\/product_cat?post=124249"},{"taxonomy":"product_tag","embeddable":true,"href":"https:\/\/nabytoklaguna.sk\/sk\/wp-json\/wp\/v2\/product_tag?post=124249"}],"curies":[{"name":"wp","href":"https:\/\/api.w.org\/{rel}","templated":true}]}}