{"id":124330,"date":"2025-07-09T12:07:00","date_gmt":"2025-07-09T10:07:00","guid":{"rendered":"https:\/\/nabytoklaguna.sk\/sk\/?post_type=product&#038;p=124330"},"modified":"2025-07-09T12:07:00","modified_gmt":"2025-07-09T10:07:00","slug":"karyl-100-skrina","status":"publish","type":"product","link":"https:\/\/nabytoklaguna.sk\/sk\/produkt\/karyl-100-skrina\/","title":{"rendered":"Karyl 100 skri\u0148a"},"content":{"rendered":"<p>Skri\u0148a s <strong>posuvn\u00fdmi dverami KARYL<\/strong> je ide\u00e1lnym rie\u0161en\u00edm\u00a0 ako si usporiada\u0165 priestor. Skri\u0148a je vybaven\u00e1 <strong>priestrann\u00fdmi policami<\/strong> a <strong>ty\u010dou,<\/strong> na ktor\u00fa si m\u00f4\u017eete zavesi\u0165 \u0161aty, obleky, vrchn\u00e9 oble\u010denie alebo ko\u0161ele. V\u010faka tomu, \u017ee skri\u0148a je<strong> posuvn\u00e1<\/strong>, nemus\u00edte vy\u010dle\u0148ova\u0165 \u010fal\u0161\u00ed priestor na otv\u00e1ranie dver\u00ed, \u010do z nej rob\u00ed perfektn\u00e9 rie\u0161enie pre mal\u00fa miestnos\u0165 alebo \u00fazku chodbu. Bonusom je <strong>zrkadlo, <\/strong>elegantne umiestnen\u00e9 na obidvoch dvierkach skrine.<\/p>\n<div>\n<table style=\"width: 100%; height: 259px;\" border=\"0\" cellspacing=\"5\" cellpadding=\"1\">\n<tbody>\n<tr style=\"height: 52px;\">\n<td style=\"height: 52px;\">Typ v\u00fdrobku<\/td>\n<td style=\"height: 52px;\">Skri\u0148a<\/td>\n<\/tr>\n<tr style=\"height: 52px;\">\n<td style=\"height: 52px;\">Materi\u00e1l<\/td>\n<td style=\"height: 52px;\">laminovan\u00e1 DTD 16 mm<\/td>\n<\/tr>\n<tr style=\"height: 52px;\">\n<td style=\"height: 52px;\">Rozmery \u0161\/h\/v<\/td>\n<td style=\"height: 52px;\">100 x 60 x 216 cm<\/td>\n<\/tr>\n<tr style=\"height: 52px;\">\n<td style=\"height: 52px;\">Balenie<\/td>\n<td style=\"height: 52px;\">demont<\/td>\n<\/tr>\n<tr style=\"height: 51px;\">\n<td style=\"height: 51px;\">Z\u00e1ruka<\/td>\n<td style=\"height: 51px;\">2 roky<\/td>\n<\/tr>\n<\/tbody>\n<\/table>\n<\/div>\n","protected":false},"excerpt":{"rendered":"<p>Skri\u0148a s posuvn\u00fdmi dverami KARYL je ide\u00e1lnym rie\u0161en\u00edm\u00a0 ako si usporiada\u0165 priestor. Skri\u0148a je vybaven\u00e1 priestrann\u00fdmi policami a ty\u010dou, na ktor\u00fa si m\u00f4\u017eete zavesi\u0165 \u0161aty, obleky, vrchn\u00e9 oble\u010denie alebo ko\u0161ele. V\u010faka tomu, \u017ee skri\u0148a je posuvn\u00e1, nemus\u00edte vy\u010dle\u0148ova\u0165 \u010fal\u0161\u00ed priestor na otv\u00e1ranie dver\u00ed, \u010do z nej rob\u00ed perfektn\u00e9 rie\u0161enie pre mal\u00fa miestnos\u0165 alebo \u00fazku chodbu&#8230;.<\/p>\n","protected":false},"featured_media":124335,"comment_status":"closed","ping_status":"closed","template":"","meta":{"_seopress_robots_primary_cat":"","_seopress_titles_title":"","_seopress_titles_desc":"","_seopress_robots_index":""},"product_brand":[],"product_cat":[1585,225],"product_tag":[],"class_list":{"0":"post-124330","1":"product","2":"type-product","3":"status-publish","4":"has-post-thumbnail","6":"product_cat-s-posuvnymi-dverami","7":"product_cat-skrine","8":"pa_farba-biela","9":"pa_farba-dub-sonoma","11":"first","12":"instock","13":"shipping-taxable","14":"purchasable","15":"product-type-variable"},"_links":{"self":[{"href":"https:\/\/nabytoklaguna.sk\/sk\/wp-json\/wp\/v2\/product\/124330","targetHints":{"allow":["GET"]}}],"collection":[{"href":"https:\/\/nabytoklaguna.sk\/sk\/wp-json\/wp\/v2\/product"}],"about":[{"href":"https:\/\/nabytoklaguna.sk\/sk\/wp-json\/wp\/v2\/types\/product"}],"replies":[{"embeddable":true,"href":"https:\/\/nabytoklaguna.sk\/sk\/wp-json\/wp\/v2\/comments?post=124330"}],"wp:featuredmedia":[{"embeddable":true,"href":"https:\/\/nabytoklaguna.sk\/sk\/wp-json\/wp\/v2\/media\/124335"}],"wp:attachment":[{"href":"https:\/\/nabytoklaguna.sk\/sk\/wp-json\/wp\/v2\/media?parent=124330"}],"wp:term":[{"taxonomy":"product_brand","embeddable":true,"href":"https:\/\/nabytoklaguna.sk\/sk\/wp-json\/wp\/v2\/product_brand?post=124330"},{"taxonomy":"product_cat","embeddable":true,"href":"https:\/\/nabytoklaguna.sk\/sk\/wp-json\/wp\/v2\/product_cat?post=124330"},{"taxonomy":"product_tag","embeddable":true,"href":"https:\/\/nabytoklaguna.sk\/sk\/wp-json\/wp\/v2\/product_tag?post=124330"}],"curies":[{"name":"wp","href":"https:\/\/api.w.org\/{rel}","templated":true}]}}