{"id":124344,"date":"2025-07-09T12:57:06","date_gmt":"2025-07-09T10:57:06","guid":{"rendered":"https:\/\/nabytoklaguna.sk\/sk\/?post_type=product&#038;p=124344"},"modified":"2025-07-09T12:57:06","modified_gmt":"2025-07-09T10:57:06","slug":"nevio-100-skrina","status":"publish","type":"product","link":"https:\/\/nabytoklaguna.sk\/sk\/produkt\/nevio-100-skrina\/","title":{"rendered":"Nevio 100 skri\u0148a"},"content":{"rendered":"<p>Dvojdverov\u00e1 skri\u0148a so zrkadlom <strong>Nevio <\/strong>je vytvoren\u00e1 v modernom \u0161t\u00fdle. \u0160atn\u00edkov\u00e1 skri\u0148a <strong>Nevio<\/strong> m\u00e1<strong> posuvn\u00e9 dvere,<\/strong> v\u010faka \u010domu nemus\u00edte vy\u010dle\u0148ova\u0165 \u010fal\u0161\u00ed priestor na otv\u00e1ranie dver\u00ed, \u010do ocenia najm\u00e4 majitelia mal\u00fdch bytov a \u00fazkych priestorov. Bonusom je <strong>zrkadlo<\/strong> umiestnen\u00e9 na obidvoch dvierkach skrine. Premyslen\u00e9 usporiadanie vn\u00fatorn\u00e9ho priestoru sa postar\u00e1 o udr\u017eanie poriadku vo va\u0161ich veciach. Na \u013eavej strane sa nach\u00e1dza <strong>ve\u0161iakov\u00e1 ty\u010d<\/strong> na zavesenie oble\u010denia, prav\u00e1 \u010das\u0165 skrine je vybaven\u00e1 <strong>\u00a0policami<\/strong>. Svojou kvalitou, praktickos\u0165ou a dizajnom bude t\u00e1to skri\u0148a dokonal\u00fdm doplnkom ka\u017edej dom\u00e1cnosti.<\/p>\n<p>&nbsp;<\/p>\n<div>\n<table style=\"width: 100%; height: 259px;\" border=\"0\" cellspacing=\"5\" cellpadding=\"1\">\n<tbody>\n<tr style=\"height: 52px;\">\n<td style=\"height: 52px;\">Typ v\u00fdrobku<\/td>\n<td style=\"height: 52px;\">Skri\u0148a<\/td>\n<\/tr>\n<tr style=\"height: 52px;\">\n<td style=\"height: 52px;\">Materi\u00e1l<\/td>\n<td style=\"height: 52px;\">laminovan\u00e1 DTD 16 mm<\/td>\n<\/tr>\n<tr style=\"height: 52px;\">\n<td style=\"height: 52px;\">Rozmery \u0161\/h\/v<\/td>\n<td style=\"height: 52px;\">100 x 58 x 200 cm<\/td>\n<\/tr>\n<tr style=\"height: 52px;\">\n<td style=\"height: 52px;\">Balenie<\/td>\n<td style=\"height: 52px;\">demont<\/td>\n<\/tr>\n<tr style=\"height: 51px;\">\n<td style=\"height: 51px;\">Z\u00e1ruka<\/td>\n<td style=\"height: 51px;\">2 roky<\/td>\n<\/tr>\n<\/tbody>\n<\/table>\n<\/div>\n","protected":false},"excerpt":{"rendered":"<p>Dvojdverov\u00e1 skri\u0148a so zrkadlom Nevio je vytvoren\u00e1 v modernom \u0161t\u00fdle. \u0160atn\u00edkov\u00e1 skri\u0148a Nevio m\u00e1 posuvn\u00e9 dvere, v\u010faka \u010domu nemus\u00edte vy\u010dle\u0148ova\u0165 \u010fal\u0161\u00ed priestor na otv\u00e1ranie dver\u00ed, \u010do ocenia najm\u00e4 majitelia mal\u00fdch bytov a \u00fazkych priestorov. Bonusom je zrkadlo umiestnen\u00e9 na obidvoch dvierkach skrine. Premyslen\u00e9 usporiadanie vn\u00fatorn\u00e9ho priestoru sa postar\u00e1 o udr\u017eanie poriadku vo va\u0161ich veciach. Na&#8230;<\/p>\n","protected":false},"featured_media":124358,"comment_status":"closed","ping_status":"closed","template":"","meta":{"_seopress_robots_primary_cat":"none","_seopress_titles_title":"","_seopress_titles_desc":"","_seopress_robots_index":""},"product_brand":[],"product_cat":[1585,225],"product_tag":[],"class_list":{"0":"post-124344","1":"product","2":"type-product","3":"status-publish","4":"has-post-thumbnail","6":"product_cat-s-posuvnymi-dverami","7":"product_cat-skrine","9":"first","10":"instock","11":"shipping-taxable","12":"purchasable","13":"product-type-variable"},"_links":{"self":[{"href":"https:\/\/nabytoklaguna.sk\/sk\/wp-json\/wp\/v2\/product\/124344","targetHints":{"allow":["GET"]}}],"collection":[{"href":"https:\/\/nabytoklaguna.sk\/sk\/wp-json\/wp\/v2\/product"}],"about":[{"href":"https:\/\/nabytoklaguna.sk\/sk\/wp-json\/wp\/v2\/types\/product"}],"replies":[{"embeddable":true,"href":"https:\/\/nabytoklaguna.sk\/sk\/wp-json\/wp\/v2\/comments?post=124344"}],"wp:featuredmedia":[{"embeddable":true,"href":"https:\/\/nabytoklaguna.sk\/sk\/wp-json\/wp\/v2\/media\/124358"}],"wp:attachment":[{"href":"https:\/\/nabytoklaguna.sk\/sk\/wp-json\/wp\/v2\/media?parent=124344"}],"wp:term":[{"taxonomy":"product_brand","embeddable":true,"href":"https:\/\/nabytoklaguna.sk\/sk\/wp-json\/wp\/v2\/product_brand?post=124344"},{"taxonomy":"product_cat","embeddable":true,"href":"https:\/\/nabytoklaguna.sk\/sk\/wp-json\/wp\/v2\/product_cat?post=124344"},{"taxonomy":"product_tag","embeddable":true,"href":"https:\/\/nabytoklaguna.sk\/sk\/wp-json\/wp\/v2\/product_tag?post=124344"}],"curies":[{"name":"wp","href":"https:\/\/api.w.org\/{rel}","templated":true}]}}