{"id":124380,"date":"2025-07-15T16:46:39","date_gmt":"2025-07-15T14:46:39","guid":{"rendered":"https:\/\/nabytoklaguna.sk\/sk\/?post_type=product&#038;p=124380"},"modified":"2025-07-15T16:46:39","modified_gmt":"2025-07-15T14:46:39","slug":"neliza-kuchynska-linka-240","status":"publish","type":"product","link":"https:\/\/nabytoklaguna.sk\/sk\/produkt\/neliza-kuchynska-linka-240\/","title":{"rendered":"Neliza kuchynsk\u00e1 linka 240"},"content":{"rendered":"<p>Kuchynsk\u00e1 linka <strong>NELIZA<\/strong> je skvelou vo\u013ebu pre ka\u017ed\u00e9ho, kto h\u013ead\u00e1 kvalitu za rozumn\u00fa cenu. Kuchynsk\u00e1 linka<strong> NELIZA <\/strong>svoj\u00edm preveden\u00edm z\u00fatuln\u00ed Va\u0161u kuchy\u0148u a rozjasn\u00ed priestor. <strong>Kontrastn\u00fd pr\u00fa\u017eok <\/strong>na dvierkach doln\u00fdch skriniek pod\u010diarkuje eleganciu a modern\u00fd vzh\u013ead.\u00a0Kuchynsk\u00e1 linka <strong>NELIZA<\/strong> je navrhnut\u00e1 s d\u00f4razom na maxim\u00e1lnu funk\u010dnos\u0165. Pon\u00faka dostato\u010dn\u00fd \u00falo\u017en\u00fd priestor a je zlo\u017een\u00e1 z viacer\u00fdch sektorov\u00fdch skriniek, ktor\u00e9 uspokoja potreby aj t\u00fdch najn\u00e1ro\u010dnej\u0161\u00edch u\u017e\u00edvate\u013eov. Horn\u00e9 skrinky s <strong>v\u00fd\u0161kou 57 cm<\/strong> poskytuj\u00fa dostatok miesta pre ulo\u017eenie Va\u0161ich kuchynsk\u00fdch potrieb, z\u00e1rove\u0148 sa v\u0161ak hodia aj do ni\u017e\u0161\u00edch priestorov. zatia\u013e \u010do doln\u00e9 skrinky s\u00fa ide\u00e1lne pre uskladnenie hrncov, panv\u00edc a \u010fal\u0161\u00edch v\u00e4\u010d\u0161\u00edch predmetov. Kuchynsk\u00e1 linka <strong>NELIZA<\/strong> je kombin\u00e1ciu elegancie, funk\u010dnosti a cenovej dostupnosti. Kuchynsk\u00e1 linka je dod\u00e1van\u00e1<strong> s pracovnou doskou<\/strong> v dekore rijeka svetl\u00e1 s rozmerom <strong>60 + 40 cm<\/strong>.<\/p>\n<table border=\"0\" cellspacing=\"5\" cellpadding=\"1\">\n<tbody>\n<tr>\n<td>Typ v\u00fdrobku<\/td>\n<td>Kuchynsk\u00e1 linka<\/td>\n<\/tr>\n<tr>\n<td>Materi\u00e1l<\/td>\n<td>laminovan\u00e1 DTD 16 mm<\/td>\n<\/tr>\n<tr>\n<td>Farebn\u00e9 prevedenie<\/td>\n<td>Korpus: wenge<\/p>\n<p>Dvierka: rijeka svetl\u00e1, wenge<\/td>\n<\/tr>\n<tr>\n<td>Rozmery \u0161\/h\/v<\/td>\n<td>180 + 60 cm<\/td>\n<\/tr>\n<tr>\n<td>Balenie<\/td>\n<td>demont<\/td>\n<\/tr>\n<tr>\n<td>Z\u00e1ruka<\/td>\n<td>2 roky<\/td>\n<\/tr>\n<\/tbody>\n<\/table>\n","protected":false},"excerpt":{"rendered":"<p>Kuchynsk\u00e1 linka NELIZA je skvelou vo\u013ebu pre ka\u017ed\u00e9ho, kto h\u013ead\u00e1 kvalitu za rozumn\u00fa cenu. Kuchynsk\u00e1 linka NELIZA svoj\u00edm preveden\u00edm z\u00fatuln\u00ed Va\u0161u kuchy\u0148u a rozjasn\u00ed priestor. Kontrastn\u00fd pr\u00fa\u017eok na dvierkach doln\u00fdch skriniek pod\u010diarkuje eleganciu a modern\u00fd vzh\u013ead.\u00a0Kuchynsk\u00e1 linka NELIZA je navrhnut\u00e1 s d\u00f4razom na maxim\u00e1lnu funk\u010dnos\u0165. Pon\u00faka dostato\u010dn\u00fd \u00falo\u017en\u00fd priestor a je zlo\u017een\u00e1 z viacer\u00fdch sektorov\u00fdch&#8230;<\/p>\n","protected":false},"featured_media":124386,"comment_status":"closed","ping_status":"closed","template":"","meta":{"_seopress_robots_primary_cat":"","_seopress_titles_title":"","_seopress_titles_desc":"","_seopress_robots_index":""},"product_brand":[],"product_cat":[177,176],"product_tag":[],"class_list":{"0":"post-124380","1":"product","2":"type-product","3":"status-publish","4":"has-post-thumbnail","6":"product_cat-kuchyne-top","7":"product_cat-kuchyne","9":"first","10":"instock","11":"shipping-taxable","12":"purchasable","13":"product-type-variable"},"_links":{"self":[{"href":"https:\/\/nabytoklaguna.sk\/sk\/wp-json\/wp\/v2\/product\/124380","targetHints":{"allow":["GET"]}}],"collection":[{"href":"https:\/\/nabytoklaguna.sk\/sk\/wp-json\/wp\/v2\/product"}],"about":[{"href":"https:\/\/nabytoklaguna.sk\/sk\/wp-json\/wp\/v2\/types\/product"}],"replies":[{"embeddable":true,"href":"https:\/\/nabytoklaguna.sk\/sk\/wp-json\/wp\/v2\/comments?post=124380"}],"wp:featuredmedia":[{"embeddable":true,"href":"https:\/\/nabytoklaguna.sk\/sk\/wp-json\/wp\/v2\/media\/124386"}],"wp:attachment":[{"href":"https:\/\/nabytoklaguna.sk\/sk\/wp-json\/wp\/v2\/media?parent=124380"}],"wp:term":[{"taxonomy":"product_brand","embeddable":true,"href":"https:\/\/nabytoklaguna.sk\/sk\/wp-json\/wp\/v2\/product_brand?post=124380"},{"taxonomy":"product_cat","embeddable":true,"href":"https:\/\/nabytoklaguna.sk\/sk\/wp-json\/wp\/v2\/product_cat?post=124380"},{"taxonomy":"product_tag","embeddable":true,"href":"https:\/\/nabytoklaguna.sk\/sk\/wp-json\/wp\/v2\/product_tag?post=124380"}],"curies":[{"name":"wp","href":"https:\/\/api.w.org\/{rel}","templated":true}]}}