{"id":124410,"date":"2025-07-17T13:22:07","date_gmt":"2025-07-17T11:22:07","guid":{"rendered":"https:\/\/nabytoklaguna.sk\/sk\/?post_type=product&#038;p=124410"},"modified":"2025-07-17T13:58:07","modified_gmt":"2025-07-17T11:58:07","slug":"bell-120-skrina","status":"publish","type":"product","link":"https:\/\/nabytoklaguna.sk\/sk\/produkt\/bell-120-skrina\/","title":{"rendered":"Bell 120 skri\u0148a"},"content":{"rendered":"<p>\u0160atn\u00edkov\u00e1 skri\u0148a <strong>BELL<\/strong>\u00a0s posuvn\u00fdmi dverami je elegantn\u00fd dizajnov\u00fd k\u00fasok, ktor\u00fd zodpoved\u00e1 s\u00fa\u010dasn\u00fdm trendom v interi\u00e9rovom dizajne. Modern\u00e9 prevedenie v kombin\u00e1cii s <strong>vysokou podno\u017eou<\/strong> a kontrastn\u00fdmi prvkami<strong> v \u010diernej farbe<\/strong> zd\u00f4raz\u0148uje jej modern\u00fd \u0161t\u00fdl. V\u010faka <strong>posuvn\u00fdm dver\u00e1m<\/strong> nemus\u00edte vy\u010dle\u0148ova\u0165 \u010fal\u0161\u00ed priestor na otv\u00e1ranie dver\u00ed, \u010do ocenia najm\u00e4 majitelia mal\u00fdch bytov a \u00fazkych priestorov. Premyslen\u00e9 <strong>usporiadanie vn\u00fatorn\u00e9ho priestoru<\/strong> sa postar\u00e1 o udr\u017eanie poriadku vo va\u0161ich veciach. Na pravej strane sa nach\u00e1dza <strong>ve\u0161iakov\u00e1 ty\u010d<\/strong> na zavesenie oble\u010denia, \u013eav\u00e1 \u010das\u0165 skrine je vybaven\u00e1 <strong>\u00a0policami<\/strong>. Kv\u00f4li bezpe\u010dnosti odpor\u00fa\u010dame skri\u0148u BELL pripevni\u0165 k stene.<\/p>\n<div>\n<table style=\"width: 100%; height: 259px;\" border=\"0\" cellspacing=\"5\" cellpadding=\"1\">\n<tbody>\n<tr style=\"height: 52px;\">\n<td style=\"height: 52px;\">Typ v\u00fdrobku<\/td>\n<td style=\"height: 52px;\">Skri\u0148a<\/td>\n<\/tr>\n<tr style=\"height: 52px;\">\n<td style=\"height: 52px;\">Materi\u00e1l<\/td>\n<td style=\"height: 52px;\">laminovan\u00e1 DTD 16 mm<\/td>\n<\/tr>\n<tr style=\"height: 52px;\">\n<td style=\"height: 52px;\">Rozmery \u0161\/h\/v<\/td>\n<td style=\"height: 52px;\">120 x 60 x 221 cm<\/td>\n<\/tr>\n<tr style=\"height: 52px;\">\n<td style=\"height: 52px;\">Balenie<\/td>\n<td style=\"height: 52px;\">demont<\/td>\n<\/tr>\n<tr style=\"height: 51px;\">\n<td style=\"height: 51px;\">Z\u00e1ruka<\/td>\n<td style=\"height: 51px;\">2 roky<\/td>\n<\/tr>\n<\/tbody>\n<\/table>\n<\/div>\n","protected":false},"excerpt":{"rendered":"<p>\u0160atn\u00edkov\u00e1 skri\u0148a BELL\u00a0s posuvn\u00fdmi dverami je elegantn\u00fd dizajnov\u00fd k\u00fasok, ktor\u00fd zodpoved\u00e1 s\u00fa\u010dasn\u00fdm trendom v interi\u00e9rovom dizajne. Modern\u00e9 prevedenie v kombin\u00e1cii s vysokou podno\u017eou a kontrastn\u00fdmi prvkami v \u010diernej farbe zd\u00f4raz\u0148uje jej modern\u00fd \u0161t\u00fdl. V\u010faka posuvn\u00fdm dver\u00e1m nemus\u00edte vy\u010dle\u0148ova\u0165 \u010fal\u0161\u00ed priestor na otv\u00e1ranie dver\u00ed, \u010do ocenia najm\u00e4 majitelia mal\u00fdch bytov a \u00fazkych priestorov. Premyslen\u00e9 usporiadanie vn\u00fatorn\u00e9ho&#8230;<\/p>\n","protected":false},"featured_media":124414,"comment_status":"closed","ping_status":"closed","template":"","meta":{"_seopress_robots_primary_cat":"none","_seopress_titles_title":"","_seopress_titles_desc":"","_seopress_robots_index":""},"product_brand":[],"product_cat":[1585,225],"product_tag":[],"class_list":{"0":"post-124410","1":"product","2":"type-product","3":"status-publish","4":"has-post-thumbnail","6":"product_cat-s-posuvnymi-dverami","7":"product_cat-skrine","9":"first","10":"instock","11":"shipping-taxable","12":"purchasable","13":"product-type-variable"},"_links":{"self":[{"href":"https:\/\/nabytoklaguna.sk\/sk\/wp-json\/wp\/v2\/product\/124410","targetHints":{"allow":["GET"]}}],"collection":[{"href":"https:\/\/nabytoklaguna.sk\/sk\/wp-json\/wp\/v2\/product"}],"about":[{"href":"https:\/\/nabytoklaguna.sk\/sk\/wp-json\/wp\/v2\/types\/product"}],"replies":[{"embeddable":true,"href":"https:\/\/nabytoklaguna.sk\/sk\/wp-json\/wp\/v2\/comments?post=124410"}],"wp:featuredmedia":[{"embeddable":true,"href":"https:\/\/nabytoklaguna.sk\/sk\/wp-json\/wp\/v2\/media\/124414"}],"wp:attachment":[{"href":"https:\/\/nabytoklaguna.sk\/sk\/wp-json\/wp\/v2\/media?parent=124410"}],"wp:term":[{"taxonomy":"product_brand","embeddable":true,"href":"https:\/\/nabytoklaguna.sk\/sk\/wp-json\/wp\/v2\/product_brand?post=124410"},{"taxonomy":"product_cat","embeddable":true,"href":"https:\/\/nabytoklaguna.sk\/sk\/wp-json\/wp\/v2\/product_cat?post=124410"},{"taxonomy":"product_tag","embeddable":true,"href":"https:\/\/nabytoklaguna.sk\/sk\/wp-json\/wp\/v2\/product_tag?post=124410"}],"curies":[{"name":"wp","href":"https:\/\/api.w.org\/{rel}","templated":true}]}}