{"id":124483,"date":"2025-07-24T15:54:08","date_gmt":"2025-07-24T13:54:08","guid":{"rendered":"https:\/\/nabytoklaguna.sk\/sk\/?post_type=product&#038;p=124483"},"modified":"2025-07-24T16:19:59","modified_gmt":"2025-07-24T14:19:59","slug":"shalva-120-skrina","status":"publish","type":"product","link":"https:\/\/nabytoklaguna.sk\/sk\/produkt\/shalva-120-skrina\/","title":{"rendered":"Shalva 120 skri\u0148a"},"content":{"rendered":"<p>\u0160atn\u00edkov\u00e1 skri\u0148a <strong>SHALVA<\/strong>\u00a0so \u0161\u00edrkou 120 cm je skvelou vo\u013ebou do mal\u00fdch priestorov pre optim\u00e1lne usporiadanie v\u00e1\u0161ho oble\u010denia. T\u00e1to skri\u0148a disponuje <strong>dvoma posuvn\u00fdmi dverami<\/strong>, v\u010faka ktor\u00fdm nie je potrebn\u00fd \u010fal\u0161\u00ed priestor navy\u0161e. Na dver\u00e1ch skrine <strong>SHALVA<\/strong> je graficky zauj\u00edmavo umiestnen\u00e9 praktick\u00e9 <strong>zrkadlo, <\/strong>ktor\u00e9 zd\u00f4raz\u0148uje jej modern\u00fd \u0161t\u00fdl. Premyslen\u00e9\u00a0<strong>usporiadanie vn\u00fatorn\u00e9ho priestoru<\/strong>\u00a0sa postar\u00e1 o udr\u017eanie poriadku vo va\u0161ich veciach. Na pravej strane sa nach\u00e1dza\u00a0<strong>ve\u0161iakov\u00e1 ty\u010d<\/strong>\u00a0na zavesenie oble\u010denia, \u013eav\u00e1 \u010das\u0165 skrine je vybaven\u00e1\u00a0<strong>\u00a0policami<\/strong>.<\/p>\n<div>\n<table border=\"0\" cellspacing=\"5\" cellpadding=\"1\">\n<tbody>\n<tr>\n<td>Typ v\u00fdrobku<\/td>\n<td>Skri\u0148a<\/td>\n<\/tr>\n<tr>\n<td>Materi\u00e1l<\/td>\n<td>laminovan\u00e1 DTD 16 mm<\/td>\n<\/tr>\n<tr>\n<td>Rozmery \u0161\/h\/v<\/td>\n<td>120 x 650 x 216 cm<\/td>\n<\/tr>\n<tr>\n<td>Balenie<\/td>\n<td>demont<\/td>\n<\/tr>\n<tr>\n<td>Z\u00e1ruka<\/td>\n<td>2 roky<\/td>\n<\/tr>\n<\/tbody>\n<\/table>\n<\/div>\n","protected":false},"excerpt":{"rendered":"<p>\u0160atn\u00edkov\u00e1 skri\u0148a SHALVA\u00a0so \u0161\u00edrkou 120 cm je skvelou vo\u013ebou do mal\u00fdch priestorov pre optim\u00e1lne usporiadanie v\u00e1\u0161ho oble\u010denia. T\u00e1to skri\u0148a disponuje dvoma posuvn\u00fdmi dverami, v\u010faka ktor\u00fdm nie je potrebn\u00fd \u010fal\u0161\u00ed priestor navy\u0161e. Na dver\u00e1ch skrine SHALVA je graficky zauj\u00edmavo umiestnen\u00e9 praktick\u00e9 zrkadlo, ktor\u00e9 zd\u00f4raz\u0148uje jej modern\u00fd \u0161t\u00fdl. Premyslen\u00e9\u00a0usporiadanie vn\u00fatorn\u00e9ho priestoru\u00a0sa postar\u00e1 o udr\u017eanie poriadku vo va\u0161ich&#8230;<\/p>\n","protected":false},"featured_media":124491,"comment_status":"closed","ping_status":"closed","template":"","meta":{"_seopress_robots_primary_cat":"none","_seopress_titles_title":"","_seopress_titles_desc":"","_seopress_robots_index":""},"product_brand":[],"product_cat":[1585,225],"product_tag":[],"class_list":{"0":"post-124483","1":"product","2":"type-product","3":"status-publish","4":"has-post-thumbnail","6":"product_cat-s-posuvnymi-dverami","7":"product_cat-skrine","9":"first","10":"instock","11":"shipping-taxable","12":"purchasable","13":"product-type-simple"},"_links":{"self":[{"href":"https:\/\/nabytoklaguna.sk\/sk\/wp-json\/wp\/v2\/product\/124483","targetHints":{"allow":["GET"]}}],"collection":[{"href":"https:\/\/nabytoklaguna.sk\/sk\/wp-json\/wp\/v2\/product"}],"about":[{"href":"https:\/\/nabytoklaguna.sk\/sk\/wp-json\/wp\/v2\/types\/product"}],"replies":[{"embeddable":true,"href":"https:\/\/nabytoklaguna.sk\/sk\/wp-json\/wp\/v2\/comments?post=124483"}],"wp:featuredmedia":[{"embeddable":true,"href":"https:\/\/nabytoklaguna.sk\/sk\/wp-json\/wp\/v2\/media\/124491"}],"wp:attachment":[{"href":"https:\/\/nabytoklaguna.sk\/sk\/wp-json\/wp\/v2\/media?parent=124483"}],"wp:term":[{"taxonomy":"product_brand","embeddable":true,"href":"https:\/\/nabytoklaguna.sk\/sk\/wp-json\/wp\/v2\/product_brand?post=124483"},{"taxonomy":"product_cat","embeddable":true,"href":"https:\/\/nabytoklaguna.sk\/sk\/wp-json\/wp\/v2\/product_cat?post=124483"},{"taxonomy":"product_tag","embeddable":true,"href":"https:\/\/nabytoklaguna.sk\/sk\/wp-json\/wp\/v2\/product_tag?post=124483"}],"curies":[{"name":"wp","href":"https:\/\/api.w.org\/{rel}","templated":true}]}}