{"id":124497,"date":"2025-07-24T16:45:53","date_gmt":"2025-07-24T14:45:53","guid":{"rendered":"https:\/\/nabytoklaguna.sk\/sk\/?post_type=product&#038;p=124497"},"modified":"2025-07-24T16:49:35","modified_gmt":"2025-07-24T14:49:35","slug":"osgar-150-skrina","status":"publish","type":"product","link":"https:\/\/nabytoklaguna.sk\/sk\/produkt\/osgar-150-skrina\/","title":{"rendered":"Osgar 150 skri\u0148a"},"content":{"rendered":"<p>\u0160atn\u00edkov\u00e1 skri\u0148a <strong>Osgar<\/strong> so \u0161\u00edrkou 150 cm je ide\u00e1lnym rie\u0161en\u00edm do mal\u00fdch priestorov pre optim\u00e1lne usporiadanie v\u00e1\u0161ho oble\u010denia.T\u00e1to skri\u0148a disponuje <strong>dvoma posuvn\u00fdmi dverami<\/strong>, z ktor\u00fdch jedny s\u00fa vybaven\u00e9 praktick\u00fdm <strong>zrkadlom<\/strong>. Modern\u00e9 prevedenie s kontrastn\u00fdmi prvkami<strong> v \u010diernej farbe<\/strong> zd\u00f4raz\u0148uje jej modern\u00fd \u0161t\u00fdl. Premyslen\u00e9 <strong>usporiadanie vn\u00fatorn\u00e9ho priestoru<\/strong> sa postar\u00e1 o udr\u017eanie poriadku vo va\u0161ich veciach. Na pravej strane sa nach\u00e1dza <strong>ve\u0161iakov\u00e1 ty\u010d<\/strong> na zavesenie oble\u010denia, \u013eav\u00e1 \u010das\u0165 skrine je vybaven\u00e1 <strong>\u00a0policami<\/strong>.<\/p>\n<div>\n<table style=\"width: 100%; height: 259px;\" border=\"0\" cellspacing=\"5\" cellpadding=\"1\">\n<tbody>\n<tr style=\"height: 52px;\">\n<td style=\"height: 52px;\">Typ v\u00fdrobku<\/td>\n<td style=\"height: 52px;\">Skri\u0148a<\/td>\n<\/tr>\n<tr style=\"height: 52px;\">\n<td style=\"height: 52px;\">Materi\u00e1l<\/td>\n<td style=\"height: 52px;\">laminovan\u00e1 DTD 16 mm<\/td>\n<\/tr>\n<tr style=\"height: 52px;\">\n<td style=\"height: 52px;\">Rozmery \u0161\/h\/v<\/td>\n<td style=\"height: 52px;\">150 x 65 x 216 cm<\/td>\n<\/tr>\n<tr style=\"height: 52px;\">\n<td style=\"height: 52px;\">Balenie<\/td>\n<td style=\"height: 52px;\">demont<\/td>\n<\/tr>\n<tr style=\"height: 51px;\">\n<td style=\"height: 51px;\">Z\u00e1ruka<\/td>\n<td style=\"height: 51px;\">2 roky<\/td>\n<\/tr>\n<\/tbody>\n<\/table>\n<\/div>\n","protected":false},"excerpt":{"rendered":"<p>\u0160atn\u00edkov\u00e1 skri\u0148a Osgar so \u0161\u00edrkou 150 cm je ide\u00e1lnym rie\u0161en\u00edm do mal\u00fdch priestorov pre optim\u00e1lne usporiadanie v\u00e1\u0161ho oble\u010denia.T\u00e1to skri\u0148a disponuje dvoma posuvn\u00fdmi dverami, z ktor\u00fdch jedny s\u00fa vybaven\u00e9 praktick\u00fdm zrkadlom. Modern\u00e9 prevedenie s kontrastn\u00fdmi prvkami v \u010diernej farbe zd\u00f4raz\u0148uje jej modern\u00fd \u0161t\u00fdl. Premyslen\u00e9 usporiadanie vn\u00fatorn\u00e9ho priestoru sa postar\u00e1 o udr\u017eanie poriadku vo va\u0161ich veciach. Na&#8230;<\/p>\n","protected":false},"featured_media":124500,"comment_status":"closed","ping_status":"closed","template":"","meta":{"_seopress_robots_primary_cat":"none","_seopress_titles_title":"","_seopress_titles_desc":"","_seopress_robots_index":""},"product_brand":[],"product_cat":[1585,225],"product_tag":[],"class_list":{"0":"post-124497","1":"product","2":"type-product","3":"status-publish","4":"has-post-thumbnail","6":"product_cat-s-posuvnymi-dverami","7":"product_cat-skrine","9":"first","10":"instock","11":"shipping-taxable","12":"purchasable","13":"product-type-simple"},"_links":{"self":[{"href":"https:\/\/nabytoklaguna.sk\/sk\/wp-json\/wp\/v2\/product\/124497","targetHints":{"allow":["GET"]}}],"collection":[{"href":"https:\/\/nabytoklaguna.sk\/sk\/wp-json\/wp\/v2\/product"}],"about":[{"href":"https:\/\/nabytoklaguna.sk\/sk\/wp-json\/wp\/v2\/types\/product"}],"replies":[{"embeddable":true,"href":"https:\/\/nabytoklaguna.sk\/sk\/wp-json\/wp\/v2\/comments?post=124497"}],"wp:featuredmedia":[{"embeddable":true,"href":"https:\/\/nabytoklaguna.sk\/sk\/wp-json\/wp\/v2\/media\/124500"}],"wp:attachment":[{"href":"https:\/\/nabytoklaguna.sk\/sk\/wp-json\/wp\/v2\/media?parent=124497"}],"wp:term":[{"taxonomy":"product_brand","embeddable":true,"href":"https:\/\/nabytoklaguna.sk\/sk\/wp-json\/wp\/v2\/product_brand?post=124497"},{"taxonomy":"product_cat","embeddable":true,"href":"https:\/\/nabytoklaguna.sk\/sk\/wp-json\/wp\/v2\/product_cat?post=124497"},{"taxonomy":"product_tag","embeddable":true,"href":"https:\/\/nabytoklaguna.sk\/sk\/wp-json\/wp\/v2\/product_tag?post=124497"}],"curies":[{"name":"wp","href":"https:\/\/api.w.org\/{rel}","templated":true}]}}