{"id":124575,"date":"2025-08-12T12:14:18","date_gmt":"2025-08-12T10:14:18","guid":{"rendered":"https:\/\/nabytoklaguna.sk\/sk\/?post_type=product&#038;p=124575"},"modified":"2025-08-26T10:50:39","modified_gmt":"2025-08-26T08:50:39","slug":"teddy","status":"publish","type":"product","link":"https:\/\/nabytoklaguna.sk\/sk\/produkt\/teddy\/","title":{"rendered":"TEDDY"},"content":{"rendered":"<p><b>Elegantn\u00e1 \u010dal\u00fanen\u00e1 poste\u013e TEDDY <\/b>V\u00e1s zaujme modern\u00fdm \u010dal\u00fanen\u00fdm \u010delom s efektn\u00fdm pre\u0161\u00edvan\u00edm. Dizajnov\u00e9 prevedenie dod\u00e1 interi\u00e9ru \u0161mrnc a stane se dominantn\u00fdm prvkom, ktor\u00fd ud\u00e1va \u0161t\u00fdl celej miestnosti.\u00a0 <strong>Kvalitn\u00e9<\/strong><b> materi\u00e1ly<\/b>, <b>prec\u00edzne prevedenie a \u010dist\u00e9 l\u00ednie. Poste\u013e je dod\u00e1van\u00e1<\/b>\u00a0<strong>s pevn\u00fdm ro\u0161tom v r\u00e1me a praktick\u00fdm \u00falo\u017en\u00fdm priestorom, bez matraca.<\/strong><\/p>\n<p>V ponuke s\u00fa po\u0165ahov\u00e9 l\u00e1tky Soro, Inari, Monolith. Vybran\u00fa l\u00e1tku uve\u010fte v pozn\u00e1mke.<\/p>\n<p>Dod\u00e1van\u00e9 v demonte<\/p>\n<p class=\"single-oferta-title\">POPIS A FUNKCIE<\/p>\n<p>ROZMER:<\/p>\n<div class=\"single-oferta-buttons flex\">\n<div>\n<p><button type=\"button\">208\/105 cm<\/button><\/p>\n<p>PRIESTOR NA SPANIE:<\/p>\n<\/div>\n<div>\n<p><button type=\"button\">90\/200 cm<\/button><\/p>\n<\/div>\n<\/div>\n<div class=\"ikona-blok\">\n<div class=\"ikona-blok\"><\/div>\n<div class=\"ikona-blok\"><img decoding=\"async\" src=\"https:\/\/meblelubnice.pl\/wp-content\/uploads\/2025\/01\/5-1.jpg\" alt=\"\" \/>funkcia sp\u00e1nku<\/div>\n<div class=\"ikona-blok\"><img decoding=\"async\" src=\"https:\/\/meblelubnice.pl\/wp-content\/uploads\/2025\/01\/6.jpg\" alt=\"\" \/>n\u00e1doba na poste\u013en\u00fa bielize\u0148<\/div>\n<div class=\"ikona-blok\"><img decoding=\"async\" src=\"https:\/\/meblelubnice.pl\/wp-content\/uploads\/2025\/01\/2-1.jpg\" alt=\"\" \/>vysoko elastick\u00e1 pena<\/div>\n<div class=\"ikona-blok\"><img decoding=\"async\" src=\"https:\/\/meblelubnice.pl\/wp-content\/uploads\/2025\/01\/3-1.jpg\" alt=\"\" \/>PUR pena<\/div>\n<\/div>\n","protected":false},"excerpt":{"rendered":"<p>Elegantn\u00e1 \u010dal\u00fanen\u00e1 poste\u013e TEDDY V\u00e1s zaujme modern\u00fdm \u010dal\u00fanen\u00fdm \u010delom s efektn\u00fdm pre\u0161\u00edvan\u00edm. Dizajnov\u00e9 prevedenie dod\u00e1 interi\u00e9ru \u0161mrnc a stane se dominantn\u00fdm prvkom, ktor\u00fd ud\u00e1va \u0161t\u00fdl celej miestnosti.\u00a0 Kvalitn\u00e9 materi\u00e1ly, prec\u00edzne prevedenie a \u010dist\u00e9 l\u00ednie. Poste\u013e je dod\u00e1van\u00e1\u00a0s pevn\u00fdm ro\u0161tom v r\u00e1me a praktick\u00fdm \u00falo\u017en\u00fdm priestorom, bez matraca. V ponuke s\u00fa po\u0165ahov\u00e9 l\u00e1tky Soro, Inari, Monolith&#8230;.<\/p>\n","protected":false},"featured_media":124576,"comment_status":"closed","ping_status":"closed","template":"","meta":{"_seopress_robots_primary_cat":"none","_seopress_titles_title":"","_seopress_titles_desc":"","_seopress_robots_index":""},"product_brand":[],"product_cat":[234,209],"product_tag":[],"class_list":{"0":"post-124575","1":"product","2":"type-product","3":"status-publish","4":"has-post-thumbnail","6":"product_cat-detske-postele","7":"product_cat-detske-izby","8":"pa_typ-produktu-bez-rostu-a-ulozneho-priestoru","9":"pa_typ-produktu-s-rostom","10":"pa_typ-produktu-s-rostom-a-uloznym-priestorom","12":"first","13":"instock","14":"shipping-taxable","15":"purchasable","16":"product-type-simple"},"_links":{"self":[{"href":"https:\/\/nabytoklaguna.sk\/sk\/wp-json\/wp\/v2\/product\/124575","targetHints":{"allow":["GET"]}}],"collection":[{"href":"https:\/\/nabytoklaguna.sk\/sk\/wp-json\/wp\/v2\/product"}],"about":[{"href":"https:\/\/nabytoklaguna.sk\/sk\/wp-json\/wp\/v2\/types\/product"}],"replies":[{"embeddable":true,"href":"https:\/\/nabytoklaguna.sk\/sk\/wp-json\/wp\/v2\/comments?post=124575"}],"wp:featuredmedia":[{"embeddable":true,"href":"https:\/\/nabytoklaguna.sk\/sk\/wp-json\/wp\/v2\/media\/124576"}],"wp:attachment":[{"href":"https:\/\/nabytoklaguna.sk\/sk\/wp-json\/wp\/v2\/media?parent=124575"}],"wp:term":[{"taxonomy":"product_brand","embeddable":true,"href":"https:\/\/nabytoklaguna.sk\/sk\/wp-json\/wp\/v2\/product_brand?post=124575"},{"taxonomy":"product_cat","embeddable":true,"href":"https:\/\/nabytoklaguna.sk\/sk\/wp-json\/wp\/v2\/product_cat?post=124575"},{"taxonomy":"product_tag","embeddable":true,"href":"https:\/\/nabytoklaguna.sk\/sk\/wp-json\/wp\/v2\/product_tag?post=124575"}],"curies":[{"name":"wp","href":"https:\/\/api.w.org\/{rel}","templated":true}]}}