{"id":124651,"date":"2025-08-26T12:24:13","date_gmt":"2025-08-26T10:24:13","guid":{"rendered":"https:\/\/nabytoklaguna.sk\/sk\/?post_type=product&#038;p=124651"},"modified":"2025-08-26T12:47:32","modified_gmt":"2025-08-26T10:47:32","slug":"p-grace","status":"publish","type":"product","link":"https:\/\/nabytoklaguna.sk\/sk\/produkt\/p-grace\/","title":{"rendered":"P GRACE"},"content":{"rendered":"<p>Ka\u017ed\u00fd priestor m\u00f4\u017ee by\u0165 zariaden\u00fd <strong>\u0161t\u00fdlovo<\/strong>. \u010ci u\u017e zaria\u010fujete ve\u013ek\u00fa ob\u00fdva\u010dku alebo mal\u00fa izbi\u010dku <strong>pohovka GRACE<\/strong>\u00a0je t\u00e1 prav\u00e1 vo\u013eba. Je to jednoducho <strong>luxusn\u00fd k\u00fasok n\u00e1bytku<\/strong>, ktor\u00fd ukr\u00fdva v sebe mnoho funkci\u00ed. Obsahuje <strong>v<\/strong><b>e\u013ek\u00fd \u00falo\u017en\u00fd priestor<\/b>\u00a0 ktor\u00fd sa postar\u00e1 o vank\u00fa\u0161e, deky \u010di in\u00e9 veci ktor\u00e9 nem\u00e1te moment\u00e1lne kde uskladni\u0165. <strong>Jednoduch\u00fdm rozkladom<\/strong> zasa pohovku zmen\u00edte na<b>\u00a0plnohodnotn\u00e9 l\u00f4\u017eko<\/b>\u00a0v rozmere\u00a0<b>151\u00d7204 cm<\/b>. Pohovka je\u00a0 z\u00e1rove\u0148\u00a0<b>celo\u010dal\u00fanen\u00e1\u00a0<\/b>tak\u017ee ju nem\u00e1te probl\u00e9m umiesti\u0165 ani do priestoru. Kvalitn\u00e9\u00a0<b>pohodln\u00e9 opierky<\/b>\u00a0a\u00a0<b>odoln\u00e9 jadro<\/b>\u00a0tvoren\u00e9<b> pru\u017einov FALISTE\u00a0 v kombin\u00e1cii s PUR penou<\/b>\u00a0zaru\u010d\u00ed \u017ee sa tak r\u00fdchlo nevysed\u00ed. Mo\u017enos\u0165 v\u00fdberu z mnoh\u00fdch\u00a0<strong>kvalitn\u00fdch po\u0165ahov\u00fdch l\u00e1tok<\/strong>\u00a0a\u00a0<b>dekorat\u00edvne pre\u0161\u00edvanie <\/b>dod\u00e1 pohovke ten spr\u00e1vny \u0161mrnc. Pohodlie spojen\u00e9 s modern\u00fdm vzh\u013eadom a funk\u010dnos\u0165ou, to je\u00a0<b>pohovka GRACE.<\/b><\/p>\n<p>Mo\u017enos\u0165 v\u00fdberu po\u0165ahov\u00fdch l\u00e1tok. V ponuke s\u00fa po\u0165ahov\u00e9 l\u00e1tky Soro, Inari, Orinoco a vodeodoln\u00e1 l\u00e1tka Monolith. Vybran\u00fa l\u00e1tku uve\u010fte v pozn\u00e1mke.<\/p>\n<p>ROZMER:<\/p>\n<p><button type=\"button\"><span dir=\"auto\">209\/99 cm<\/span><\/button><\/p>\n<p>PRIESTOR NA SPANIE:<\/p>\n<p><button type=\"button\"><span dir=\"auto\">204\/151 cm<\/span><\/button><\/p>\n<div><\/div>\n<div><\/div>\n<div><\/div>\n<div class=\"ikona-blok\"><span dir=\"auto\">automatick\u00e1 pom\u00f4cka na rozkladanie<\/span><\/div>\n<div class=\"ikona-blok\"><img decoding=\"async\" src=\"https:\/\/meblelubnice.pl\/wp-content\/uploads\/2025\/01\/5-1.jpg\" alt=\"\" \/><span dir=\"auto\">funkcia sp\u00e1nku<\/span><\/div>\n<div class=\"ikona-blok\"><img decoding=\"async\" src=\"https:\/\/meblelubnice.pl\/wp-content\/uploads\/2025\/01\/6.jpg\" alt=\"\" \/><span dir=\"auto\">n\u00e1doba na poste\u013en\u00fa bielize\u0148<\/span><\/div>\n<div class=\"ikona-blok\"><img decoding=\"async\" src=\"https:\/\/meblelubnice.pl\/wp-content\/uploads\/2025\/01\/2-1.jpg\" alt=\"\" \/><span dir=\"auto\">vysoko elastick\u00e1 pena<\/span><\/div>\n<div class=\"ikona-blok\"><img decoding=\"async\" src=\"https:\/\/meblelubnice.pl\/wp-content\/uploads\/2025\/01\/3-1.jpg\" alt=\"\" \/><span dir=\"auto\">PUR pena<\/span><\/div>\n<div class=\"ikona-blok\"><img decoding=\"async\" src=\"https:\/\/meblelubnice.pl\/wp-content\/uploads\/2025\/01\/7.jpg\" alt=\"\" \/><span dir=\"auto\">vlnov\u00e1 pru\u017eina<\/span><\/div>\n<p>&nbsp;<\/p>\n","protected":false},"excerpt":{"rendered":"<p>Ka\u017ed\u00fd priestor m\u00f4\u017ee by\u0165 zariaden\u00fd \u0161t\u00fdlovo. \u010ci u\u017e zaria\u010fujete ve\u013ek\u00fa ob\u00fdva\u010dku alebo mal\u00fa izbi\u010dku pohovka GRACE\u00a0je t\u00e1 prav\u00e1 vo\u013eba. Je to jednoducho luxusn\u00fd k\u00fasok n\u00e1bytku, ktor\u00fd ukr\u00fdva v sebe mnoho funkci\u00ed. Obsahuje ve\u013ek\u00fd \u00falo\u017en\u00fd priestor\u00a0 ktor\u00fd sa postar\u00e1 o vank\u00fa\u0161e, deky \u010di in\u00e9 veci ktor\u00e9 nem\u00e1te moment\u00e1lne kde uskladni\u0165. Jednoduch\u00fdm rozkladom zasa pohovku zmen\u00edte na\u00a0plnohodnotn\u00e9&#8230;<\/p>\n","protected":false},"featured_media":124656,"comment_status":"closed","ping_status":"closed","template":"","meta":{"_seopress_robots_primary_cat":"140","_seopress_titles_title":"","_seopress_titles_desc":"","_seopress_robots_index":""},"product_brand":[],"product_cat":[219],"product_tag":[],"class_list":{"0":"post-124651","1":"product","2":"type-product","3":"status-publish","4":"has-post-thumbnail","6":"product_cat-pohovky","8":"first","9":"onbackorder","10":"shipping-taxable","11":"purchasable","12":"product-type-simple"},"_links":{"self":[{"href":"https:\/\/nabytoklaguna.sk\/sk\/wp-json\/wp\/v2\/product\/124651","targetHints":{"allow":["GET"]}}],"collection":[{"href":"https:\/\/nabytoklaguna.sk\/sk\/wp-json\/wp\/v2\/product"}],"about":[{"href":"https:\/\/nabytoklaguna.sk\/sk\/wp-json\/wp\/v2\/types\/product"}],"replies":[{"embeddable":true,"href":"https:\/\/nabytoklaguna.sk\/sk\/wp-json\/wp\/v2\/comments?post=124651"}],"wp:featuredmedia":[{"embeddable":true,"href":"https:\/\/nabytoklaguna.sk\/sk\/wp-json\/wp\/v2\/media\/124656"}],"wp:attachment":[{"href":"https:\/\/nabytoklaguna.sk\/sk\/wp-json\/wp\/v2\/media?parent=124651"}],"wp:term":[{"taxonomy":"product_brand","embeddable":true,"href":"https:\/\/nabytoklaguna.sk\/sk\/wp-json\/wp\/v2\/product_brand?post=124651"},{"taxonomy":"product_cat","embeddable":true,"href":"https:\/\/nabytoklaguna.sk\/sk\/wp-json\/wp\/v2\/product_cat?post=124651"},{"taxonomy":"product_tag","embeddable":true,"href":"https:\/\/nabytoklaguna.sk\/sk\/wp-json\/wp\/v2\/product_tag?post=124651"}],"curies":[{"name":"wp","href":"https:\/\/api.w.org\/{rel}","templated":true}]}}