{"id":124783,"date":"2025-09-30T15:47:51","date_gmt":"2025-09-30T13:47:51","guid":{"rendered":"https:\/\/nabytoklaguna.sk\/sk\/?post_type=product&#038;p=124783"},"modified":"2025-11-05T00:06:32","modified_gmt":"2025-11-04T23:06:32","slug":"tv-5076","status":"publish","type":"product","link":"https:\/\/nabytoklaguna.sk\/sk\/produkt\/tv-5076\/","title":{"rendered":"TV-5076"},"content":{"rendered":"<p>Super pohodln\u00e9 telev\u00edzne kreslo <strong>TV- 5076 BR3<\/strong>\u00a0 polohovacie s elektrick\u00fdm ovl\u00e1dan\u00edm pon\u00faka komfortn\u00e9 sedenie v\u010faka m\u00e4kk\u00e9mu po\u0165ahu z hnedej l\u00e1tky<strong> imituj\u00facou br\u00fasen\u00fa ko\u017eu<\/strong>, ktor\u00e1 je <strong>pr\u00edjemn\u00e1 na dotyk<\/strong> a \u013eahko sa udr\u017eiava. V\u010faka nad\u0161tandardn\u00e9mu polstrovaniu sa budete c\u00edti\u0165 ako v raji. Na skvelom dizajne prid\u00e1va aj pre\u0161itie operadla.\u00a0 Robustn\u00e1 kovov\u00e1 podno\u017e v \u010diernej farbe zabezpe\u010duje stabilitu a dlh\u00fa \u017eivotnos\u0165. Elektrick\u00fd k\u00e1blov\u00fd ovl\u00e1dac\u00ed panel umo\u017e\u0148uje jednoduch\u00e9 nastavenie polohy kresla vr\u00e1tane<strong> v\u00fdklopnej funkcie pre \u013eah\u0161ie vst\u00e1vanie a rozkladaniu sed\u00e1ka<\/strong> pre maxim\u00e1lnu relax\u00e1ciu. Na ovl\u00e1da\u010di je mo\u017en\u00e9 samostatne polohovo podno\u017eka, sklopen\u00edm operadla a kone\u010dne, kreslo je mo\u017en\u00e9 polohova\u0165 a\u017e do vzpriamenej polohy, kedy m\u00f4\u017eete z kresla vsta\u0165 vo vzpriamenej polohy \u00faplne bez pomoci. V\u010faka pevnej kovovej kon\u0161trukci\u00e1m je navy\u0161e kreslo ve\u013emi stabiln\u00e9 a odoln\u00e9 proti ak\u00e9muko\u013evek preklopen\u00edu. <strong>Ergonomick\u00fd tvarovan\u00e9 operadlo<\/strong> a sed\u00e1k s\u00fa vyplnen\u00e9 kvalitnou penou, ktor\u00e1 poskytuje dostato\u010dn\u00fa oporu a pohodlie pri dlh\u0161om seden\u00ed. Kreslo je ide\u00e1lnou vo\u013ebou na oddych pri sledovan\u00ed telev\u00edzie alebo \u010d\u00edtan\u00ed, pri\u010dom jeho modern\u00fd dizajn sa hod\u00ed do r\u00f4znych interi\u00e9rov. \u00a0Nosnos\u0165 kresla je a\u017e 130 kg.<\/p>\n<ul>\n<li><span style=\"font-size: 15.008px;\"><strong>Rozmery<\/strong>: 83 x <\/span><span style=\"font-size: 15.008px;\">89 x<\/span><span style=\"font-size: 15.008px;\">109 <\/span><span style=\"font-size: 15.008px;\">cm<\/span><\/li>\n<li>\u0160\u00edrka 83\u00a0cm<\/li>\n<li>H\u013abka 89\u00a0cm<\/li>\n<li>V\u00fd\u0161ka 109 c<\/li>\n<li>\u0160\u00edrka sedu 48\u00a0cm<\/li>\n<li>H\u013abka sedu 54\u00a0cm<\/li>\n<li>V\u00fd\u0161ka sedu 51\u00a0cm<\/li>\n<li>Nastavite\u013en\u00e1 h\u013abka 89-180 cm<\/li>\n<\/ul>\n","protected":false},"excerpt":{"rendered":"<p>Super pohodln\u00e9 telev\u00edzne kreslo TV- 5076 BR3\u00a0 polohovacie s elektrick\u00fdm ovl\u00e1dan\u00edm pon\u00faka komfortn\u00e9 sedenie v\u010faka m\u00e4kk\u00e9mu po\u0165ahu z hnedej l\u00e1tky imituj\u00facou br\u00fasen\u00fa ko\u017eu, ktor\u00e1 je pr\u00edjemn\u00e1 na dotyk a \u013eahko sa udr\u017eiava. V\u010faka nad\u0161tandardn\u00e9mu polstrovaniu sa budete c\u00edti\u0165 ako v raji. Na skvelom dizajne prid\u00e1va aj pre\u0161itie operadla.\u00a0 Robustn\u00e1 kovov\u00e1 podno\u017e v \u010diernej farbe zabezpe\u010duje&#8230;<\/p>\n","protected":false},"featured_media":124786,"comment_status":"closed","ping_status":"closed","template":"","meta":{"_seopress_robots_primary_cat":"none","_seopress_titles_title":"","_seopress_titles_desc":"","_seopress_robots_index":""},"product_brand":[],"product_cat":[231],"product_tag":[],"class_list":{"0":"post-124783","1":"product","2":"type-product","3":"status-publish","4":"has-post-thumbnail","6":"product_cat-kresla","8":"first","9":"instock","10":"shipping-taxable","11":"purchasable","12":"product-type-simple"},"_links":{"self":[{"href":"https:\/\/nabytoklaguna.sk\/sk\/wp-json\/wp\/v2\/product\/124783","targetHints":{"allow":["GET"]}}],"collection":[{"href":"https:\/\/nabytoklaguna.sk\/sk\/wp-json\/wp\/v2\/product"}],"about":[{"href":"https:\/\/nabytoklaguna.sk\/sk\/wp-json\/wp\/v2\/types\/product"}],"replies":[{"embeddable":true,"href":"https:\/\/nabytoklaguna.sk\/sk\/wp-json\/wp\/v2\/comments?post=124783"}],"wp:featuredmedia":[{"embeddable":true,"href":"https:\/\/nabytoklaguna.sk\/sk\/wp-json\/wp\/v2\/media\/124786"}],"wp:attachment":[{"href":"https:\/\/nabytoklaguna.sk\/sk\/wp-json\/wp\/v2\/media?parent=124783"}],"wp:term":[{"taxonomy":"product_brand","embeddable":true,"href":"https:\/\/nabytoklaguna.sk\/sk\/wp-json\/wp\/v2\/product_brand?post=124783"},{"taxonomy":"product_cat","embeddable":true,"href":"https:\/\/nabytoklaguna.sk\/sk\/wp-json\/wp\/v2\/product_cat?post=124783"},{"taxonomy":"product_tag","embeddable":true,"href":"https:\/\/nabytoklaguna.sk\/sk\/wp-json\/wp\/v2\/product_tag?post=124783"}],"curies":[{"name":"wp","href":"https:\/\/api.w.org\/{rel}","templated":true}]}}