{"id":124877,"date":"2025-11-05T10:26:24","date_gmt":"2025-11-05T09:26:24","guid":{"rendered":"https:\/\/nabytoklaguna.sk\/sk\/?post_type=product&#038;p=124877"},"modified":"2026-04-01T03:59:02","modified_gmt":"2026-04-01T01:59:02","slug":"pohovka-asb-4720","status":"publish","type":"product","link":"https:\/\/nabytoklaguna.sk\/sk\/produkt\/pohovka-asb-4720\/","title":{"rendered":"pohovka ASB-4720"},"content":{"rendered":"<p>Doprajte si harmonick\u00e9 spojenie funk\u010dnosti a \u0161t\u00fdlu s rozkladacou pohovkou <strong>ASB-4720<\/strong> in\u0161pirovan\u00fa<strong> \u0161kandin\u00e1vskym \u0161t\u00fdlom<\/strong>. Rafinovan\u00e9 \u0161ed\u00e9 l\u00e1tkov\u00e9 \u010dal\u00fanenie doplnen\u00e9 nohami z<strong> pr\u00edrodn\u00e9ho mas\u00edvneho dreva<\/strong> steles\u0148uje nen\u00e1padn\u00fa eleganciu, ktor\u00e1 je ide\u00e1lna pre ka\u017ed\u00fa modern\u00fa kancel\u00e1riu alebo ob\u00fdvac\u00ed priestor. Jemn\u00e1 \u0161trukt\u00fara l\u00e1tky zais\u0165uje nielen vizu\u00e1lne pr\u00ed\u0165a\u017eliv\u00fd vzh\u013ead, ale s\u013eubuje aj <strong>odolnos\u0165 a pohodlie<\/strong>. Pohovka <strong>ASB-4720<span style=\"font-size: 15.008px;\">\u00a0<\/span><\/strong><span style=\"font-size: 15.008px;\">\u00a0pos\u00fava v\u0161estrannos\u0165 na \u010fal\u0161iu \u00farove\u0148 v\u010faka svojej inovat\u00edvnej kon\u0161trukcii, ktor\u00e1 umo\u017e\u0148uje bezprobl\u00e9mov\u00e9 zlo\u017eenie do <strong>podoby l\u00f4\u017eka<\/strong>, a umo\u017e\u0148uje tak zorganizova\u0165 improvizovan\u00e9 sch\u00f4dzky. Sl\u00fa\u017ei aj ako<strong> luxusn\u00e9 odpo\u010d\u00edvadlo<\/strong> pre host\u00ed. Stred operadla sa d\u00f4myselne vyrovn\u00e1va s krajn\u00fdmi \u010das\u0165ami sedadla, \u010do zais\u0165uje plynul\u00fd prechod zo \u0161t\u00fdlovej pohovky na pohodln\u00e9 l\u00f4\u017eko bez toho, aby to bolo na \u00fakor estetiky alebo funk\u010dnosti. Navy\u0161e je mo\u017en\u00e9 krajn\u00e9 \u010dasti <strong>sedadla nastavi\u0165 pod\u013ea potreby<\/strong>, \u010do ukazuje na snahu\u00a0 poskytova\u0165 pohodlie na mieru. \u010ci u\u017e sa usad\u00edte s dobrou knihou, alebo ubytujete n\u00e1v\u0161tevu, tento kus pon\u00faka bezkonkuren\u010dne jednoduch\u00e9 pou\u017eitie. <strong>Rozkladacia pohovka<\/strong> vytvoren\u00e1 pre t\u00fdch, ktor\u00ed si cenia tie najjemnej\u0161ie detaily v sebe sp\u00e1ja <strong>praktickos\u0165 s n\u00e1dychom sofistikovanosti.<\/strong><\/span><\/p>\n<h3 class=\"page-product-heading\">VLASTNOSTI<\/h3>\n<table class=\"table-data-sheet\" style=\"width: 501px;\">\n<tbody>\n<tr class=\"odd\" style=\"height: 52px;\">\n<td style=\"height: 52px; width: 171px;\">H\u013abka<\/td>\n<td style=\"height: 52px; width: 330px;\">\u00a095 cm<\/td>\n<\/tr>\n<tr class=\"even\" style=\"height: 52px;\">\n<td style=\"height: 52px; width: 171px;\">\u0160\u00edrka<\/td>\n<td style=\"height: 52px; width: 330px;\">185 cm<\/td>\n<\/tr>\n<tr class=\"odd\" style=\"height: 52px;\">\n<td style=\"height: 52px; width: 171px;\">V\u00fd\u0161ka<\/td>\n<td style=\"height: 52px; width: 330px;\">47 x 92 cm<\/td>\n<\/tr>\n<tr class=\"even\" style=\"height: 76px;\">\n<td style=\"height: 76px; width: 171px;\">Vhodn\u00e1 miestnos\u0165<\/td>\n<td style=\"height: 76px; width: 330px;\">ob\u00fdva\u010dka, spolo\u010densk\u00e1 miestnos\u0165, hotely, kaviarne<\/td>\n<\/tr>\n<tr class=\"odd\" style=\"height: 52px;\">\n<td style=\"height: 52px; width: 171px;\">Typ n\u00e1bytku<\/td>\n<td style=\"height: 52px; width: 330px;\">pohovka<\/td>\n<\/tr>\n<tr class=\"even\" style=\"height: 52px;\">\n<td style=\"height: 52px; width: 171px;\">\u0160t\u00fdl n\u00e1bytku<\/td>\n<td style=\"height: 52px; width: 330px;\">modern\u00fd<\/td>\n<\/tr>\n<tr class=\"odd\" style=\"height: 52px;\">\n<td style=\"height: 52px; width: 171px;\">Z\u00e1ruka<\/td>\n<td style=\"height: 52px; width: 330px;\">2 roky<\/td>\n<\/tr>\n<tr class=\"even\" style=\"height: 52px;\">\n<td style=\"height: 52px; width: 171px;\">Sp\u00f4sob dodania<\/td>\n<td style=\"height: 52px; width: 330px;\">demont<\/td>\n<\/tr>\n<tr class=\"even\" style=\"height: 52px;\">\n<td style=\"height: 52px; width: 171px;\">\u00dalo\u017en\u00fd priestor<\/td>\n<td style=\"height: 52px; width: 330px;\">\u00e1no<\/td>\n<\/tr>\n<tr class=\"odd\" style=\"height: 76px;\">\n<td style=\"height: 76px; width: 171px;\">Rohov\u00e9 prevedenie<\/td>\n<td style=\"height: 76px; width: 330px;\">nie<\/td>\n<\/tr>\n<tr class=\"even\" style=\"height: 52px;\">\n<td style=\"height: 52px; width: 171px;\">V\u00fd\u0161ka sed\u00e1ka<\/td>\n<td style=\"height: 52px; width: 330px;\">47 cm<\/td>\n<\/tr>\n<tr class=\"odd\" style=\"height: 76px;\">\n<td style=\"height: 76px; width: 171px;\">V\u00fd\u0161ka zadn\u00e9ho \u010dela<\/td>\n<td style=\"height: 76px; width: 330px;\">92 cm<\/td>\n<\/tr>\n<tr class=\"even\" style=\"height: 76px;\">\n<td style=\"height: 76px; width: 171px;\">Mo\u017enos\u0165 rozkladania<\/td>\n<td style=\"height: 76px; width: 330px;\">\u00e1no<\/td>\n<\/tr>\n<tr class=\"odd\" style=\"height: 76px;\">\n<td style=\"height: 76px; width: 171px;\">Plocha po rozlo\u017een\u00ed<\/td>\n<td style=\"height: 76px; width: 330px;\">115\u00d7185 cm<\/td>\n<\/tr>\n<tr class=\"even\" style=\"height: 52px;\">\n<td style=\"height: 52px; width: 171px;\">Nohy<\/td>\n<td style=\"height: 52px; width: 330px;\">mas\u00edv<\/td>\n<\/tr>\n<tr class=\"odd\" style=\"height: 76px;\">\n<td style=\"height: 76px; width: 171px;\">Dr\u017eiak na n\u00e1poje<\/td>\n<td style=\"height: 76px; width: 330px;\">\u00e1no<\/td>\n<\/tr>\n<tr class=\"even\" style=\"height: 51px;\">\n<td style=\"height: 51px; width: 171px;\">Nosnos\u0165 pohovky<\/td>\n<td style=\"height: 51px; width: 330px;\">260 kg<\/td>\n<\/tr>\n<\/tbody>\n<\/table>\n<p>&nbsp;<\/p>\n","protected":false},"excerpt":{"rendered":"<p>Doprajte si harmonick\u00e9 spojenie funk\u010dnosti a \u0161t\u00fdlu s rozkladacou pohovkou ASB-4720 in\u0161pirovan\u00fa \u0161kandin\u00e1vskym \u0161t\u00fdlom. Rafinovan\u00e9 \u0161ed\u00e9 l\u00e1tkov\u00e9 \u010dal\u00fanenie doplnen\u00e9 nohami z pr\u00edrodn\u00e9ho mas\u00edvneho dreva steles\u0148uje nen\u00e1padn\u00fa eleganciu, ktor\u00e1 je ide\u00e1lna pre ka\u017ed\u00fa modern\u00fa kancel\u00e1riu alebo ob\u00fdvac\u00ed priestor. Jemn\u00e1 \u0161trukt\u00fara l\u00e1tky zais\u0165uje nielen vizu\u00e1lne pr\u00ed\u0165a\u017eliv\u00fd vzh\u013ead, ale s\u013eubuje aj odolnos\u0165 a pohodlie. Pohovka ASB-4720\u00a0\u00a0pos\u00fava v\u0161estrannos\u0165 na&#8230;<\/p>\n","protected":false},"featured_media":124887,"comment_status":"closed","ping_status":"closed","template":"","meta":{"_seopress_robots_primary_cat":"none","_seopress_titles_title":"","_seopress_titles_desc":"","_seopress_robots_index":""},"product_brand":[],"product_cat":[140,219],"product_tag":[],"class_list":{"0":"post-124877","1":"product","2":"type-product","3":"status-publish","4":"has-post-thumbnail","6":"product_cat-sedacie-supravy","7":"product_cat-pohovky","8":"pa_farba-grey2","9":"pa_farba-sil2","11":"first","12":"onbackorder","13":"shipping-taxable","14":"purchasable","15":"product-type-variable"},"_links":{"self":[{"href":"https:\/\/nabytoklaguna.sk\/sk\/wp-json\/wp\/v2\/product\/124877","targetHints":{"allow":["GET"]}}],"collection":[{"href":"https:\/\/nabytoklaguna.sk\/sk\/wp-json\/wp\/v2\/product"}],"about":[{"href":"https:\/\/nabytoklaguna.sk\/sk\/wp-json\/wp\/v2\/types\/product"}],"replies":[{"embeddable":true,"href":"https:\/\/nabytoklaguna.sk\/sk\/wp-json\/wp\/v2\/comments?post=124877"}],"wp:featuredmedia":[{"embeddable":true,"href":"https:\/\/nabytoklaguna.sk\/sk\/wp-json\/wp\/v2\/media\/124887"}],"wp:attachment":[{"href":"https:\/\/nabytoklaguna.sk\/sk\/wp-json\/wp\/v2\/media?parent=124877"}],"wp:term":[{"taxonomy":"product_brand","embeddable":true,"href":"https:\/\/nabytoklaguna.sk\/sk\/wp-json\/wp\/v2\/product_brand?post=124877"},{"taxonomy":"product_cat","embeddable":true,"href":"https:\/\/nabytoklaguna.sk\/sk\/wp-json\/wp\/v2\/product_cat?post=124877"},{"taxonomy":"product_tag","embeddable":true,"href":"https:\/\/nabytoklaguna.sk\/sk\/wp-json\/wp\/v2\/product_tag?post=124877"}],"curies":[{"name":"wp","href":"https:\/\/api.w.org\/{rel}","templated":true}]}}