{"id":124912,"date":"2025-11-06T14:04:41","date_gmt":"2025-11-06T13:04:41","guid":{"rendered":"https:\/\/nabytoklaguna.sk\/sk\/?post_type=product&#038;p=124912"},"modified":"2026-04-01T03:59:02","modified_gmt":"2026-04-01T01:59:02","slug":"hc-v3066","status":"publish","type":"product","link":"https:\/\/nabytoklaguna.sk\/sk\/produkt\/hc-v3066\/","title":{"rendered":"HC-V3066"},"content":{"rendered":"<p><span id=\"ctl00_ctl00_PageCPH_MainCPH_PopisLb\">Modern\u00e1 stoli\u010dka s ok\u00faz\u013euj\u00facim dizajnom je \u010dal\u00fanen\u00e1 vintage l\u00e1tkou, ktor\u00e1 je pr\u00edjemn\u00e1 nielen na dotyk,ale aj na poh\u013ead. Dizajnov\u00e9 pre\u0161itie dod\u00e1va stoli\u010dke e\u0161te v\u00e4\u010d\u0161\u00ed \u0161mrnc. Tvarovanie kostry a poctiv\u00e9 polstrovanie, zabezpe\u010duje <strong>maxim\u00e1lne pohodlie<\/strong>. Kovov\u00e9 nohy s pevnou z\u00e1klad\u0148ou s\u00fa lakovan\u00e9 matnou \u010diernou farbou. Podno\u017e je na \u010diernych plastov\u00fdch klz\u00e1koch, \u010d\u00edm sa zn\u00ed\u017e\u00ed riziko po\u0161kodenia Va\u0161ej podlahy. Stoli\u010dka sa perfektne hod\u00ed do kuchyne, jed\u00e1lne \u010di ob\u00fdvacej izby. <\/span><\/p>\n<p><span id=\"ctl00_ctl00_PageCPH_MainCPH_PopisLb\">Nosnos\u0165 stoli\u010dky je a\u017e 120 kg.<\/span><\/p>\n<p>Dod\u00e1van\u00e9 v demonte<\/p>\n<table style=\"width: 623px; height: 319px;\">\n<tbody>\n<tr style=\"height: 51px;\">\n<td class=\"popis\" style=\"width: 382px; height: 51px;\">\u0160\u00edrka (cm):<\/td>\n<td style=\"width: 241px; height: 51px;\">53<\/td>\n<\/tr>\n<tr style=\"height: 51px;\">\n<td class=\"popis\" style=\"width: 382px; height: 51px;\">H\u013abka (cm):<\/td>\n<td style=\"width: 241px; height: 51px;\">60<\/td>\n<\/tr>\n<tr style=\"height: 51px;\">\n<td class=\"popis\" style=\"width: 382px; height: 51px;\">V\u00fd\u0161ka (cm):<\/td>\n<td style=\"width: 241px; height: 51px;\">87<\/td>\n<\/tr>\n<tr style=\"height: 51px;\">\n<td class=\"popis\" style=\"width: 382px; height: 51px;\">V\u00fd\u0161ka sedu:<\/td>\n<td style=\"width: 241px; height: 51px;\">53 cm<\/td>\n<\/tr>\n<tr style=\"height: 51px;\">\n<td class=\"popis\" style=\"width: 382px; height: 51px;\">H\u013abka sedu:<\/td>\n<td style=\"width: 241px; height: 51px;\">42 cm<\/td>\n<\/tr>\n<tr style=\"height: 51px;\">\n<td class=\"popis\" style=\"width: 382px; height: 51px;\">\u0160\u00edrka sedu:<\/td>\n<td style=\"width: 241px; height: 51px;\">53 cm<\/td>\n<\/tr>\n<tr style=\"height: 10px;\">\n<td class=\"popis\" style=\"width: 382px; height: 10px;\">Nosnos\u0165<\/td>\n<td style=\"width: 241px; height: 10px;\">120 kg<\/td>\n<\/tr>\n<\/tbody>\n<\/table>\n","protected":false},"excerpt":{"rendered":"<p>Modern\u00e1 stoli\u010dka s ok\u00faz\u013euj\u00facim dizajnom je \u010dal\u00fanen\u00e1 vintage l\u00e1tkou, ktor\u00e1 je pr\u00edjemn\u00e1 nielen na dotyk,ale aj na poh\u013ead. Dizajnov\u00e9 pre\u0161itie dod\u00e1va stoli\u010dke e\u0161te v\u00e4\u010d\u0161\u00ed \u0161mrnc. Tvarovanie kostry a poctiv\u00e9 polstrovanie, zabezpe\u010duje maxim\u00e1lne pohodlie. Kovov\u00e9 nohy s pevnou z\u00e1klad\u0148ou s\u00fa lakovan\u00e9 matnou \u010diernou farbou. Podno\u017e je na \u010diernych plastov\u00fdch klz\u00e1koch, \u010d\u00edm sa zn\u00ed\u017e\u00ed riziko po\u0161kodenia Va\u0161ej&#8230;<\/p>\n","protected":false},"featured_media":124920,"comment_status":"closed","ping_status":"closed","template":"","meta":{"_seopress_robots_primary_cat":"237","_seopress_titles_title":"","_seopress_titles_desc":"","_seopress_robots_index":""},"product_brand":[],"product_cat":[239,237],"product_tag":[],"class_list":{"0":"post-124912","1":"product","2":"type-product","3":"status-publish","4":"has-post-thumbnail","6":"product_cat-kovove-stolicky","7":"product_cat-stolicky","8":"pa_farba-bk3","9":"pa_farba-grey3","10":"pa_farba-grn","11":"pa_farba-lan3","13":"first","14":"instock","15":"shipping-taxable","16":"purchasable","17":"product-type-variable"},"_links":{"self":[{"href":"https:\/\/nabytoklaguna.sk\/sk\/wp-json\/wp\/v2\/product\/124912","targetHints":{"allow":["GET"]}}],"collection":[{"href":"https:\/\/nabytoklaguna.sk\/sk\/wp-json\/wp\/v2\/product"}],"about":[{"href":"https:\/\/nabytoklaguna.sk\/sk\/wp-json\/wp\/v2\/types\/product"}],"replies":[{"embeddable":true,"href":"https:\/\/nabytoklaguna.sk\/sk\/wp-json\/wp\/v2\/comments?post=124912"}],"wp:featuredmedia":[{"embeddable":true,"href":"https:\/\/nabytoklaguna.sk\/sk\/wp-json\/wp\/v2\/media\/124920"}],"wp:attachment":[{"href":"https:\/\/nabytoklaguna.sk\/sk\/wp-json\/wp\/v2\/media?parent=124912"}],"wp:term":[{"taxonomy":"product_brand","embeddable":true,"href":"https:\/\/nabytoklaguna.sk\/sk\/wp-json\/wp\/v2\/product_brand?post=124912"},{"taxonomy":"product_cat","embeddable":true,"href":"https:\/\/nabytoklaguna.sk\/sk\/wp-json\/wp\/v2\/product_cat?post=124912"},{"taxonomy":"product_tag","embeddable":true,"href":"https:\/\/nabytoklaguna.sk\/sk\/wp-json\/wp\/v2\/product_tag?post=124912"}],"curies":[{"name":"wp","href":"https:\/\/api.w.org\/{rel}","templated":true}]}}