{"id":125184,"date":"2025-11-24T11:56:50","date_gmt":"2025-11-24T10:56:50","guid":{"rendered":"https:\/\/nabytoklaguna.sk\/sk\/?post_type=product&#038;p=125184"},"modified":"2026-01-15T00:56:35","modified_gmt":"2026-01-14T23:56:35","slug":"dcl-1031","status":"publish","type":"product","link":"https:\/\/nabytoklaguna.sk\/sk\/produkt\/dcl-1031\/","title":{"rendered":"DCL-1031"},"content":{"rendered":"<p>Stoli\u010dka <strong>DCL-1031<\/strong> vyroben\u00e1 so starostlivou pozornos\u0165ou k detailu, ktor\u00e1 vy\u017earuje dokonal\u00fa kombin\u00e1ciu pohodlia a \u0161t\u00fdlu. Tento v\u0161estrann\u00fd doplnok ka\u017ed\u00e9ho prostredia v\u00e1s zaujme svojim <strong>industri\u00e1lnym designom<\/strong>. V\u010faka z\u00e1kladni, ktor\u00e1 sa p\u00fd\u0161i \u0161tyrmi robustn\u00fdmi <strong>kovov\u00fdmi nohami<\/strong> s povrchovou \u00fapravou v \u010diernom odtieni, je tento kus stabiln\u00fd a vnesie do v\u00e1\u0161ho priestoru n\u00e1dych elegancie. Jeho efektne <strong>tvarovan\u00e9 operadlo,<\/strong> ktor\u00e9 je vizitkou dizajnu a kreativity, nab\u00e1da k pohodln\u00e9mu sedeniu a relax\u00e1cii.<\/p>\n<p><strong>\u010cal\u00fanenie<\/strong> stoli\u010dky v \u0161edej l\u00e1tke je obohaten\u00e9 o jemn\u00e9 reli\u00e9fy a prin\u00e1\u0161a na dotyk luxusn\u00fd a pr\u00edjemn\u00fd z\u00e1\u017eitok. T\u00e1to vo\u013eba materi\u00e1lu nielen\u017ee dod\u00e1va kreslu h\u013abku a charakter, ale taktie\u017e zais\u0165uje <strong>odolnos\u0165 a jednoduch\u00fa \u00fadr\u017ebu,<\/strong> \u010do je nevyhnutnou s\u00fa\u010das\u0165ou ru\u0161n\u00fdch kancel\u00e1ri\u00ed i \u00fatuln\u00fdch dom\u00e1cich priestorov.<\/p>\n<p>T\u00e1to stoli\u010dka, ktor\u00fa je mo\u017en\u00e9 prisp\u00f4sobi\u0165 takmer ka\u017ed\u00e9mu pracovn\u00e9mu alebo jed\u00e1lensk\u00e9mu stolu, v sebe sp\u00e1ja <strong>funk\u010dnos\u0165 s estetick\u00fdm dojmom<\/strong>. Jej elegantn\u00e9 krivky s\u00fa navrhnut\u00e9 tak, aby pohodlne podopierali telo po dlh\u0161iu dobu, \u010do z nej rob\u00ed ide\u00e1lnu vo\u013ebu pre v\u0161etk\u00fdch, ktor\u00ed u svojho n\u00e1bytku h\u013eadaj\u00fa m\u00f3du aj funk\u010dnos\u0165. \u010ci u\u017e pozdvihne vzh\u013ead firemnej kancel\u00e1rie, alebo dopln\u00ed jed\u00e1lensk\u00fd k\u00fat v dom\u00e1cnosti, t\u00e1to stoli\u010dka v\u017edy vynikne ako k\u00fasok, ktor\u00fd sp\u00e1ja <strong>industri\u00e1lny \u0161t\u00fdl s prepychov\u00fdm pohodl\u00edm.<\/strong><\/p>\n<p><strong>Po\u0165ah\u00a0 \u2013 \u010derven\u00e1<\/strong><\/p>\n<p>Rozmery: 50 x 58 x 85 x 50cm<\/p>\n<p>Nosnos\u0165: 120 kg<\/p>\n<p>Dod\u00e1van\u00e9 v demonte<\/p>\n<table style=\"width: 100%;\">\n<tbody>\n<tr>\n<td class=\"popis\" style=\"width: 41.2425%;\">\u0160\u00edrka (cm):<\/td>\n<td style=\"width: 58.585%;\">50 cm<\/td>\n<\/tr>\n<tr>\n<td class=\"popis\" style=\"width: 41.2425%;\">H\u013abka (cm):<\/td>\n<td style=\"width: 58.585%;\">58 cm<\/td>\n<\/tr>\n<tr>\n<td class=\"popis\" style=\"width: 41.2425%;\">V\u00fd\u0161ka (cm):<\/td>\n<td style=\"width: 58.585%;\">85 cm<\/td>\n<\/tr>\n<tr>\n<td style=\"width: 41.2425%;\">\u0161\u00edrka sedu:<\/td>\n<td style=\"width: 58.585%;\">45 cm<\/td>\n<\/tr>\n<tr>\n<td style=\"width: 41.2425%;\">h\u013abka sedu:<\/td>\n<td style=\"width: 58.585%;\">48 cm<\/td>\n<\/tr>\n<tr>\n<td style=\"width: 41.2425%;\">v\u00fd\u0161ka sedu:<\/td>\n<td style=\"width: 58.585%;\">50 cm<\/td>\n<\/tr>\n<tr>\n<td style=\"width: 41.2425%;\">nohy:<\/td>\n<td style=\"width: 58.585%;\">kov\/ \u010dierny mat<\/td>\n<\/tr>\n<tr>\n<td style=\"width: 41.2425%;\">nosnos\u0165:<\/td>\n<td style=\"width: 58.585%;\">120 kg<\/td>\n<\/tr>\n<\/tbody>\n<\/table>\n","protected":false},"excerpt":{"rendered":"<p>Stoli\u010dka DCL-1031 vyroben\u00e1 so starostlivou pozornos\u0165ou k detailu, ktor\u00e1 vy\u017earuje dokonal\u00fa kombin\u00e1ciu pohodlia a \u0161t\u00fdlu. Tento v\u0161estrann\u00fd doplnok ka\u017ed\u00e9ho prostredia v\u00e1s zaujme svojim industri\u00e1lnym designom. V\u010faka z\u00e1kladni, ktor\u00e1 sa p\u00fd\u0161i \u0161tyrmi robustn\u00fdmi kovov\u00fdmi nohami s povrchovou \u00fapravou v \u010diernom odtieni, je tento kus stabiln\u00fd a vnesie do v\u00e1\u0161ho priestoru n\u00e1dych elegancie. Jeho efektne tvarovan\u00e9 operadlo,&#8230;<\/p>\n","protected":false},"featured_media":125196,"comment_status":"closed","ping_status":"closed","template":"","meta":{"_seopress_robots_primary_cat":"none","_seopress_titles_title":"","_seopress_titles_desc":"","_seopress_robots_index":""},"product_brand":[],"product_cat":[4721,237],"product_tag":[],"class_list":{"0":"post-125184","1":"product","2":"type-product","3":"status-publish","4":"has-post-thumbnail","6":"product_cat-jedalenske-stolicky","7":"product_cat-stolicky","8":"pa_farba-grey2-siva","9":"pa_farba-red2-cervena","11":"first","12":"instock","13":"shipping-taxable","14":"purchasable","15":"product-type-variable"},"_links":{"self":[{"href":"https:\/\/nabytoklaguna.sk\/sk\/wp-json\/wp\/v2\/product\/125184","targetHints":{"allow":["GET"]}}],"collection":[{"href":"https:\/\/nabytoklaguna.sk\/sk\/wp-json\/wp\/v2\/product"}],"about":[{"href":"https:\/\/nabytoklaguna.sk\/sk\/wp-json\/wp\/v2\/types\/product"}],"replies":[{"embeddable":true,"href":"https:\/\/nabytoklaguna.sk\/sk\/wp-json\/wp\/v2\/comments?post=125184"}],"wp:featuredmedia":[{"embeddable":true,"href":"https:\/\/nabytoklaguna.sk\/sk\/wp-json\/wp\/v2\/media\/125196"}],"wp:attachment":[{"href":"https:\/\/nabytoklaguna.sk\/sk\/wp-json\/wp\/v2\/media?parent=125184"}],"wp:term":[{"taxonomy":"product_brand","embeddable":true,"href":"https:\/\/nabytoklaguna.sk\/sk\/wp-json\/wp\/v2\/product_brand?post=125184"},{"taxonomy":"product_cat","embeddable":true,"href":"https:\/\/nabytoklaguna.sk\/sk\/wp-json\/wp\/v2\/product_cat?post=125184"},{"taxonomy":"product_tag","embeddable":true,"href":"https:\/\/nabytoklaguna.sk\/sk\/wp-json\/wp\/v2\/product_tag?post=125184"}],"curies":[{"name":"wp","href":"https:\/\/api.w.org\/{rel}","templated":true}]}}