{"id":125212,"date":"2025-11-24T16:12:47","date_gmt":"2025-11-24T15:12:47","guid":{"rendered":"https:\/\/nabytoklaguna.sk\/sk\/?post_type=product&#038;p=125212"},"modified":"2026-04-16T16:34:56","modified_gmt":"2026-04-16T14:34:56","slug":"ak-315","status":"publish","type":"product","link":"https:\/\/nabytoklaguna.sk\/sk\/produkt\/ak-315\/","title":{"rendered":"AK-315"},"content":{"rendered":"<p>Modern\u00e9 <strong>relaxa\u010dn\u00e9 kreslo AK-315<\/strong> v l\u00e1tke prinesie do v\u00e1\u0161ho interi\u00e9ru <strong>eleganciu a \u0161t\u00fdl<\/strong>. Kreslo s ozna\u010den\u00edm <strong>AK-315 GRN2<\/strong> pon\u00faka kombin\u00e1ciu modern\u00e9ho dizajnu a praktick\u00fdch vlastnost\u00ed vhodn\u00fdch na relax\u00e1ciu. Po\u0165ah je vyroben\u00fd z <strong>vodeodolnej l\u00e1tky<\/strong>, ktor\u00e1 u\u013eah\u010duje \u00fadr\u017ebu a zvy\u0161uje odolnos\u0165 vo\u010di poliatiu. Sed\u00e1k a operadlo s\u00fa zdoben\u00e9 dizajnov\u00fdm pre\u0161\u00edvan\u00edm, ktor\u00e9 dod\u00e1va kreslu v\u00fdrazn\u00fd estetick\u00fd detail. Kon\u0161trukcia je podporen\u00e1 pevn\u00fdmi kovov\u00fdmi nohami doplnen\u00fdmi o mas\u00edvne dreven\u00e9 prvky z kau\u010dukovn\u00edka, \u010do zabezpe\u010duje stabilitu a dlh\u00fa \u017eivotnos\u0165. Kreslo je vybaven\u00e9 integrovan\u00fdmi podr\u00fa\u010dkami pre pohodln\u00e9 opretie r\u00fak a nie je oto\u010dn\u00e9 ani rozkladacie, \u010do pod\u010diarkuje jeho jednoduchos\u0165 a funk\u010dnos\u0165.<\/p>\n<p><strong>Po\u0165ah\u00a0 &#8211; tyrkysov\u00e1, b\u00e9\u017eov\u00e1, modr\u00e1 a siv\u00e1\u00a0<\/strong><\/p>\n<p>Nosnos\u0165 je a\u017e 120 kg.<\/p>\n<p>Dod\u00e1van\u00e9 v demonte.<\/p>\n<p>Rozmery: 65 x 72 x 99 x 45cm<\/p>\n<table style=\"width: 100%;\">\n<tbody>\n<tr style=\"height: 52px;\">\n<td class=\"popis\" style=\"width: 43.0543%; height: 52px;\">\u0160\u00edrka (cm):<\/td>\n<td style=\"width: 56.7731%; height: 52px;\">65 cm<\/td>\n<\/tr>\n<tr style=\"height: 52px;\">\n<td class=\"popis\" style=\"width: 43.0543%; height: 52px;\">H\u013abka (cm):<\/td>\n<td style=\"width: 56.7731%; height: 52px;\">72 cm<\/td>\n<\/tr>\n<tr style=\"height: 52px;\">\n<td class=\"popis\" style=\"width: 43.0543%; height: 52px;\">V\u00fd\u0161ka (cm):<\/td>\n<td style=\"width: 56.7731%; height: 52px;\">99 cm<\/td>\n<\/tr>\n<tr style=\"height: 52px;\">\n<td style=\"width: 43.0543%; height: 52px;\">\u0161\u00edrka sedu:<\/td>\n<td style=\"width: 56.7731%; height: 52px;\">45 cm<\/td>\n<\/tr>\n<tr style=\"height: 53px;\">\n<td style=\"width: 43.0543%; height: 53px;\">h\u013abka sedu:<\/td>\n<td style=\"width: 56.7731%; height: 53px;\">48 cm<\/td>\n<\/tr>\n<tr style=\"height: 53px;\">\n<td style=\"width: 43.0543%; height: 53px;\">v\u00fd\u0161ka sedu:<\/td>\n<td style=\"width: 56.7731%; height: 53px;\">46 cm<\/td>\n<\/tr>\n<tr style=\"height: 52px;\">\n<td style=\"width: 43.0543%; height: 52px;\">nohy:<\/td>\n<td style=\"width: 56.7731%; height: 52px;\">kov\/ \u010dierny mat<\/td>\n<\/tr>\n<tr style=\"height: 52px;\">\n<td style=\"width: 43.0543%; height: 52px;\">nosnos\u0165:<\/td>\n<td style=\"width: 56.7731%; height: 52px;\">120 kg<\/td>\n<\/tr>\n<\/tbody>\n<\/table>\n<p>&nbsp;<\/p>\n","protected":false},"excerpt":{"rendered":"<p>Modern\u00e9 relaxa\u010dn\u00e9 kreslo AK-315 v l\u00e1tke prinesie do v\u00e1\u0161ho interi\u00e9ru eleganciu a \u0161t\u00fdl. Kreslo s ozna\u010den\u00edm AK-315 GRN2 pon\u00faka kombin\u00e1ciu modern\u00e9ho dizajnu a praktick\u00fdch vlastnost\u00ed vhodn\u00fdch na relax\u00e1ciu. Po\u0165ah je vyroben\u00fd z vodeodolnej l\u00e1tky, ktor\u00e1 u\u013eah\u010duje \u00fadr\u017ebu a zvy\u0161uje odolnos\u0165 vo\u010di poliatiu. Sed\u00e1k a operadlo s\u00fa zdoben\u00e9 dizajnov\u00fdm pre\u0161\u00edvan\u00edm, ktor\u00e9 dod\u00e1va kreslu v\u00fdrazn\u00fd estetick\u00fd detail&#8230;.<\/p>\n","protected":false},"featured_media":125220,"comment_status":"closed","ping_status":"closed","template":"","meta":{"_seopress_robots_primary_cat":"none","_seopress_titles_title":"","_seopress_titles_desc":"","_seopress_robots_index":""},"product_brand":[],"product_cat":[231],"product_tag":[],"class_list":{"0":"post-125212","1":"product","2":"type-product","3":"status-publish","4":"has-post-thumbnail","6":"product_cat-kresla","7":"pa_farba-grey2","8":"pa_farba-bge2","9":"pa_farba-blue2","10":"pa_farba-grn2-zelena","12":"first","13":"instock","14":"sale","15":"shipping-taxable","16":"purchasable","17":"product-type-variable"},"_links":{"self":[{"href":"https:\/\/nabytoklaguna.sk\/sk\/wp-json\/wp\/v2\/product\/125212","targetHints":{"allow":["GET"]}}],"collection":[{"href":"https:\/\/nabytoklaguna.sk\/sk\/wp-json\/wp\/v2\/product"}],"about":[{"href":"https:\/\/nabytoklaguna.sk\/sk\/wp-json\/wp\/v2\/types\/product"}],"replies":[{"embeddable":true,"href":"https:\/\/nabytoklaguna.sk\/sk\/wp-json\/wp\/v2\/comments?post=125212"}],"wp:featuredmedia":[{"embeddable":true,"href":"https:\/\/nabytoklaguna.sk\/sk\/wp-json\/wp\/v2\/media\/125220"}],"wp:attachment":[{"href":"https:\/\/nabytoklaguna.sk\/sk\/wp-json\/wp\/v2\/media?parent=125212"}],"wp:term":[{"taxonomy":"product_brand","embeddable":true,"href":"https:\/\/nabytoklaguna.sk\/sk\/wp-json\/wp\/v2\/product_brand?post=125212"},{"taxonomy":"product_cat","embeddable":true,"href":"https:\/\/nabytoklaguna.sk\/sk\/wp-json\/wp\/v2\/product_cat?post=125212"},{"taxonomy":"product_tag","embeddable":true,"href":"https:\/\/nabytoklaguna.sk\/sk\/wp-json\/wp\/v2\/product_tag?post=125212"}],"curies":[{"name":"wp","href":"https:\/\/api.w.org\/{rel}","templated":true}]}}