{"id":125273,"date":"2025-11-26T10:24:14","date_gmt":"2025-11-26T09:24:14","guid":{"rendered":"https:\/\/nabytoklaguna.sk\/sk\/?post_type=product&#038;p=125273"},"modified":"2026-01-15T00:56:35","modified_gmt":"2026-01-14T23:56:35","slug":"hc-x1128","status":"publish","type":"product","link":"https:\/\/nabytoklaguna.sk\/sk\/produkt\/hc-x1128\/","title":{"rendered":"HC-X1128"},"content":{"rendered":"<p>Jed\u00e1lensk\u00e1 stoli\u010dka s ozna\u010den\u00edm HC-X1128\u00a0 pon\u00faka komfortn\u00e9 sedenie v\u010faka vysok\u00e9mu <strong>polstrovaniu sed\u00e1ku<\/strong> a operadla potiahnut\u00fdch<strong> men\u010destrovou l\u00e1tkou<\/strong>, ktor\u00e1 je pr\u00edjemn\u00e1 na dotyk a \u013eahko sa udr\u017euje. Sed\u00e1k je vybaven\u00fd <strong>ta\u0161ti\u010dkov\u00fdmi pru\u017einami<\/strong>, ktor\u00e9 zvy\u0161uj\u00fa pohodlie a prispievaj\u00fa k dlhodobej elasticite. Stoli\u010dka disponuje oto\u010dnou funkciou s mo\u017enos\u0165ou <strong>ot\u00e1\u010dania o 180<\/strong> \u00b0 a<strong> vratn\u00fdm mechanizmom<\/strong> reset, ktor\u00fd automaticky vracia stoli\u010dku do v\u00fdchodiskovej polohy, \u010do u\u013eah\u010duje manipul\u00e1ciu a zvy\u0161uje ergon\u00f3miu. Pevn\u00e9 \u010dierne kovov\u00e9 nohy zais\u0165uj\u00fa stabilitu a odolnos\u0165, pri\u010dom ich design dod\u00e1va stoli\u010dke modern\u00fd vzh\u013ead vhodn\u00fd do r\u00f4znych interi\u00e9rov. Podr\u00fa\u010dky s\u00fa integrovan\u00e9 v \u010dal\u00fanen\u00ed, \u010do podporuje pohodln\u00e9 opretie r\u00fak po\u010das sedenia.<\/p>\n<p><strong>Po\u0165ah\u00a0 &#8211; siv\u00e1, \u017elt\u00e1, lan\u00fd\u017eov\u00e1<\/strong><\/p>\n<p>Nosnos\u0165 je a\u017e 120 kg.<\/p>\n<p>Dod\u00e1van\u00e9 v demonte.<\/p>\n<p>Rozmery: 60 x 67 x 95 x 50cm<\/p>\n<table style=\"width: 100.173%;\">\n<tbody>\n<tr>\n<td class=\"popis\" style=\"width: 41.8464%;\">\u0160\u00edrka (cm):<\/td>\n<td style=\"width: 57.981%;\">60 cm<\/td>\n<\/tr>\n<tr>\n<td class=\"popis\" style=\"width: 41.8464%;\">H\u013abka (cm):<\/td>\n<td style=\"width: 57.981%;\">67 cm<\/td>\n<\/tr>\n<tr>\n<td class=\"popis\" style=\"width: 41.8464%;\">V\u00fd\u0161ka (cm):<\/td>\n<td style=\"width: 57.981%;\">95 cm<\/td>\n<\/tr>\n<tr>\n<td style=\"width: 41.8464%;\">\u0161\u00edrka sedu:<\/td>\n<td style=\"width: 57.981%;\">44 cm<\/td>\n<\/tr>\n<tr>\n<td style=\"width: 41.8464%;\">v\u00fd\u0161ka sedu:<\/td>\n<td style=\"width: 57.981%;\">50 cm<\/td>\n<\/tr>\n<tr>\n<td style=\"width: 41.8464%;\">nohy:<\/td>\n<td style=\"width: 57.981%;\">kov\/ \u010dierny mat<\/td>\n<\/tr>\n<tr>\n<td style=\"width: 41.8464%;\">nosnos\u0165:<\/td>\n<td style=\"width: 57.981%;\">120 kg<\/td>\n<\/tr>\n<tr>\n<td style=\"width: 41.8464%;\">hmotnos\u0165:<\/td>\n<td style=\"width: 57.981%;\">13 kg<\/td>\n<\/tr>\n<\/tbody>\n<\/table>\n","protected":false},"excerpt":{"rendered":"<p>Jed\u00e1lensk\u00e1 stoli\u010dka s ozna\u010den\u00edm HC-X1128\u00a0 pon\u00faka komfortn\u00e9 sedenie v\u010faka vysok\u00e9mu polstrovaniu sed\u00e1ku a operadla potiahnut\u00fdch men\u010destrovou l\u00e1tkou, ktor\u00e1 je pr\u00edjemn\u00e1 na dotyk a \u013eahko sa udr\u017euje. Sed\u00e1k je vybaven\u00fd ta\u0161ti\u010dkov\u00fdmi pru\u017einami, ktor\u00e9 zvy\u0161uj\u00fa pohodlie a prispievaj\u00fa k dlhodobej elasticite. Stoli\u010dka disponuje oto\u010dnou funkciou s mo\u017enos\u0165ou ot\u00e1\u010dania o 180 \u00b0 a vratn\u00fdm mechanizmom reset, ktor\u00fd automaticky&#8230;<\/p>\n","protected":false},"featured_media":125281,"comment_status":"closed","ping_status":"closed","template":"","meta":{"_seopress_robots_primary_cat":"none","_seopress_titles_title":"","_seopress_titles_desc":"","_seopress_robots_index":""},"product_brand":[],"product_cat":[239],"product_tag":[],"class_list":{"0":"post-125273","1":"product","2":"type-product","3":"status-publish","4":"has-post-thumbnail","6":"product_cat-kovove-stolicky","7":"pa_farba-grey2","8":"pa_farba-lan-2","9":"pa_farba-yel2","11":"first","12":"instock","13":"shipping-taxable","14":"purchasable","15":"product-type-variable"},"_links":{"self":[{"href":"https:\/\/nabytoklaguna.sk\/sk\/wp-json\/wp\/v2\/product\/125273","targetHints":{"allow":["GET"]}}],"collection":[{"href":"https:\/\/nabytoklaguna.sk\/sk\/wp-json\/wp\/v2\/product"}],"about":[{"href":"https:\/\/nabytoklaguna.sk\/sk\/wp-json\/wp\/v2\/types\/product"}],"replies":[{"embeddable":true,"href":"https:\/\/nabytoklaguna.sk\/sk\/wp-json\/wp\/v2\/comments?post=125273"}],"wp:featuredmedia":[{"embeddable":true,"href":"https:\/\/nabytoklaguna.sk\/sk\/wp-json\/wp\/v2\/media\/125281"}],"wp:attachment":[{"href":"https:\/\/nabytoklaguna.sk\/sk\/wp-json\/wp\/v2\/media?parent=125273"}],"wp:term":[{"taxonomy":"product_brand","embeddable":true,"href":"https:\/\/nabytoklaguna.sk\/sk\/wp-json\/wp\/v2\/product_brand?post=125273"},{"taxonomy":"product_cat","embeddable":true,"href":"https:\/\/nabytoklaguna.sk\/sk\/wp-json\/wp\/v2\/product_cat?post=125273"},{"taxonomy":"product_tag","embeddable":true,"href":"https:\/\/nabytoklaguna.sk\/sk\/wp-json\/wp\/v2\/product_tag?post=125273"}],"curies":[{"name":"wp","href":"https:\/\/api.w.org\/{rel}","templated":true}]}}