{"id":125287,"date":"2025-11-26T10:41:36","date_gmt":"2025-11-26T09:41:36","guid":{"rendered":"https:\/\/nabytoklaguna.sk\/sk\/?post_type=product&#038;p=125287"},"modified":"2026-04-14T15:14:03","modified_gmt":"2026-04-14T13:14:03","slug":"hc-532","status":"publish","type":"product","link":"https:\/\/nabytoklaguna.sk\/sk\/produkt\/hc-532\/","title":{"rendered":"HC-532"},"content":{"rendered":"<p>Oto\u010dn\u00e9 kreslo <strong>HC-532<\/strong> prin\u00e1\u0161<strong>a modern\u00fd design<\/strong> a maxim\u00e1lne pohodlie do v\u00e1\u0161ho interi\u00e9ru. \u010cal\u00fanenie v hnedom odtieni v kombin\u00e1cii s pre\u0161\u00edvan\u00fdmi detailmi vytv\u00e1ra luxusn\u00fd vzh\u013ead, ktor\u00fd sa skvele hod\u00ed do ob\u00fdvacej izby, pracovne alebo kancel\u00e1rie. <strong>Stabiln\u00e1 kovov\u00e1 podno\u017e<\/strong> v \u010diernej farbe zais\u0165uje pevnos\u0165 a odolnos\u0165, zatia\u013e \u010do oto\u010dn\u00fd mechanizmus umo\u017e\u0148uje flexibiln\u00fd pohyb a komfortn\u00e9 pou\u017e\u00edvanie. Ergonomicky <strong>tvarovan\u00fd sed\u00e1k<\/strong> s podr\u00fa\u010dkami poskytuje vynikaj\u00facu oporu a pohodlie, v\u010faka \u010domu je toto kreslo ide\u00e1lnou vo\u013ebou pre relax\u00e1ciu aj pracovn\u00e9 \u010dinnosti.<\/p>\n<p><strong>Po\u0165ah\u00a0 &#8211; siv\u00e1, hned\u00e1, strieborn\u00e1<\/strong><\/p>\n<p>Nosnos\u0165 je a\u017e 120 kg.<\/p>\n<p>Dod\u00e1van\u00e9 v demonte.<\/p>\n<p>Rozmery: 60 x 62 x 83 x 50cm<\/p>\n<table style=\"width: 100.173%;\">\n<tbody>\n<tr>\n<td class=\"popis\" style=\"width: 42.1053%;\">\u0160\u00edrka (cm):<\/td>\n<td style=\"width: 57.7222%;\">60 cm<\/td>\n<\/tr>\n<tr>\n<td class=\"popis\" style=\"width: 42.1053%;\">H\u013abka (cm):<\/td>\n<td style=\"width: 57.7222%;\">62 cm<\/td>\n<\/tr>\n<tr>\n<td class=\"popis\" style=\"width: 42.1053%;\">V\u00fd\u0161ka (cm):<\/td>\n<td style=\"width: 57.7222%;\">83 cm<\/td>\n<\/tr>\n<tr>\n<td style=\"width: 42.1053%;\">\u0161\u00edrka sedu:<\/td>\n<td style=\"width: 57.7222%;\">39 cm<\/td>\n<\/tr>\n<tr>\n<td style=\"width: 42.1053%;\">v\u00fd\u0161ka sedu:<\/td>\n<td style=\"width: 57.7222%;\">50 cm<\/td>\n<\/tr>\n<tr>\n<td style=\"width: 42.1053%;\">nohy:<\/td>\n<td style=\"width: 57.7222%;\">kov\/ \u010dierny mat<\/td>\n<\/tr>\n<tr>\n<td style=\"width: 42.1053%;\">nosnos\u0165:<\/td>\n<td style=\"width: 57.7222%;\">120 kg<\/td>\n<\/tr>\n<tr>\n<td style=\"width: 42.1053%;\">hmotnos\u0165:<\/td>\n<td style=\"width: 57.7222%;\">10 kg<\/td>\n<\/tr>\n<\/tbody>\n<\/table>\n","protected":false},"excerpt":{"rendered":"<p>Oto\u010dn\u00e9 kreslo HC-532 prin\u00e1\u0161a modern\u00fd design a maxim\u00e1lne pohodlie do v\u00e1\u0161ho interi\u00e9ru. \u010cal\u00fanenie v hnedom odtieni v kombin\u00e1cii s pre\u0161\u00edvan\u00fdmi detailmi vytv\u00e1ra luxusn\u00fd vzh\u013ead, ktor\u00fd sa skvele hod\u00ed do ob\u00fdvacej izby, pracovne alebo kancel\u00e1rie. Stabiln\u00e1 kovov\u00e1 podno\u017e v \u010diernej farbe zais\u0165uje pevnos\u0165 a odolnos\u0165, zatia\u013e \u010do oto\u010dn\u00fd mechanizmus umo\u017e\u0148uje flexibiln\u00fd pohyb a komfortn\u00e9 pou\u017e\u00edvanie. Ergonomicky&#8230;<\/p>\n","protected":false},"featured_media":125293,"comment_status":"closed","ping_status":"closed","template":"","meta":{"_seopress_robots_primary_cat":"none","_seopress_titles_title":"","_seopress_titles_desc":"","_seopress_robots_index":""},"product_brand":[],"product_cat":[239],"product_tag":[],"class_list":{"0":"post-125287","1":"product","2":"type-product","3":"status-publish","4":"has-post-thumbnail","6":"product_cat-kovove-stolicky","7":"pa_farba-grey2","8":"pa_farba-sil2","9":"pa_farba-br2","11":"first","12":"instock","13":"sale","14":"shipping-taxable","15":"purchasable","16":"product-type-variable"},"_links":{"self":[{"href":"https:\/\/nabytoklaguna.sk\/sk\/wp-json\/wp\/v2\/product\/125287","targetHints":{"allow":["GET"]}}],"collection":[{"href":"https:\/\/nabytoklaguna.sk\/sk\/wp-json\/wp\/v2\/product"}],"about":[{"href":"https:\/\/nabytoklaguna.sk\/sk\/wp-json\/wp\/v2\/types\/product"}],"replies":[{"embeddable":true,"href":"https:\/\/nabytoklaguna.sk\/sk\/wp-json\/wp\/v2\/comments?post=125287"}],"wp:featuredmedia":[{"embeddable":true,"href":"https:\/\/nabytoklaguna.sk\/sk\/wp-json\/wp\/v2\/media\/125293"}],"wp:attachment":[{"href":"https:\/\/nabytoklaguna.sk\/sk\/wp-json\/wp\/v2\/media?parent=125287"}],"wp:term":[{"taxonomy":"product_brand","embeddable":true,"href":"https:\/\/nabytoklaguna.sk\/sk\/wp-json\/wp\/v2\/product_brand?post=125287"},{"taxonomy":"product_cat","embeddable":true,"href":"https:\/\/nabytoklaguna.sk\/sk\/wp-json\/wp\/v2\/product_cat?post=125287"},{"taxonomy":"product_tag","embeddable":true,"href":"https:\/\/nabytoklaguna.sk\/sk\/wp-json\/wp\/v2\/product_tag?post=125287"}],"curies":[{"name":"wp","href":"https:\/\/api.w.org\/{rel}","templated":true}]}}