{"id":125301,"date":"2025-11-26T11:48:36","date_gmt":"2025-11-26T10:48:36","guid":{"rendered":"https:\/\/nabytoklaguna.sk\/sk\/?post_type=product&#038;p=125301"},"modified":"2026-04-14T16:32:30","modified_gmt":"2026-04-14T14:32:30","slug":"dch-p3146","status":"publish","type":"product","link":"https:\/\/nabytoklaguna.sk\/sk\/produkt\/dch-p3146\/","title":{"rendered":"DCH-P3146"},"content":{"rendered":"<p>Elegantn\u00e1 jed\u00e1lensk\u00e1 stoli\u010dka <strong>DCH-P3146<\/strong> skvele dopln\u00ed modern\u00e9 aj klasick\u00e9 interi\u00e9ry. T\u00e1to \u0161t\u00fdlov\u00e1 stoli\u010dka pon\u00faka vysok\u00fd komfort v\u010faka \u010dal\u00faneniu z kvalitnej l\u00e1tky a m\u00e4kk\u00e9mu sed\u00e1ku z PU peny. \u010cierne kovov\u00e9 nohy zais\u0165uj\u00fa stabilitu a dod\u00e1vaj\u00fa stoli\u010dke jemn\u00fd industri\u00e1lny n\u00e1dych. Komfortn\u00e9 podr\u00fa\u010dky a ergonomick\u00e9 prevedenie ocen\u00edte pri ka\u017edom poseden\u00ed. Stoli\u010dka sa hod\u00ed nielen do dom\u00e1cej jed\u00e1lne, ale aj do re\u0161taura\u010dn\u00fdch priestorov, kde vytvor\u00ed \u00fatuln\u00fa atmosf\u00e9ru.<\/p>\n<p><strong>Po\u0165ah\u00a0 &#8211; siv\u00e1, strieborn\u00e1, zelen\u00e1 a kr\u00e9mov\u00e1<\/strong><\/p>\n<p>Nosnos\u0165 je a\u017e 120 kg.<\/p>\n<p>Dod\u00e1van\u00e9 v demonte.<\/p>\n<p>Rozmery: 60 x 62 x 86 x 49cm<\/p>\n<table style=\"width: 100.173%; height: 416px;\">\n<tbody>\n<tr style=\"height: 52px;\">\n<td class=\"popis\" style=\"width: 40.9984%; height: 52px;\">\u0160\u00edrka (cm):<\/td>\n<td style=\"width: 58.829%; height: 52px;\">60 cm<\/td>\n<\/tr>\n<tr style=\"height: 52px;\">\n<td class=\"popis\" style=\"width: 40.9984%; height: 52px;\">H\u013abka (cm):<\/td>\n<td style=\"width: 58.829%; height: 52px;\">62 cm<\/td>\n<\/tr>\n<tr style=\"height: 52px;\">\n<td class=\"popis\" style=\"width: 40.9984%; height: 52px;\">V\u00fd\u0161ka (cm):<\/td>\n<td style=\"width: 58.829%; height: 52px;\">86 cm<\/td>\n<\/tr>\n<tr style=\"height: 52px;\">\n<td style=\"width: 40.9984%; height: 52px;\">\u0161\u00edrka sedu:<\/td>\n<td style=\"width: 58.829%; height: 52px;\">60 cm<\/td>\n<\/tr>\n<tr style=\"height: 53px;\">\n<td style=\"width: 40.9984%; height: 53px;\">v\u00fd\u0161ka sedu:<\/td>\n<td style=\"width: 58.829%; height: 53px;\">49 cm<\/td>\n<\/tr>\n<tr style=\"height: 52px;\">\n<td style=\"width: 40.9984%; height: 52px;\">nohy:<\/td>\n<td style=\"width: 58.829%; height: 52px;\">kov\/ \u010dierny mat<\/td>\n<\/tr>\n<tr style=\"height: 52px;\">\n<td style=\"width: 40.9984%; height: 52px;\">nosnos\u0165:<\/td>\n<td style=\"width: 58.829%; height: 52px;\">120 kg<\/td>\n<\/tr>\n<tr style=\"height: 51px;\">\n<td style=\"width: 40.9984%; height: 51px;\">hmotnos\u0165:<\/td>\n<td style=\"width: 58.829%; height: 51px;\">9 kg<\/td>\n<\/tr>\n<\/tbody>\n<\/table>\n","protected":false},"excerpt":{"rendered":"<p>Elegantn\u00e1 jed\u00e1lensk\u00e1 stoli\u010dka DCH-P3146 skvele dopln\u00ed modern\u00e9 aj klasick\u00e9 interi\u00e9ry. T\u00e1to \u0161t\u00fdlov\u00e1 stoli\u010dka pon\u00faka vysok\u00fd komfort v\u010faka \u010dal\u00faneniu z kvalitnej l\u00e1tky a m\u00e4kk\u00e9mu sed\u00e1ku z PU peny. \u010cierne kovov\u00e9 nohy zais\u0165uj\u00fa stabilitu a dod\u00e1vaj\u00fa stoli\u010dke jemn\u00fd industri\u00e1lny n\u00e1dych. Komfortn\u00e9 podr\u00fa\u010dky a ergonomick\u00e9 prevedenie ocen\u00edte pri ka\u017edom poseden\u00ed. Stoli\u010dka sa hod\u00ed nielen do dom\u00e1cej jed\u00e1lne, ale&#8230;<\/p>\n","protected":false},"featured_media":125307,"comment_status":"closed","ping_status":"closed","template":"","meta":{"_seopress_robots_primary_cat":"none","_seopress_titles_title":"","_seopress_titles_desc":"","_seopress_robots_index":""},"product_brand":[],"product_cat":[239],"product_tag":[],"class_list":{"0":"post-125301","1":"product","2":"type-product","3":"status-publish","4":"has-post-thumbnail","6":"product_cat-kovove-stolicky","7":"pa_farba-grey2","8":"pa_farba-sil2","9":"pa_farba-crm2","10":"pa_farba-grn2-zelena","12":"first","13":"instock","14":"sale","15":"shipping-taxable","16":"purchasable","17":"product-type-variable"},"_links":{"self":[{"href":"https:\/\/nabytoklaguna.sk\/sk\/wp-json\/wp\/v2\/product\/125301","targetHints":{"allow":["GET"]}}],"collection":[{"href":"https:\/\/nabytoklaguna.sk\/sk\/wp-json\/wp\/v2\/product"}],"about":[{"href":"https:\/\/nabytoklaguna.sk\/sk\/wp-json\/wp\/v2\/types\/product"}],"replies":[{"embeddable":true,"href":"https:\/\/nabytoklaguna.sk\/sk\/wp-json\/wp\/v2\/comments?post=125301"}],"wp:featuredmedia":[{"embeddable":true,"href":"https:\/\/nabytoklaguna.sk\/sk\/wp-json\/wp\/v2\/media\/125307"}],"wp:attachment":[{"href":"https:\/\/nabytoklaguna.sk\/sk\/wp-json\/wp\/v2\/media?parent=125301"}],"wp:term":[{"taxonomy":"product_brand","embeddable":true,"href":"https:\/\/nabytoklaguna.sk\/sk\/wp-json\/wp\/v2\/product_brand?post=125301"},{"taxonomy":"product_cat","embeddable":true,"href":"https:\/\/nabytoklaguna.sk\/sk\/wp-json\/wp\/v2\/product_cat?post=125301"},{"taxonomy":"product_tag","embeddable":true,"href":"https:\/\/nabytoklaguna.sk\/sk\/wp-json\/wp\/v2\/product_tag?post=125301"}],"curies":[{"name":"wp","href":"https:\/\/api.w.org\/{rel}","templated":true}]}}