{"id":12531,"date":"2021-02-22T16:54:36","date_gmt":"2021-02-22T15:54:36","guid":{"rendered":"http:\/\/nabytoklaguna.sk\/sk\/?post_type=product&#038;p=12531"},"modified":"2025-09-02T13:29:13","modified_gmt":"2025-09-02T11:29:13","slug":"k-vira-mecki","status":"publish","type":"product","link":"https:\/\/nabytoklaguna.sk\/sk\/produkt\/k-vira-mecki\/","title":{"rendered":"K VIRA MECKI"},"content":{"rendered":"<p>Jednoduch\u00e1 predsie\u0148ov\u00e1 zostava <strong>VIRA MECKI<\/strong> je vyroben\u00e1 z kvalitnej laminovanej DTD. Predsie\u0148 je vo farebnom preveden\u00ed dub sonoma\/biela. Komplet predsie\u0148 obsahuje policov\u00fa skri\u0148u, ve\u0161iakov\u00fd panel s h\u00e1\u010dikmi a zrkadlom a botn\u00edk s vyv\u00fd\u0161enou z\u00e1suvkou.<\/p>\n<p>Komponenty je mo\u017en\u00e9 zak\u00fapi\u0165 aj jednotlivo<\/p>\n<ul>\n<li>Skri\u0148a policov\u00e1, cena<strong> 95 EUR<\/strong><\/li>\n<li>Ve\u0161iakov\u00e1 zostava,cena <strong>115\u00a0EUR<\/strong><\/li>\n<\/ul>\n<p>ROZMER:<\/p>\n<p><strong>Predsie\u0148ov\u00e1 zostava:<br \/>\n<\/strong>\u0160\u00edrka: 155 cm<br \/>\nH\u013abka: 26 cm<br \/>\nV\u00fd\u0161ka: 190cm<\/p>\n<p><strong>Skri\u0148a:<br \/>\n<\/strong>\u0160\u00edrka: 55 cm<br \/>\nH\u013abka: 26 cm<br \/>\nV\u00fd\u0161ka: 190cm<\/p>\n<p><strong>Ve\u0161iakov\u00e1 zostava:<br \/>\n<\/strong>\u0160\u00edrka: 100 cm<br \/>\nH\u013abka: 26 cm<br \/>\nV\u00fd\u0161ka: 190 cm<\/p>\n","protected":false},"excerpt":{"rendered":"<p>Jednoduch\u00e1 predsie\u0148ov\u00e1 zostava VIRA MECKI je vyroben\u00e1 z kvalitnej laminovanej DTD. Predsie\u0148 je vo farebnom preveden\u00ed dub sonoma\/biela. Komplet predsie\u0148 obsahuje policov\u00fa skri\u0148u, ve\u0161iakov\u00fd panel s h\u00e1\u010dikmi a zrkadlom a botn\u00edk s vyv\u00fd\u0161enou z\u00e1suvkou. Komponenty je mo\u017en\u00e9 zak\u00fapi\u0165 aj jednotlivo Skri\u0148a policov\u00e1, cena 95 EUR Ve\u0161iakov\u00e1 zostava,cena 115\u00a0EUR ROZMER: Predsie\u0148ov\u00e1 zostava: \u0160\u00edrka: 155 cm H\u013abka:&#8230;<\/p>\n","protected":false},"featured_media":63638,"comment_status":"closed","ping_status":"closed","template":"","meta":{"_seopress_robots_primary_cat":"2139","_seopress_titles_title":"","_seopress_titles_desc":"","_seopress_robots_index":""},"product_brand":[],"product_cat":[2139,6943,257],"product_tag":[],"class_list":{"0":"post-12531","1":"product","2":"type-product","3":"status-publish","4":"has-post-thumbnail","6":"product_cat-predsiene-predsiene","7":"product_cat-predsiene-zostavy","8":"product_cat-predsiene","9":"pa_typ-produktu-skrina-policova","10":"pa_typ-produktu-vesiakova-zostava","11":"pa_typ-produktu-vira-mecki-komplet","13":"first","14":"onbackorder","15":"shipping-taxable","16":"purchasable","17":"product-type-variable"},"_links":{"self":[{"href":"https:\/\/nabytoklaguna.sk\/sk\/wp-json\/wp\/v2\/product\/12531","targetHints":{"allow":["GET"]}}],"collection":[{"href":"https:\/\/nabytoklaguna.sk\/sk\/wp-json\/wp\/v2\/product"}],"about":[{"href":"https:\/\/nabytoklaguna.sk\/sk\/wp-json\/wp\/v2\/types\/product"}],"replies":[{"embeddable":true,"href":"https:\/\/nabytoklaguna.sk\/sk\/wp-json\/wp\/v2\/comments?post=12531"}],"wp:featuredmedia":[{"embeddable":true,"href":"https:\/\/nabytoklaguna.sk\/sk\/wp-json\/wp\/v2\/media\/63638"}],"wp:attachment":[{"href":"https:\/\/nabytoklaguna.sk\/sk\/wp-json\/wp\/v2\/media?parent=12531"}],"wp:term":[{"taxonomy":"product_brand","embeddable":true,"href":"https:\/\/nabytoklaguna.sk\/sk\/wp-json\/wp\/v2\/product_brand?post=12531"},{"taxonomy":"product_cat","embeddable":true,"href":"https:\/\/nabytoklaguna.sk\/sk\/wp-json\/wp\/v2\/product_cat?post=12531"},{"taxonomy":"product_tag","embeddable":true,"href":"https:\/\/nabytoklaguna.sk\/sk\/wp-json\/wp\/v2\/product_tag?post=12531"}],"curies":[{"name":"wp","href":"https:\/\/api.w.org\/{rel}","templated":true}]}}